{"id":4581443,"date":"2026-02-03T16:08:06","date_gmt":"2026-02-03T15:08:06","guid":{"rendered":"https:\/\/fabijan.si\/ersatzteile\/enos\/"},"modified":"2026-02-03T16:08:06","modified_gmt":"2026-02-03T15:08:06","slug":"enos","status":"publish","type":"page","link":"https:\/\/fabijan.si\/de\/ersatzteile\/enos\/","title":{"rendered":"enos"},"content":{"rendered":"<div class=\"breadcrumb-container\"><span><br \/>\n<a href=\"https:\/\/fabijan.si\/de\/\">Zuhause<\/a> | <a href=\"https:\/\/fabijan.si\/de\/ersatzteile\/\">Ersatzteile<\/a><\/span>\n<\/div>\n<div class=\"category-title\" style=\"display: flex; justify-content: center;\">\n<h2>ENOS<\/h2>\n<\/div>\n<div class=\"mygallery\">\n<div class=\"row\">\n<div class=\"col-sm-3 galleryitem\">\n     <!-- order:2 --><\/p>\n<div class=\"one-item\">\n       <img decoding=\"async\" src=\"https:\/\/fabijan.si\/wp-content\/uploads\/2021\/04\/Trgovina_foto-izdelka-ni-na-voljo.jpg\" srcset=\" https:\/\/fabijan.si\/wp-content\/uploads\/2021\/04\/Trgovina_foto-izdelka-ni-na-voljo.jpg 300w, https:\/\/fabijan.si\/wp-content\/uploads\/2021\/04\/Trgovina_foto-izdelka-ni-na-voljo.jpg 150w \" \/><\/p>\n<h4><\/h4>\n<p>       <button onclick=\"window.location.href='enos-senzor-etiket-s-kablom' \"type=\"button\">Weiterlesen<\/button>\n    <\/div>\n<\/p><\/div>\n<div class=\"col-sm-3 galleryitem\">\n     <!-- order:3 --><\/p>\n<div class=\"one-item\">\n       <img decoding=\"async\" src=\"https:\/\/fabijan.si\/wp-content\/uploads\/site-content\/00034778.jpg\" srcset=\" https:\/\/fabijan.si\/wp-content\/uploads\/site-content\/00034778.jpg 300w, https:\/\/fabijan.si\/wp-content\/uploads\/site-content\/00034778.jpg 150w \" \/><\/p>\n<h4>Schalter f\u00fcr Etikettenzentrierung RED FOV10-DIS318<\/h4>\n<p>       <button onclick=\"window.location.href='schalter-fur-etikettenzentrierung-red-fov10-dis318' \"type=\"button\">Weiterlesen<\/button>\n    <\/div>\n<\/p><\/div>\n<div class=\"col-sm-3 galleryitem\">\n     <!-- order:4 --><\/p>\n<div class=\"one-item\">\n       <img decoding=\"async\" src=\"https:\/\/fabijan.si\/wp-content\/uploads\/site-content\/00005494.jpg\" srcset=\" https:\/\/fabijan.si\/wp-content\/uploads\/site-content\/00005494.jpg 300w, https:\/\/fabijan.si\/wp-content\/uploads\/site-content\/00005494.jpg 150w \" \/><\/p>\n<h4>Band f\u00fcr Etikettendrucker f\u00fcr DATA 3 cm<\/h4>\n<p>       <button onclick=\"window.location.href='band-fur-etikettendrucker-fur-data-3-cm' \"type=\"button\">Weiterlesen<\/button>\n    <\/div>\n<\/p><\/div>\n<div class=\"col-sm-3 galleryitem\">\n     <!-- order:5 --><\/p>\n<div class=\"one-item\">\n       <img decoding=\"async\" src=\"https:\/\/fabijan.si\/wp-content\/uploads\/site-content\/00033418.jpg\" srcset=\" https:\/\/fabijan.si\/wp-content\/uploads\/site-content\/00033418.jpg 300w, https:\/\/fabijan.si\/wp-content\/uploads\/site-content\/00033418.jpg 150w \" \/><\/p>\n<h4>Elektromotor ENOS<\/h4>\n<p>       <button onclick=\"window.location.href='elektromotor-enos' \"type=\"button\">Weiterlesen<\/button>\n    <\/div>\n<\/p><\/div>\n<\/div>\n<div class=\"row\">\n<div class=\"col-sm-3 galleryitem\">\n     <!-- order:6 --><\/p>\n<div class=\"one-item\">\n       <img decoding=\"async\" src=\"https:\/\/fabijan.si\/wp-content\/uploads\/site-content\/00009264.jpg\" srcset=\" https:\/\/fabijan.si\/wp-content\/uploads\/site-content\/00009264.jpg 300w, https:\/\/fabijan.si\/wp-content\/uploads\/site-content\/00009264.jpg 150w \" \/><\/p>\n<h4>Antriebswalze &#8211; gro\u00df<\/h4>\n<p>       <button onclick=\"window.location.href='antriebswalze-gross' \"type=\"button\">Weiterlesen<\/button>\n    <\/div>\n<\/p><\/div>\n<div class=\"col-sm-3 galleryitem\">\n     <!-- order:7 --><\/p>\n<div class=\"one-item\">\n       <img decoding=\"async\" src=\"https:\/\/fabijan.si\/wp-content\/uploads\/site-content\/00009265.jpg\" srcset=\" https:\/\/fabijan.si\/wp-content\/uploads\/site-content\/00009265.jpg 300w, https:\/\/fabijan.si\/wp-content\/uploads\/site-content\/00009265.jpg 150w \" \/><\/p>\n<h4>Gummiwalze Enos H=130mm, fi 50mm<\/h4>\n<p>       <button onclick=\"window.location.href='gummiwalze-enos-h130mm-fi-50mm' \"type=\"button\">Weiterlesen<\/button>\n    <\/div>\n<\/p><\/div>\n<div class=\"col-sm-3 galleryitem\">\n     <!-- order:8 --><\/p>\n<div class=\"one-item\">\n       <img decoding=\"async\" src=\"https:\/\/fabijan.si\/wp-content\/uploads\/site-content\/00009268.jpg\" srcset=\" https:\/\/fabijan.si\/wp-content\/uploads\/site-content\/00009268.jpg 300w, https:\/\/fabijan.si\/wp-content\/uploads\/site-content\/00009268.jpg 150w \" \/><\/p>\n<h4>Gummiwalze f\u00fcr Etikette<\/h4>\n<p>       <button onclick=\"window.location.href='gummiwalze-fur-etikette' \"type=\"button\">Weiterlesen<\/button>\n    <\/div>\n<\/p><\/div>\n<div class=\"col-sm-3 galleryitem\">\n     <!-- order:9 --><\/p>\n<div class=\"one-item\">\n       <img decoding=\"async\" src=\"https:\/\/fabijan.si\/wp-content\/uploads\/site-content\/00034518.jpg\" srcset=\" https:\/\/fabijan.si\/wp-content\/uploads\/site-content\/00034518.jpg 300w, https:\/\/fabijan.si\/wp-content\/uploads\/site-content\/00034518.jpg 150w \" \/><\/p>\n<h4>Gummirolle H=220mm<\/h4>\n<p>       <button onclick=\"window.location.href='gummirolle-h220mm' \"type=\"button\">Weiterlesen<\/button>\n    <\/div>\n<\/p><\/div>\n<\/div>\n<div class=\"row\">\n<div class=\"col-sm-3 galleryitem\">\n     <!-- order:10 --><\/p>\n<div class=\"one-item\">\n       <img decoding=\"async\" src=\"https:\/\/fabijan.si\/wp-content\/uploads\/site-content\/00039952.jpg\" srcset=\" https:\/\/fabijan.si\/wp-content\/uploads\/site-content\/00039952.jpg 300w, https:\/\/fabijan.si\/wp-content\/uploads\/site-content\/00039952.jpg 150w \" \/><\/p>\n<h4><\/h4>\n<p>       <button onclick=\"window.location.href='enos-guma-valja-fi-50-x-fi-35-mm-h210-mm' \"type=\"button\">Weiterlesen<\/button>\n    <\/div>\n<\/p><\/div>\n<div class=\"col-sm-3 galleryitem\">\n     <!-- order:11 --><\/p>\n<div class=\"one-item\">\n       <img decoding=\"async\" src=\"https:\/\/fabijan.si\/wp-content\/uploads\/site-content\/00033419.jpg\" srcset=\" https:\/\/fabijan.si\/wp-content\/uploads\/site-content\/00033419.jpg 300w, https:\/\/fabijan.si\/wp-content\/uploads\/site-content\/00033419.jpg 150w \" \/><\/p>\n<h4><\/h4>\n<p>       <button onclick=\"window.location.href='enos-gumi-valj-kpl-mali-h130x55-za-base' \"type=\"button\">Weiterlesen<\/button>\n    <\/div>\n<\/p><\/div>\n<div class=\"col-sm-3 galleryitem\">\n     <!-- order:12 --><\/p>\n<div class=\"one-item\">\n       <img decoding=\"async\" src=\"https:\/\/fabijan.si\/wp-content\/uploads\/site-content\/00033421.jpg\" srcset=\" https:\/\/fabijan.si\/wp-content\/uploads\/site-content\/00033421.jpg 300w, https:\/\/fabijan.si\/wp-content\/uploads\/site-content\/00033421.jpg 150w \" \/><\/p>\n<h4><\/h4>\n<p>       <button onclick=\"window.location.href='enos-gumi-valj-kpl-veliki-h160-x-fi110-mm-za-base' \"type=\"button\">Weiterlesen<\/button>\n    <\/div>\n<\/p><\/div>\n<div class=\"col-sm-3 galleryitem\">\n     <!-- order:13 --><\/p>\n<div class=\"one-item\">\n       <img decoding=\"async\" src=\"https:\/\/fabijan.si\/wp-content\/uploads\/site-content\/00001042.jpg\" srcset=\" https:\/\/fabijan.si\/wp-content\/uploads\/site-content\/00001042.jpg 300w, https:\/\/fabijan.si\/wp-content\/uploads\/site-content\/00001042.jpg 150w \" \/><\/p>\n<h4>Nummer f\u00fcr Dr\u00fccker<\/h4>\n<p>       <button onclick=\"window.location.href='nummer-fur-drucker' \"type=\"button\">Weiterlesen<\/button>\n    <\/div>\n<\/p><\/div>\n<\/div>\n<div class=\"row\">\n<div class=\"col-sm-3 galleryitem\">\n     <!-- order:14 --><\/p>\n<div class=\"one-item\">\n       <img decoding=\"async\" src=\"https:\/\/fabijan.si\/wp-content\/uploads\/site-content\/00033597.jpg\" srcset=\" https:\/\/fabijan.si\/wp-content\/uploads\/site-content\/00033597.jpg 300w, https:\/\/fabijan.si\/wp-content\/uploads\/site-content\/00033597.jpg 150w \" \/><\/p>\n<h4>Antriebsriemen Enos<\/h4>\n<p>       <button onclick=\"window.location.href='antriebsriemen-enos' \"type=\"button\">Weiterlesen<\/button>\n    <\/div>\n<\/p><\/div>\n<div class=\"col-sm-3 galleryitem\">\n     <!-- order:15 --><\/p>\n<div class=\"one-item\">\n       <img decoding=\"async\" src=\"https:\/\/fabijan.si\/wp-content\/uploads\/site-content\/00009279.jpg\" srcset=\" https:\/\/fabijan.si\/wp-content\/uploads\/site-content\/00009279.jpg 300w, https:\/\/fabijan.si\/wp-content\/uploads\/site-content\/00009279.jpg 150w \" \/><\/p>\n<h4>Schalter f\u00fcr Etikettenzentrierung<\/h4>\n<p>       <button onclick=\"window.location.href='schalter-fur-etikettenzentrierung' \"type=\"button\">Weiterlesen<\/button>\n    <\/div>\n<\/p><\/div>\n<div class=\"col-sm-3 galleryitem\">\n     <!-- order:16 --><\/p>\n<div class=\"one-item\">\n       <img decoding=\"async\" src=\"https:\/\/fabijan.si\/wp-content\/uploads\/site-content\/00001055.jpg\" srcset=\" https:\/\/fabijan.si\/wp-content\/uploads\/site-content\/00001055.jpg 300w, https:\/\/fabijan.si\/wp-content\/uploads\/site-content\/00001055.jpg 150w \" \/><\/p>\n<h4>Schanierbandkette Kunststoff 82,5mm f\u00fcr Etikettiermaschine<\/h4>\n<p>       <button onclick=\"window.location.href='schanierbandkette-kunststoff-825mm-fur-etikettiermaschine' \"type=\"button\">Weiterlesen<\/button>\n    <\/div>\n<\/p><\/div>\n<div class=\"col-sm-3 galleryitem\">\n     <!-- order:17 --><\/p>\n<div class=\"one-item\">\n       <img decoding=\"async\" src=\"https:\/\/fabijan.si\/wp-content\/uploads\/site-content\/00007323.jpg\" srcset=\" https:\/\/fabijan.si\/wp-content\/uploads\/site-content\/00007323.jpg 300w, https:\/\/fabijan.si\/wp-content\/uploads\/site-content\/00007323.jpg 150w \" \/><\/p>\n<h4>Fotozelle f\u00fcr Ausl\u00f6sung der Etiketten<\/h4>\n<p>       <button onclick=\"window.location.href='fotozelle-fur-auslosung-der-etiketten' \"type=\"button\">Weiterlesen<\/button>\n    <\/div>\n<\/p><\/div>\n<\/div>\n<div class=\"row\">\n<div class=\"col-sm-3 galleryitem\">\n     <!-- order:18 --><\/p>\n<div class=\"one-item\">\n       <img decoding=\"async\" src=\"https:\/\/fabijan.si\/wp-content\/uploads\/site-content\/00001060_1.jpg\" srcset=\" https:\/\/fabijan.si\/wp-content\/uploads\/site-content\/00001060_1.jpg 300w, https:\/\/fabijan.si\/wp-content\/uploads\/site-content\/00001060_1.jpg 150w \" \/><\/p>\n<h4>Keramikst\u00fcck f\u00fcr Thermokopf<\/h4>\n<p>       <button onclick=\"window.location.href='keramikstuck-fur-thermokopf' \"type=\"button\">Weiterlesen<\/button>\n    <\/div>\n<\/p><\/div>\n<div class=\"col-sm-3 galleryitem\">\n     <!-- order:19 --><\/p>\n<div class=\"one-item\">\n       <img decoding=\"async\" src=\"https:\/\/fabijan.si\/wp-content\/uploads\/site-content\/00023640.jpg\" srcset=\" https:\/\/fabijan.si\/wp-content\/uploads\/site-content\/00023640.jpg 300w, https:\/\/fabijan.si\/wp-content\/uploads\/site-content\/00023640.jpg 150w \" \/><\/p>\n<h4><\/h4>\n<p>       <button onclick=\"window.location.href='enos-konektor-s-kablom-3m-za-fotocelico' \"type=\"button\">Weiterlesen<\/button>\n    <\/div>\n<\/p><\/div>\n<div class=\"col-sm-3 galleryitem\">\n     <!-- order:20 --><\/p>\n<div class=\"one-item\">\n       <img decoding=\"async\" src=\"https:\/\/fabijan.si\/wp-content\/uploads\/site-content\/00009280.jpg\" srcset=\" https:\/\/fabijan.si\/wp-content\/uploads\/site-content\/00009280.jpg 300w, https:\/\/fabijan.si\/wp-content\/uploads\/site-content\/00009280.jpg 150w \" \/><\/p>\n<h4>Etikettenausl\u00f6ser Enos<\/h4>\n<p>       <button onclick=\"window.location.href='etikettenausloser-enos' \"type=\"button\">Weiterlesen<\/button>\n    <\/div>\n<\/p><\/div>\n<div class=\"col-sm-3 galleryitem\">\n     <!-- order:21 --><\/p>\n<div class=\"one-item\">\n       <img decoding=\"async\" src=\"https:\/\/fabijan.si\/wp-content\/uploads\/site-content\/00009271.jpg\" srcset=\" https:\/\/fabijan.si\/wp-content\/uploads\/site-content\/00009271.jpg 300w, https:\/\/fabijan.si\/wp-content\/uploads\/site-content\/00009271.jpg 150w \" \/><\/p>\n<h4>Elektromagnet Ventil 1\/8&#8243; Enos<\/h4>\n<p>       <button onclick=\"window.location.href='elektromagnet-ventil-1-8-enos' \"type=\"button\">Weiterlesen<\/button>\n    <\/div>\n<\/p><\/div>\n<\/div>\n<div class=\"row\">\n<div class=\"col-sm-3 galleryitem\">\n     <!-- order:22 --><\/p>\n<div class=\"one-item\">\n       <img decoding=\"async\" src=\"https:\/\/fabijan.si\/wp-content\/uploads\/site-content\/00044330.jpg\" srcset=\" https:\/\/fabijan.si\/wp-content\/uploads\/site-content\/00044330.jpg 300w, https:\/\/fabijan.si\/wp-content\/uploads\/site-content\/00044330.jpg 150w \" \/><\/p>\n<h4>B\u00fcrste Enos<\/h4>\n<p>       <button onclick=\"window.location.href='burste-enos' \"type=\"button\">Weiterlesen<\/button>\n    <\/div>\n<\/p><\/div>\n<div class=\"col-sm-3 galleryitem\">\n     <!-- order:23 --><\/p>\n<div class=\"one-item\">\n       <img decoding=\"async\" src=\"https:\/\/fabijan.si\/wp-content\/uploads\/site-content\/00011528.jpg\" srcset=\" https:\/\/fabijan.si\/wp-content\/uploads\/site-content\/00011528.jpg 300w, https:\/\/fabijan.si\/wp-content\/uploads\/site-content\/00011528.jpg 150w \" \/><\/p>\n<h4>Heizspirale zu Enos Thermokopf<\/h4>\n<p>       <button onclick=\"window.location.href='heizspirale-zu-enos-thermokopf' \"type=\"button\">Weiterlesen<\/button>\n    <\/div>\n<\/p><\/div>\n<div class=\"col-sm-3 galleryitem\">\n     <!-- order:24 --><\/p>\n<div class=\"one-item\">\n       <img decoding=\"async\" src=\"https:\/\/fabijan.si\/wp-content\/uploads\/site-content\/00027112.jpg\" srcset=\" https:\/\/fabijan.si\/wp-content\/uploads\/site-content\/00027112.jpg 300w, https:\/\/fabijan.si\/wp-content\/uploads\/site-content\/00027112.jpg 150w \" \/><\/p>\n<h4>Elektronik zu Etikettiermaschine Enos Base<\/h4>\n<p>       <button onclick=\"window.location.href='elektronik-zu-etikettiermaschine-enos-base' \"type=\"button\">Weiterlesen<\/button>\n    <\/div>\n<\/p><\/div>\n<div class=\"col-sm-3 galleryitem\">\n     <!-- order:25 --><\/p>\n<div class=\"one-item\">\n       <img decoding=\"async\" src=\"https:\/\/fabijan.si\/wp-content\/uploads\/site-content\/00053800.jpg\" srcset=\" https:\/\/fabijan.si\/wp-content\/uploads\/site-content\/00053800.jpg 300w, https:\/\/fabijan.si\/wp-content\/uploads\/site-content\/00053800.jpg 150w \" \/><\/p>\n<h4>Enos-Elektronik f\u00fcr SPEEDY<\/h4>\n<p>       <button onclick=\"window.location.href='enos-elektronik-fur-speedy' \"type=\"button\">Weiterlesen<\/button>\n    <\/div>\n<\/p><\/div>\n<\/div>\n<\/div>\n","protected":false},"excerpt":{"rendered":"<p>Zuhause | Ersatzteile ENOS Weiterlesen Schalter f\u00fcr Etikettenzentrierung RED FOV10-DIS318 Weiterlesen Band f\u00fcr Etikettendrucker f\u00fcr DATA 3 cm Weiterlesen Elektromotor ENOS Weiterlesen Antriebswalze &#8211; gro\u00df Weiterlesen Gummiwalze Enos H=130mm, fi 50mm Weiterlesen Gummiwalze f\u00fcr Etikette Weiterlesen Gummirolle H=220mm Weiterlesen Weiterlesen Weiterlesen Weiterlesen Nummer f\u00fcr Dr\u00fccker Weiterlesen Antriebsriemen Enos Weiterlesen Schalter f\u00fcr Etikettenzentrierung Weiterlesen Schanierbandkette Kunststoff [&hellip;]<\/p>\n","protected":false},"author":1,"featured_media":0,"parent":4580480,"menu_order":0,"comment_status":"closed","ping_status":"closed","template":"elementor_theme","meta":{"footnotes":""},"class_list":["post-4581443","page","type-page","status-publish","hentry"],"_links":{"self":[{"href":"https:\/\/fabijan.si\/de\/wp-json\/wp\/v2\/pages\/4581443","targetHints":{"allow":["GET"]}}],"collection":[{"href":"https:\/\/fabijan.si\/de\/wp-json\/wp\/v2\/pages"}],"about":[{"href":"https:\/\/fabijan.si\/de\/wp-json\/wp\/v2\/types\/page"}],"author":[{"embeddable":true,"href":"https:\/\/fabijan.si\/de\/wp-json\/wp\/v2\/users\/1"}],"replies":[{"embeddable":true,"href":"https:\/\/fabijan.si\/de\/wp-json\/wp\/v2\/comments?post=4581443"}],"version-history":[{"count":0,"href":"https:\/\/fabijan.si\/de\/wp-json\/wp\/v2\/pages\/4581443\/revisions"}],"up":[{"embeddable":true,"href":"https:\/\/fabijan.si\/de\/wp-json\/wp\/v2\/pages\/4580480"}],"wp:attachment":[{"href":"https:\/\/fabijan.si\/de\/wp-json\/wp\/v2\/media?parent=4581443"}],"curies":[{"name":"wp","href":"https:\/\/api.w.org\/{rel}","templated":true}]}}