{"id":4581518,"date":"2026-02-03T16:08:29","date_gmt":"2026-02-03T15:08:29","guid":{"rendered":"https:\/\/fabijan.si\/ersatzteile\/bcm-enologia-s-r-l\/"},"modified":"2026-02-03T16:08:29","modified_gmt":"2026-02-03T15:08:29","slug":"bcm-enologia-s-r-l","status":"publish","type":"page","link":"https:\/\/fabijan.si\/de\/ersatzteile\/bcm-enologia-s-r-l\/","title":{"rendered":"bcm-enologia-s-r-l-"},"content":{"rendered":"<div class=\"breadcrumb-container\"><span><br \/>\n<a href=\"https:\/\/fabijan.si\/de\/\">Zuhause<\/a> | <a href=\"https:\/\/fabijan.si\/de\/ersatzteile\/\">Ersatzteile<\/a><\/span>\n<\/div>\n<div class=\"category-title\" style=\"display: flex; justify-content: center;\">\n<h2>BCM ENOLOGIA S.r.l.<\/h2>\n<\/div>\n<div class=\"mygallery\">\n<div class=\"row\">\n<div class=\"col-sm-3 galleryitem\">\n     <!-- order:1 --><\/p>\n<div class=\"one-item\">\n       <img decoding=\"async\" src=\"https:\/\/fabijan.si\/wp-content\/uploads\/site-content\/00001025.jpg\" srcset=\" https:\/\/fabijan.si\/wp-content\/uploads\/site-content\/00001025.jpg 300w, https:\/\/fabijan.si\/wp-content\/uploads\/site-content\/00001025.jpg 150w \" \/><\/p>\n<h4>Impeller f\u00fcr BCM 30<\/h4>\n<p>       <button onclick=\"window.location.href='impeller-fur-bcm-30' \"type=\"button\">Weiterlesen<\/button>\n    <\/div>\n<\/p><\/div>\n<div class=\"col-sm-3 galleryitem\">\n     <!-- order:2 --><\/p>\n<div class=\"one-item\">\n       <img decoding=\"async\" src=\"https:\/\/fabijan.si\/wp-content\/uploads\/site-content\/00001025.jpg\" srcset=\" https:\/\/fabijan.si\/wp-content\/uploads\/site-content\/00001025.jpg 300w, https:\/\/fabijan.si\/wp-content\/uploads\/site-content\/00001025.jpg 150w \" \/><\/p>\n<h4>Impeller f\u00fcr BCM 30 \u00d6LBESTEND.<\/h4>\n<p>       <button onclick=\"window.location.href='impeller-fur-bcm-30-olbestend-' \"type=\"button\">Weiterlesen<\/button>\n    <\/div>\n<\/p><\/div>\n<div class=\"col-sm-3 galleryitem\">\n     <!-- order:3 --><\/p>\n<div class=\"one-item\">\n       <img decoding=\"async\" src=\"https:\/\/fabijan.si\/wp-content\/uploads\/site-content\/00011045.jpg\" srcset=\" https:\/\/fabijan.si\/wp-content\/uploads\/site-content\/00011045.jpg 300w, https:\/\/fabijan.si\/wp-content\/uploads\/site-content\/00011045.jpg 150w \" \/><\/p>\n<h4>Dichtungsset f\u00fcr BCM 30<\/h4>\n<p>       <button onclick=\"window.location.href='dichtungsset-fur-bcm-30' \"type=\"button\">Weiterlesen<\/button>\n    <\/div>\n<\/p><\/div>\n<div class=\"col-sm-3 galleryitem\">\n     <!-- order:4 --><\/p>\n<div class=\"one-item\">\n       <img decoding=\"async\" src=\"https:\/\/fabijan.si\/wp-content\/uploads\/site-content\/00001026.jpg\" srcset=\" https:\/\/fabijan.si\/wp-content\/uploads\/site-content\/00001026.jpg 300w, https:\/\/fabijan.si\/wp-content\/uploads\/site-content\/00001026.jpg 150w \" \/><\/p>\n<h4>Impeller f\u00fcr BCM 40<\/h4>\n<p>       <button onclick=\"window.location.href='impeller-fur-bcm-40' \"type=\"button\">Weiterlesen<\/button>\n    <\/div>\n<\/p><\/div>\n<\/div>\n<div class=\"row\">\n<div class=\"col-sm-3 galleryitem\">\n     <!-- order:5 --><\/p>\n<div class=\"one-item\">\n       <img decoding=\"async\" src=\"https:\/\/fabijan.si\/wp-content\/uploads\/site-content\/00001026.jpg\" srcset=\" https:\/\/fabijan.si\/wp-content\/uploads\/site-content\/00001026.jpg 300w, https:\/\/fabijan.si\/wp-content\/uploads\/site-content\/00001026.jpg 150w \" \/><\/p>\n<h4>Impeller f\u00fcr BCM 40 \u00d6LBESTEND.<\/h4>\n<p>       <button onclick=\"window.location.href='impeller-fur-bcm-40-olbestend-' \"type=\"button\">Weiterlesen<\/button>\n    <\/div>\n<\/p><\/div>\n<div class=\"col-sm-3 galleryitem\">\n     <!-- order:6 --><\/p>\n<div class=\"one-item\">\n       <img decoding=\"async\" src=\"https:\/\/fabijan.si\/wp-content\/uploads\/site-content\/00011046.jpg\" srcset=\" https:\/\/fabijan.si\/wp-content\/uploads\/site-content\/00011046.jpg 300w, https:\/\/fabijan.si\/wp-content\/uploads\/site-content\/00011046.jpg 150w \" \/><\/p>\n<h4>Dichtungsset f\u00fcr BCM 40<\/h4>\n<p>       <button onclick=\"window.location.href='dichtungsset-fur-bcm-40' \"type=\"button\">Weiterlesen<\/button>\n    <\/div>\n<\/p><\/div>\n<div class=\"col-sm-3 galleryitem\">\n     <!-- order:7 --><\/p>\n<div class=\"one-item\">\n       <img decoding=\"async\" src=\"https:\/\/fabijan.si\/wp-content\/uploads\/site-content\/00001021.jpg\" srcset=\" https:\/\/fabijan.si\/wp-content\/uploads\/site-content\/00001021.jpg 300w, https:\/\/fabijan.si\/wp-content\/uploads\/site-content\/00001021.jpg 150w \" \/><\/p>\n<h4>Impeller f\u00fcr BCM 50<\/h4>\n<p>       <button onclick=\"window.location.href='impeller-fur-bcm-50' \"type=\"button\">Weiterlesen<\/button>\n    <\/div>\n<\/p><\/div>\n<div class=\"col-sm-3 galleryitem\">\n     <!-- order:8 --><\/p>\n<div class=\"one-item\">\n       <img decoding=\"async\" src=\"https:\/\/fabijan.si\/wp-content\/uploads\/site-content\/00001022.jpg\" srcset=\" https:\/\/fabijan.si\/wp-content\/uploads\/site-content\/00001022.jpg 300w, https:\/\/fabijan.si\/wp-content\/uploads\/site-content\/00001022.jpg 150w \" \/><\/p>\n<h4>Impeller f\u00fcr BCM 60<\/h4>\n<p>       <button onclick=\"window.location.href='impeller-fur-bcm-60' \"type=\"button\">Weiterlesen<\/button>\n    <\/div>\n<\/p><\/div>\n<\/div>\n<div class=\"row\">\n<div class=\"col-sm-3 galleryitem\">\n     <!-- order:9 --><\/p>\n<div class=\"one-item\">\n       <img decoding=\"async\" src=\"https:\/\/fabijan.si\/wp-content\/uploads\/site-content\/00001022.jpg\" srcset=\" https:\/\/fabijan.si\/wp-content\/uploads\/site-content\/00001022.jpg 300w, https:\/\/fabijan.si\/wp-content\/uploads\/site-content\/00001022.jpg 150w \" \/><\/p>\n<h4>Impeller f\u00fcr BCM 60 \u00d6LBESTEND.<\/h4>\n<p>       <button onclick=\"window.location.href='impeller-fur-bcm-60-olbestend-' \"type=\"button\">Weiterlesen<\/button>\n    <\/div>\n<\/p><\/div>\n<div class=\"col-sm-3 galleryitem\">\n     <!-- order:10 --><\/p>\n<div class=\"one-item\">\n       <img decoding=\"async\" src=\"https:\/\/fabijan.si\/wp-content\/uploads\/site-content\/00011047.jpg\" srcset=\" https:\/\/fabijan.si\/wp-content\/uploads\/site-content\/00011047.jpg 300w, https:\/\/fabijan.si\/wp-content\/uploads\/site-content\/00011047.jpg 150w \" \/><\/p>\n<h4>Dichtungsset f\u00fcr BCM 60\/70<\/h4>\n<p>       <button onclick=\"window.location.href='dichtungsset-fur-bcm-60-70' \"type=\"button\">Weiterlesen<\/button>\n    <\/div>\n<\/p><\/div>\n<div class=\"col-sm-3 galleryitem\">\n     <!-- order:11 --><\/p>\n<div class=\"one-item\">\n       <img decoding=\"async\" src=\"https:\/\/fabijan.si\/wp-content\/uploads\/site-content\/00011043.jpg\" srcset=\" https:\/\/fabijan.si\/wp-content\/uploads\/site-content\/00011043.jpg 300w, https:\/\/fabijan.si\/wp-content\/uploads\/site-content\/00011043.jpg 150w \" \/><\/p>\n<h4>Schalter f\u00fcr Pumpe BCM 30\/40 220V<\/h4>\n<p>       <button onclick=\"window.location.href='schalter-fur-pumpe-bcm-30-40-220v' \"type=\"button\">Weiterlesen<\/button>\n    <\/div>\n<\/p><\/div>\n<div class=\"col-sm-3 galleryitem\">\n     <!-- order:12 --><\/p>\n<div class=\"one-item\">\n       <img decoding=\"async\" src=\"https:\/\/fabijan.si\/wp-content\/uploads\/site-content\/00011044.jpg\" srcset=\" https:\/\/fabijan.si\/wp-content\/uploads\/site-content\/00011044.jpg 300w, https:\/\/fabijan.si\/wp-content\/uploads\/site-content\/00011044.jpg 150w \" \/><\/p>\n<h4>Schalter f\u00fcr Pumpe BCM 30\/40 380V<\/h4>\n<p>       <button onclick=\"window.location.href='schalter-fur-pumpe-bcm-30-40-380v' \"type=\"button\">Weiterlesen<\/button>\n    <\/div>\n<\/p><\/div>\n<\/div>\n<div class=\"row\">\n<div class=\"col-sm-3 galleryitem\">\n     <!-- order:13 --><\/p>\n<div class=\"one-item\">\n       <img decoding=\"async\" src=\"https:\/\/fabijan.si\/wp-content\/uploads\/site-content\/00001020.jpg\" srcset=\" https:\/\/fabijan.si\/wp-content\/uploads\/site-content\/00001020.jpg 300w, https:\/\/fabijan.si\/wp-content\/uploads\/site-content\/00001020.jpg 150w \" \/><\/p>\n<h4>Schalter f\u00fcr PUMPE BCM 380V 2-stufig<\/h4>\n<p>       <button onclick=\"window.location.href='schalter-fur-pumpe-bcm-380v-2-stufig' \"type=\"button\">Weiterlesen<\/button>\n    <\/div>\n<\/p><\/div>\n<div class=\"col-sm-3 galleryitem\">\n     <!-- order:14 --><\/p>\n<div class=\"one-item\">\n       <img decoding=\"async\" src=\"https:\/\/fabijan.si\/wp-content\/uploads\/site-content\/00025854.jpg\" srcset=\" https:\/\/fabijan.si\/wp-content\/uploads\/site-content\/00025854.jpg 300w, https:\/\/fabijan.si\/wp-content\/uploads\/site-content\/00025854.jpg 150w \" \/><\/p>\n<h4>Pumpengeh\u00e4use f\u00fcr BCM 60\/70<\/h4>\n<p>       <button onclick=\"window.location.href='pumpengehause-fur-bcm-60-70' \"type=\"button\">Weiterlesen<\/button>\n    <\/div>\n<\/p><\/div>\n<div class=\"col-sm-3 galleryitem\">\n     <!-- order:15 --><\/p>\n<div class=\"one-item\">\n       <img decoding=\"async\" src=\"https:\/\/fabijan.si\/wp-content\/uploads\/site-content\/00025453.jpg\" srcset=\" https:\/\/fabijan.si\/wp-content\/uploads\/site-content\/00025453.jpg 300w, https:\/\/fabijan.si\/wp-content\/uploads\/site-content\/00025453.jpg 150w \" \/><\/p>\n<h4>Keramikring f\u00fcr Pumpe BCM 60<\/h4>\n<p>       <button onclick=\"window.location.href='keramikring-fur-pumpe-bcm-60' \"type=\"button\">Weiterlesen<\/button>\n    <\/div>\n<\/p><\/div>\n<div class=\"col-sm-3 galleryitem\">\n     <!-- order:16 --><\/p>\n<div class=\"one-item\">\n       <img decoding=\"async\" src=\"https:\/\/fabijan.si\/wp-content\/uploads\/site-content\/00016627.jpg\" srcset=\" https:\/\/fabijan.si\/wp-content\/uploads\/site-content\/00016627.jpg 300w, https:\/\/fabijan.si\/wp-content\/uploads\/site-content\/00016627.jpg 150w \" \/><\/p>\n<h4>Keilriemen 13x 1041 Li A41<\/h4>\n<p>       <button onclick=\"window.location.href='keilriemen-13x-1041-li-a41' \"type=\"button\">Weiterlesen<\/button>\n    <\/div>\n<\/p><\/div>\n<\/div>\n<div class=\"row\">\n<div class=\"col-sm-3 galleryitem\">\n     <!-- order:17 --><\/p>\n<div class=\"one-item\">\n       <img decoding=\"async\" src=\"https:\/\/fabijan.si\/wp-content\/uploads\/site-content\/00044348_1.jpg\" srcset=\" https:\/\/fabijan.si\/wp-content\/uploads\/site-content\/00044348_1.jpg 300w, https:\/\/fabijan.si\/wp-content\/uploads\/site-content\/00044348_1.jpg 150w \" \/><\/p>\n<h4>Riemenscheibe BCM  60\/70<\/h4>\n<p>       <button onclick=\"window.location.href='riemenscheibe-bcm-60-70' \"type=\"button\">Weiterlesen<\/button>\n    <\/div>\n<\/p><\/div>\n<div class=\"col-sm-3 galleryitem\">\n     <!-- order:18 --><\/p>\n<div class=\"one-item\">\n       <img decoding=\"async\" src=\"https:\/\/fabijan.si\/wp-content\/uploads\/site-content\/00044347.jpg\" srcset=\" https:\/\/fabijan.si\/wp-content\/uploads\/site-content\/00044347.jpg 300w, https:\/\/fabijan.si\/wp-content\/uploads\/site-content\/00044347.jpg 150w \" \/><\/p>\n<h4><\/h4>\n<p>       <button onclick=\"window.location.href='bcm-osovina-za-volumex-60-70' \"type=\"button\">Weiterlesen<\/button>\n    <\/div>\n<\/p><\/div>\n<div class=\"col-sm-3 galleryitem\">\n     <!-- order:19 --><\/p>\n<div class=\"one-item\">\n       <img decoding=\"async\" src=\"https:\/\/fabijan.si\/wp-content\/uploads\/site-content\/00008666_1.jpg\" srcset=\" https:\/\/fabijan.si\/wp-content\/uploads\/site-content\/00008666_1.jpg 300w, https:\/\/fabijan.si\/wp-content\/uploads\/site-content\/00008666_1.jpg 150w \" \/><\/p>\n<h4>Dichtungsset f\u00fcr BCM 40<\/h4>\n<p>       <button onclick=\"window.location.href='dichtungsset-fur-bcm-40' \"type=\"button\">Weiterlesen<\/button>\n    <\/div>\n<\/p><\/div>\n<div class=\"col-sm-3 galleryitem\">\n     <!-- order:20 --><\/p>\n<div class=\"one-item\">\n       <img decoding=\"async\" src=\"https:\/\/fabijan.si\/wp-content\/uploads\/site-content\/00044264_1.jpg\" srcset=\" https:\/\/fabijan.si\/wp-content\/uploads\/site-content\/00044264_1.jpg 300w, https:\/\/fabijan.si\/wp-content\/uploads\/site-content\/00044264_1.jpg 150w \" \/><\/p>\n<h4><\/h4>\n<p>       <button onclick=\"window.location.href='bcm-inox-plosca-rotorja-volumex-30' \"type=\"button\">Weiterlesen<\/button>\n    <\/div>\n<\/p><\/div>\n<\/div>\n<div class=\"row\">\n<div class=\"col-sm-3 galleryitem\">\n     <!-- order:21 --><\/p>\n<div class=\"one-item\">\n       <img decoding=\"async\" src=\"https:\/\/fabijan.si\/wp-content\/uploads\/site-content\/00044264.jpg\" srcset=\" https:\/\/fabijan.si\/wp-content\/uploads\/site-content\/00044264.jpg 300w, https:\/\/fabijan.si\/wp-content\/uploads\/site-content\/00044264.jpg 150w \" \/><\/p>\n<h4><\/h4>\n<p>       <button onclick=\"window.location.href='bcm-inox-plosca-rotorja-volumex-40' \"type=\"button\">Weiterlesen<\/button>\n    <\/div>\n<\/p><\/div>\n<div class=\"col-sm-3 galleryitem\">\n     <!-- order:22 --><\/p>\n<div class=\"one-item\">\n       <img decoding=\"async\" src=\"https:\/\/fabijan.si\/wp-content\/uploads\/site-content\/00044262.jpg\" srcset=\" https:\/\/fabijan.si\/wp-content\/uploads\/site-content\/00044262.jpg 300w, https:\/\/fabijan.si\/wp-content\/uploads\/site-content\/00044262.jpg 150w \" \/><\/p>\n<h4><\/h4>\n<p>       <button onclick=\"window.location.href='bcm-inox-plosca-rotorja-volumex-60-70' \"type=\"button\">Weiterlesen<\/button>\n    <\/div>\n<\/p><\/div>\n<div class=\"col-sm-3 galleryitem\">\n     <!-- order:23 --><\/p>\n<div class=\"one-item\">\n       <img decoding=\"async\" src=\"https:\/\/fabijan.si\/wp-content\/uploads\/site-content\/00039200.jpg\" srcset=\" https:\/\/fabijan.si\/wp-content\/uploads\/site-content\/00039200.jpg 300w, https:\/\/fabijan.si\/wp-content\/uploads\/site-content\/00039200.jpg 150w \" \/><\/p>\n<h4><\/h4>\n<p>       <button onclick=\"window.location.href='bcm-kondenzator-za-30-40-220v-80-96yf' \"type=\"button\">Weiterlesen<\/button>\n    <\/div>\n<\/p><\/div>\n<\/div>\n<\/div>\n","protected":false},"excerpt":{"rendered":"<p>Zuhause | Ersatzteile BCM ENOLOGIA S.r.l. Impeller f\u00fcr BCM 30 Weiterlesen Impeller f\u00fcr BCM 30 \u00d6LBESTEND. Weiterlesen Dichtungsset f\u00fcr BCM 30 Weiterlesen Impeller f\u00fcr BCM 40 Weiterlesen Impeller f\u00fcr BCM 40 \u00d6LBESTEND. Weiterlesen Dichtungsset f\u00fcr BCM 40 Weiterlesen Impeller f\u00fcr BCM 50 Weiterlesen Impeller f\u00fcr BCM 60 Weiterlesen Impeller f\u00fcr BCM 60 \u00d6LBESTEND. Weiterlesen Dichtungsset [&hellip;]<\/p>\n","protected":false},"author":1,"featured_media":0,"parent":4580480,"menu_order":0,"comment_status":"closed","ping_status":"closed","template":"elementor_theme","meta":{"footnotes":""},"class_list":["post-4581518","page","type-page","status-publish","hentry"],"_links":{"self":[{"href":"https:\/\/fabijan.si\/de\/wp-json\/wp\/v2\/pages\/4581518","targetHints":{"allow":["GET"]}}],"collection":[{"href":"https:\/\/fabijan.si\/de\/wp-json\/wp\/v2\/pages"}],"about":[{"href":"https:\/\/fabijan.si\/de\/wp-json\/wp\/v2\/types\/page"}],"author":[{"embeddable":true,"href":"https:\/\/fabijan.si\/de\/wp-json\/wp\/v2\/users\/1"}],"replies":[{"embeddable":true,"href":"https:\/\/fabijan.si\/de\/wp-json\/wp\/v2\/comments?post=4581518"}],"version-history":[{"count":0,"href":"https:\/\/fabijan.si\/de\/wp-json\/wp\/v2\/pages\/4581518\/revisions"}],"up":[{"embeddable":true,"href":"https:\/\/fabijan.si\/de\/wp-json\/wp\/v2\/pages\/4580480"}],"wp:attachment":[{"href":"https:\/\/fabijan.si\/de\/wp-json\/wp\/v2\/media?parent=4581518"}],"curies":[{"name":"wp","href":"https:\/\/api.w.org\/{rel}","templated":true}]}}