{"id":4581590,"date":"2026-02-03T16:08:54","date_gmt":"2026-02-03T15:08:54","guid":{"rendered":"https:\/\/fabijan.si\/ersatzteile\/schneider-maschinenbau-gmgh\/"},"modified":"2026-02-03T16:08:54","modified_gmt":"2026-02-03T15:08:54","slug":"schneider-maschinenbau-gmgh","status":"publish","type":"page","link":"https:\/\/fabijan.si\/de\/ersatzteile\/schneider-maschinenbau-gmgh\/","title":{"rendered":"schneider-maschinenbau-gmgh"},"content":{"rendered":"<div class=\"breadcrumb-container\"><span><br \/>\n<a href=\"https:\/\/fabijan.si\/de\/\">Zuhause<\/a> | <a href=\"https:\/\/fabijan.si\/de\/ersatzteile\/\">Ersatzteile<\/a><\/span>\n<\/div>\n<div class=\"category-title\" style=\"display: flex; justify-content: center;\">\n<h2>SCHNEIDER Maschinenbau GmgH<\/h2>\n<\/div>\n<div class=\"mygallery\">\n<div class=\"row\">\n<div class=\"col-sm-3 galleryitem\">\n     <!-- order:1 --><\/p>\n<div class=\"one-item\">\n       <img decoding=\"async\" src=\"https:\/\/fabijan.si\/wp-content\/uploads\/site-content\/00002003.jpg\" srcset=\" https:\/\/fabijan.si\/wp-content\/uploads\/site-content\/00002003.jpg 300w, https:\/\/fabijan.si\/wp-content\/uploads\/site-content\/00002003.jpg 150w \" \/><\/p>\n<h4>Stator AT50fu 1-6L, fi 57mm, L=210mm<\/h4>\n<p>       <button onclick=\"window.location.href='stator-at50fu-1-6l-fi-57mm-l210mm' \"type=\"button\">Weiterlesen<\/button>\n    <\/div>\n<\/p><\/div>\n<div class=\"col-sm-3 galleryitem\">\n     <!-- order:2 --><\/p>\n<div class=\"one-item\">\n       <img decoding=\"async\" src=\"https:\/\/fabijan.si\/wp-content\/uploads\/site-content\/00002003.jpg\" srcset=\" https:\/\/fabijan.si\/wp-content\/uploads\/site-content\/00002003.jpg 300w, https:\/\/fabijan.si\/wp-content\/uploads\/site-content\/00002003.jpg 150w \" \/><\/p>\n<h4>Stator 2-6L Schneider fi 70mm, L=265mm<\/h4>\n<p>       <button onclick=\"window.location.href='stator-2-6l-schneider-fi-70mm-l265mm' \"type=\"button\">Weiterlesen<\/button>\n    <\/div>\n<\/p><\/div>\n<div class=\"col-sm-3 galleryitem\">\n     <!-- order:3 --><\/p>\n<div class=\"one-item\">\n       <img decoding=\"async\" src=\"https:\/\/fabijan.si\/wp-content\/uploads\/site-content\/00002003.jpg\" srcset=\" https:\/\/fabijan.si\/wp-content\/uploads\/site-content\/00002003.jpg 300w, https:\/\/fabijan.si\/wp-content\/uploads\/site-content\/00002003.jpg 150w \" \/><\/p>\n<h4>Stator SCHNEIDER 5-6L, fi 83mm, L=335mm<\/h4>\n<p>       <button onclick=\"window.location.href='stator-schneider-5-6l-fi-83mm-l335mm' \"type=\"button\">Weiterlesen<\/button>\n    <\/div>\n<\/p><\/div>\n<div class=\"col-sm-3 galleryitem\">\n     <!-- order:4 --><\/p>\n<div class=\"one-item\">\n       <img decoding=\"async\" src=\"https:\/\/fabijan.si\/wp-content\/uploads\/site-content\/00002003.jpg\" srcset=\" https:\/\/fabijan.si\/wp-content\/uploads\/site-content\/00002003.jpg 300w, https:\/\/fabijan.si\/wp-content\/uploads\/site-content\/00002003.jpg 150w \" \/><\/p>\n<h4>Stator Schneider 10-6L, fi 102mm, L=422mm<\/h4>\n<p>       <button onclick=\"window.location.href='stator-schneider-10-6l-fi-102mm-l422mm' \"type=\"button\">Weiterlesen<\/button>\n    <\/div>\n<\/p><\/div>\n<\/div>\n<div class=\"row\">\n<div class=\"col-sm-3 galleryitem\">\n     <!-- order:5 --><\/p>\n<div class=\"one-item\">\n       <img decoding=\"async\" src=\"https:\/\/fabijan.si\/wp-content\/uploads\/site-content\/00002003.jpg\" srcset=\" https:\/\/fabijan.si\/wp-content\/uploads\/site-content\/00002003.jpg 300w, https:\/\/fabijan.si\/wp-content\/uploads\/site-content\/00002003.jpg 150w \" \/><\/p>\n<h4>Stator Schneider 5-6, fi 100mm, L=220mm<\/h4>\n<p>       <button onclick=\"window.location.href='stator-schneider-5-6-fi-100mm-l220mm' \"type=\"button\">Weiterlesen<\/button>\n    <\/div>\n<\/p><\/div>\n<div class=\"col-sm-3 galleryitem\">\n     <!-- order:6 --><\/p>\n<div class=\"one-item\">\n       <img decoding=\"async\" src=\"https:\/\/fabijan.si\/wp-content\/uploads\/site-content\/00000961.jpg\" srcset=\" https:\/\/fabijan.si\/wp-content\/uploads\/site-content\/00000961.jpg 300w, https:\/\/fabijan.si\/wp-content\/uploads\/site-content\/00000961.jpg 150w \" \/><\/p>\n<h4>Impeller f\u00fcr SCHNEIDER Pumpe 5000<\/h4>\n<p>       <button onclick=\"window.location.href='impeller-fur-schneider-pumpe-5000' \"type=\"button\">Weiterlesen<\/button>\n    <\/div>\n<\/p><\/div>\n<div class=\"col-sm-3 galleryitem\">\n     <!-- order:7 --><\/p>\n<div class=\"one-item\">\n       <img decoding=\"async\" src=\"https:\/\/fabijan.si\/wp-content\/uploads\/site-content\/00012545_1.jpg\" srcset=\" https:\/\/fabijan.si\/wp-content\/uploads\/site-content\/00012545_1.jpg 300w, https:\/\/fabijan.si\/wp-content\/uploads\/site-content\/00012545_1.jpg 150w \" \/><\/p>\n<h4>Impeller SCHNEIDER Reform 5000-B<\/h4>\n<p>       <button onclick=\"window.location.href='impeller-schneider-reform-5000-b' \"type=\"button\">Weiterlesen<\/button>\n    <\/div>\n<\/p><\/div>\n<div class=\"col-sm-3 galleryitem\">\n     <!-- order:8 --><\/p>\n<div class=\"one-item\">\n       <img decoding=\"async\" src=\"https:\/\/fabijan.si\/wp-content\/uploads\/site-content\/00033260.jpg\" srcset=\" https:\/\/fabijan.si\/wp-content\/uploads\/site-content\/00033260.jpg 300w, https:\/\/fabijan.si\/wp-content\/uploads\/site-content\/00033260.jpg 150w \" \/><\/p>\n<h4>Impeller SCHNEIDER 10000-B<\/h4>\n<p>       <button onclick=\"window.location.href='impeller-schneider-10000-b' \"type=\"button\">Weiterlesen<\/button>\n    <\/div>\n<\/p><\/div>\n<\/div>\n<div class=\"row\">\n<div class=\"col-sm-3 galleryitem\">\n     <!-- order:9 --><\/p>\n<div class=\"one-item\">\n       <img decoding=\"async\" src=\"https:\/\/fabijan.si\/wp-content\/uploads\/site-content\/00015054.jpg\" srcset=\" https:\/\/fabijan.si\/wp-content\/uploads\/site-content\/00015054.jpg 300w, https:\/\/fabijan.si\/wp-content\/uploads\/site-content\/00015054.jpg 150w \" \/><\/p>\n<h4>Impeller SCHNEIDER 15000-B<\/h4>\n<p>       <button onclick=\"window.location.href='impeller-schneider-15000-b' \"type=\"button\">Weiterlesen<\/button>\n    <\/div>\n<\/p><\/div>\n<div class=\"col-sm-3 galleryitem\">\n     <!-- order:10 --><\/p>\n<div class=\"one-item\">\n       <img decoding=\"async\" src=\"https:\/\/fabijan.si\/wp-content\/uploads\/site-content\/00015054.jpg\" srcset=\" https:\/\/fabijan.si\/wp-content\/uploads\/site-content\/00015054.jpg 300w, https:\/\/fabijan.si\/wp-content\/uploads\/site-content\/00015054.jpg 150w \" \/><\/p>\n<h4><\/h4>\n<p>       <button onclick=\"window.location.href='scz-rotor-za-crpalko-20000-l-h' \"type=\"button\">Weiterlesen<\/button>\n    <\/div>\n<\/p><\/div>\n<div class=\"col-sm-3 galleryitem\">\n     <!-- order:11 --><\/p>\n<div class=\"one-item\">\n       <img decoding=\"async\" src=\"https:\/\/fabijan.si\/wp-content\/uploads\/site-content\/00013807.jpg\" srcset=\" https:\/\/fabijan.si\/wp-content\/uploads\/site-content\/00013807.jpg 300w, https:\/\/fabijan.si\/wp-content\/uploads\/site-content\/00013807.jpg 150w \" \/><\/p>\n<h4>R\u00fchrpropeller f\u00fcr R\u00fchrwerk Gr.1- 127<\/h4>\n<p>       <button onclick=\"window.location.href='ruhrpropeller-fur-ruhrwerk-gr-1-127' \"type=\"button\">Weiterlesen<\/button>\n    <\/div>\n<\/p><\/div>\n<div class=\"col-sm-3 galleryitem\">\n     <!-- order:12 --><\/p>\n<div class=\"one-item\">\n       <img decoding=\"async\" src=\"https:\/\/fabijan.si\/wp-content\/uploads\/site-content\/00009066.jpg\" srcset=\" https:\/\/fabijan.si\/wp-content\/uploads\/site-content\/00009066.jpg 300w, https:\/\/fabijan.si\/wp-content\/uploads\/site-content\/00009066.jpg 150w \" \/><\/p>\n<h4>R\u00fchrpropeller Gr.2 Durchmesser 163<\/h4>\n<p>       <button onclick=\"window.location.href='ruhrpropeller-gr-2-durchmesser-163' \"type=\"button\">Weiterlesen<\/button>\n    <\/div>\n<\/p><\/div>\n<\/div>\n<div class=\"row\">\n<div class=\"col-sm-3 galleryitem\">\n     <!-- order:13 --><\/p>\n<div class=\"one-item\">\n       <img decoding=\"async\" src=\"https:\/\/fabijan.si\/wp-content\/uploads\/site-content\/00011041.jpg\" srcset=\" https:\/\/fabijan.si\/wp-content\/uploads\/site-content\/00011041.jpg 300w, https:\/\/fabijan.si\/wp-content\/uploads\/site-content\/00011041.jpg 150w \" \/><\/p>\n<h4>Gleitring f\u00fcr R\u00fchrger\u00e4t  SCHNEIDER G1<\/h4>\n<p>       <button onclick=\"window.location.href='gleitring-fur-ruhrgerat-schneider-g1' \"type=\"button\">Weiterlesen<\/button>\n    <\/div>\n<\/p><\/div>\n<div class=\"col-sm-3 galleryitem\">\n     <!-- order:14 --><\/p>\n<div class=\"one-item\">\n       <img decoding=\"async\" src=\"https:\/\/fabijan.si\/wp-content\/uploads\/site-content\/00000963.jpg\" srcset=\" https:\/\/fabijan.si\/wp-content\/uploads\/site-content\/00000963.jpg 300w, https:\/\/fabijan.si\/wp-content\/uploads\/site-content\/00000963.jpg 150w \" \/><\/p>\n<h4>O-Ring 99&#215;3 Schneider<\/h4>\n<p>       <button onclick=\"window.location.href='o-ring-99x3-schneider' \"type=\"button\">Weiterlesen<\/button>\n    <\/div>\n<\/p><\/div>\n<div class=\"col-sm-3 galleryitem\">\n     <!-- order:15 --><\/p>\n<div class=\"one-item\">\n       <img decoding=\"async\" src=\"https:\/\/fabijan.si\/wp-content\/uploads\/site-content\/00010869.jpg\" srcset=\" https:\/\/fabijan.si\/wp-content\/uploads\/site-content\/00010869.jpg 300w, https:\/\/fabijan.si\/wp-content\/uploads\/site-content\/00010869.jpg 150w \" \/><\/p>\n<h4>Wellendichtung 30 x 45 Duo<\/h4>\n<p>       <button onclick=\"window.location.href='wellendichtung-30-x-45-duo' \"type=\"button\">Weiterlesen<\/button>\n    <\/div>\n<\/p><\/div>\n<div class=\"col-sm-3 galleryitem\">\n     <!-- order:16 --><\/p>\n<div class=\"one-item\">\n       <img decoding=\"async\" src=\"https:\/\/fabijan.si\/wp-content\/uploads\/site-content\/00010870.jpg\" srcset=\" https:\/\/fabijan.si\/wp-content\/uploads\/site-content\/00010870.jpg 300w, https:\/\/fabijan.si\/wp-content\/uploads\/site-content\/00010870.jpg 150w \" \/><\/p>\n<h4>Wellendichtung 25 x 35 Duo<\/h4>\n<p>       <button onclick=\"window.location.href='wellendichtung-25-x-35-duo' \"type=\"button\">Weiterlesen<\/button>\n    <\/div>\n<\/p><\/div>\n<\/div>\n<div class=\"row\">\n<div class=\"col-sm-3 galleryitem\">\n     <!-- order:17 --><\/p>\n<div class=\"one-item\">\n       <img decoding=\"async\" src=\"https:\/\/fabijan.si\/wp-content\/uploads\/site-content\/00031503.jpg\" srcset=\" https:\/\/fabijan.si\/wp-content\/uploads\/site-content\/00031503.jpg 300w, https:\/\/fabijan.si\/wp-content\/uploads\/site-content\/00031503.jpg 150w \" \/><\/p>\n<h4>Zwischenplatte 15+20+28+mb mit O-Ring<\/h4>\n<p>       <button onclick=\"window.location.href='zwischenplatte-15-20-28-mb-mit-o-ring' \"type=\"button\">Weiterlesen<\/button>\n    <\/div>\n<\/p><\/div>\n<div class=\"col-sm-3 galleryitem\">\n     <!-- order:18 --><\/p>\n<div class=\"one-item\">\n       <img decoding=\"async\" src=\"https:\/\/fabijan.si\/wp-content\/uploads\/site-content\/00048746.jpg\" srcset=\" https:\/\/fabijan.si\/wp-content\/uploads\/site-content\/00048746.jpg 300w, https:\/\/fabijan.si\/wp-content\/uploads\/site-content\/00048746.jpg 150w \" \/><\/p>\n<h4><\/h4>\n<p>       <button onclick=\"window.location.href='scz-stikalo-vklopa-za-mesalo' \"type=\"button\">Weiterlesen<\/button>\n    <\/div>\n<\/p><\/div>\n<div class=\"col-sm-3 galleryitem\">\n     <!-- order:19 --><\/p>\n<div class=\"one-item\">\n       <img decoding=\"async\" src=\"https:\/\/fabijan.si\/wp-content\/uploads\/site-content\/00011042.jpg\" srcset=\" https:\/\/fabijan.si\/wp-content\/uploads\/site-content\/00011042.jpg 300w, https:\/\/fabijan.si\/wp-content\/uploads\/site-content\/00011042.jpg 150w \" \/><\/p>\n<h4>Schalter f\u00fcr R\u00fchrger\u00e4t SCHNEIDER G1<\/h4>\n<p>       <button onclick=\"window.location.href='schalter-fur-ruhrgerat-schneider-g1' \"type=\"button\">Weiterlesen<\/button>\n    <\/div>\n<\/p><\/div>\n<div class=\"col-sm-3 galleryitem\">\n     <!-- order:20 --><\/p>\n<div class=\"one-item\">\n       <img decoding=\"async\" src=\"https:\/\/fabijan.si\/wp-content\/uploads\/site-content\/scz-senzor-proti-teku-na-suho.jpg\" srcset=\" https:\/\/fabijan.si\/wp-content\/uploads\/site-content\/scz-senzor-proti-teku-na-suho.jpg 300w, https:\/\/fabijan.si\/wp-content\/uploads\/site-content\/scz-senzor-proti-teku-na-suho.jpg 150w \" \/><\/p>\n<h4><\/h4>\n<p>       <button onclick=\"window.location.href='scz-senzor-proti-teku-na-suho' \"type=\"button\">Weiterlesen<\/button>\n    <\/div>\n<\/p><\/div>\n<\/div>\n<div class=\"row\">\n<div class=\"col-sm-3 galleryitem\">\n     <!-- order:21 --><\/p>\n<div class=\"one-item\">\n       <img decoding=\"async\" src=\"https:\/\/fabijan.si\/wp-content\/uploads\/site-content\/stikalo-schn-.jpg\" srcset=\" https:\/\/fabijan.si\/wp-content\/uploads\/site-content\/stikalo-schn-.jpg 300w, https:\/\/fabijan.si\/wp-content\/uploads\/site-content\/stikalo-schn-.jpg 150w \" \/><\/p>\n<h4>Motorschutzschalter zu PR.250 6-10A<\/h4>\n<p>       <button onclick=\"window.location.href='motorschutzschalter-zu-pr-250-6-10a' \"type=\"button\">Weiterlesen<\/button>\n    <\/div>\n<\/p><\/div>\n<div class=\"col-sm-3 galleryitem\">\n     <!-- order:22 --><\/p>\n<div class=\"one-item\">\n       <img decoding=\"async\" src=\"https:\/\/fabijan.si\/wp-content\/uploads\/site-content\/gv2-mck04.jpg\" srcset=\" https:\/\/fabijan.si\/wp-content\/uploads\/site-content\/gv2-mck04.jpg 300w, https:\/\/fabijan.si\/wp-content\/uploads\/site-content\/gv2-mck04.jpg 150w \" \/><\/p>\n<h4><\/h4>\n<p>       <button onclick=\"window.location.href='scz-ohisje-stikala-flotatorja-esk' \"type=\"button\">Weiterlesen<\/button>\n    <\/div>\n<\/p><\/div>\n<\/div>\n<\/div>\n","protected":false},"excerpt":{"rendered":"<p>Zuhause | Ersatzteile SCHNEIDER Maschinenbau GmgH Stator AT50fu 1-6L, fi 57mm, L=210mm Weiterlesen Stator 2-6L Schneider fi 70mm, L=265mm Weiterlesen Stator SCHNEIDER 5-6L, fi 83mm, L=335mm Weiterlesen Stator Schneider 10-6L, fi 102mm, L=422mm Weiterlesen Stator Schneider 5-6, fi 100mm, L=220mm Weiterlesen Impeller f\u00fcr SCHNEIDER Pumpe 5000 Weiterlesen Impeller SCHNEIDER Reform 5000-B Weiterlesen Impeller SCHNEIDER 10000-B [&hellip;]<\/p>\n","protected":false},"author":1,"featured_media":0,"parent":4580480,"menu_order":0,"comment_status":"closed","ping_status":"closed","template":"elementor_theme","meta":{"footnotes":""},"class_list":["post-4581590","page","type-page","status-publish","hentry"],"_links":{"self":[{"href":"https:\/\/fabijan.si\/de\/wp-json\/wp\/v2\/pages\/4581590","targetHints":{"allow":["GET"]}}],"collection":[{"href":"https:\/\/fabijan.si\/de\/wp-json\/wp\/v2\/pages"}],"about":[{"href":"https:\/\/fabijan.si\/de\/wp-json\/wp\/v2\/types\/page"}],"author":[{"embeddable":true,"href":"https:\/\/fabijan.si\/de\/wp-json\/wp\/v2\/users\/1"}],"replies":[{"embeddable":true,"href":"https:\/\/fabijan.si\/de\/wp-json\/wp\/v2\/comments?post=4581590"}],"version-history":[{"count":0,"href":"https:\/\/fabijan.si\/de\/wp-json\/wp\/v2\/pages\/4581590\/revisions"}],"up":[{"embeddable":true,"href":"https:\/\/fabijan.si\/de\/wp-json\/wp\/v2\/pages\/4580480"}],"wp:attachment":[{"href":"https:\/\/fabijan.si\/de\/wp-json\/wp\/v2\/media?parent=4581590"}],"curies":[{"name":"wp","href":"https:\/\/api.w.org\/{rel}","templated":true}]}}