{"id":4581659,"date":"2026-02-03T16:09:18","date_gmt":"2026-02-03T15:09:18","guid":{"rendered":"https:\/\/fabijan.si\/ersatzteile\/holder\/"},"modified":"2026-02-03T16:09:18","modified_gmt":"2026-02-03T15:09:18","slug":"holder","status":"publish","type":"page","link":"https:\/\/fabijan.si\/de\/ersatzteile\/holder\/","title":{"rendered":"holder"},"content":{"rendered":"<div class=\"breadcrumb-container\"><span><br \/>\n<a href=\"https:\/\/fabijan.si\/de\/\">Zuhause<\/a> | <a href=\"https:\/\/fabijan.si\/de\/ersatzteile\/\">Ersatzteile<\/a><\/span>\n<\/div>\n<div class=\"category-title\" style=\"display: flex; justify-content: center;\">\n<h2>Holder<\/h2>\n<\/div>\n<div class=\"mygallery\">\n<div class=\"row\">\n<div class=\"col-sm-3 galleryitem\">\n     <!-- order:2 --><\/p>\n<div class=\"one-item\">\n       <img decoding=\"async\" src=\"https:\/\/fabijan.si\/wp-content\/uploads\/site-content\/00000832_2.jpg\" srcset=\" https:\/\/fabijan.si\/wp-content\/uploads\/site-content\/00000832_2.jpg 300w, https:\/\/fabijan.si\/wp-content\/uploads\/site-content\/00000832_2.jpg 150w \" \/><\/p>\n<h4>Kupplungsventil Holder 115237<\/h4>\n<p>       <button onclick=\"window.location.href='kupplungsventil-holder-115237' \"type=\"button\">Weiterlesen<\/button>\n    <\/div>\n<\/p><\/div>\n<div class=\"col-sm-3 galleryitem\">\n     <!-- order:3 --><\/p>\n<div class=\"one-item\">\n       <img decoding=\"async\" src=\"https:\/\/fabijan.si\/wp-content\/uploads\/site-content\/00009215_1.jpg\" srcset=\" https:\/\/fabijan.si\/wp-content\/uploads\/site-content\/00009215_1.jpg 300w, https:\/\/fabijan.si\/wp-content\/uploads\/site-content\/00009215_1.jpg 150w \" \/><\/p>\n<h4>Steuerungszylinder<\/h4>\n<p>       <button onclick=\"window.location.href='steuerungszylinder' \"type=\"button\">Weiterlesen<\/button>\n    <\/div>\n<\/p><\/div>\n<div class=\"col-sm-3 galleryitem\">\n     <!-- order:4 --><\/p>\n<div class=\"one-item\">\n       <img decoding=\"async\" src=\"https:\/\/fabijan.si\/wp-content\/uploads\/site-content\/00031859_1.jpg\" srcset=\" https:\/\/fabijan.si\/wp-content\/uploads\/site-content\/00031859_1.jpg 300w, https:\/\/fabijan.si\/wp-content\/uploads\/site-content\/00031859_1.jpg 150w \" \/><\/p>\n<h4>BREMSZYLINDER 137385<\/h4>\n<p>       <button onclick=\"window.location.href='bremszylinder-137385' \"type=\"button\">Weiterlesen<\/button>\n    <\/div>\n<\/p><\/div>\n<div class=\"col-sm-3 galleryitem\">\n     <!-- order:5 --><\/p>\n<div class=\"one-item\">\n       <img decoding=\"async\" src=\"https:\/\/fabijan.si\/wp-content\/uploads\/site-content\/00000795.jpg\" srcset=\" https:\/\/fabijan.si\/wp-content\/uploads\/site-content\/00000795.jpg 300w, https:\/\/fabijan.si\/wp-content\/uploads\/site-content\/00000795.jpg 150w \" \/><\/p>\n<h4>Kupplungszylinder<\/h4>\n<p>       <button onclick=\"window.location.href='kupplungszylinder' \"type=\"button\">Weiterlesen<\/button>\n    <\/div>\n<\/p><\/div>\n<\/div>\n<div class=\"row\">\n<div class=\"col-sm-3 galleryitem\">\n     <!-- order:6 --><\/p>\n<div class=\"one-item\">\n       <img decoding=\"async\" src=\"https:\/\/fabijan.si\/wp-content\/uploads\/site-content\/00000800_2.jpg\" srcset=\" https:\/\/fabijan.si\/wp-content\/uploads\/site-content\/00000800_2.jpg 300w, https:\/\/fabijan.si\/wp-content\/uploads\/site-content\/00000800_2.jpg 150w \" \/><\/p>\n<h4>Kupplungszylinder Holder<\/h4>\n<p>       <button onclick=\"window.location.href='kupplungszylinder-holder' \"type=\"button\">Weiterlesen<\/button>\n    <\/div>\n<\/p><\/div>\n<div class=\"col-sm-3 galleryitem\">\n     <!-- order:8 --><\/p>\n<div class=\"one-item\">\n       <img decoding=\"async\" src=\"https:\/\/fabijan.si\/wp-content\/uploads\/site-content\/00007856_1.jpg\" srcset=\" https:\/\/fabijan.si\/wp-content\/uploads\/site-content\/00007856_1.jpg 300w, https:\/\/fabijan.si\/wp-content\/uploads\/site-content\/00007856_1.jpg 150w \" \/><\/p>\n<h4>Kraftstofffilter C4.74, A 5.62P<\/h4>\n<p>       <button onclick=\"window.location.href='kraftstofffilter-c4-74-a-5-62p' \"type=\"button\">Weiterlesen<\/button>\n    <\/div>\n<\/p><\/div>\n<div class=\"col-sm-3 galleryitem\">\n     <!-- order:9 --><\/p>\n<div class=\"one-item\">\n       <img decoding=\"async\" src=\"https:\/\/fabijan.si\/wp-content\/uploads\/site-content\/00011463.jpg\" srcset=\" https:\/\/fabijan.si\/wp-content\/uploads\/site-content\/00011463.jpg 300w, https:\/\/fabijan.si\/wp-content\/uploads\/site-content\/00011463.jpg 150w \" \/><\/p>\n<h4>Kraftstofffilter zu HOLDER A760, A550<\/h4>\n<p>       <button onclick=\"window.location.href='kraftstofffilter-zu-holder-a760-a550' \"type=\"button\">Weiterlesen<\/button>\n    <\/div>\n<\/p><\/div>\n<div class=\"col-sm-3 galleryitem\">\n     <!-- order:10 --><\/p>\n<div class=\"one-item\">\n       <img decoding=\"async\" src=\"https:\/\/fabijan.si\/wp-content\/uploads\/site-content\/00007879.jpg\" srcset=\" https:\/\/fabijan.si\/wp-content\/uploads\/site-content\/00007879.jpg 300w, https:\/\/fabijan.si\/wp-content\/uploads\/site-content\/00007879.jpg 150w \" \/><\/p>\n<h4>Motor\u00f6lfilter A 5.62 P<\/h4>\n<p>       <button onclick=\"window.location.href='motorolfilter-a-5-62-p' \"type=\"button\">Weiterlesen<\/button>\n    <\/div>\n<\/p><\/div>\n<\/div>\n<div class=\"row\">\n<div class=\"col-sm-3 galleryitem\">\n     <!-- order:11 --><\/p>\n<div class=\"one-item\">\n       <img decoding=\"async\" src=\"https:\/\/fabijan.si\/wp-content\/uploads\/site-content\/00007882_1.jpg\" srcset=\" https:\/\/fabijan.si\/wp-content\/uploads\/site-content\/00007882_1.jpg 300w, https:\/\/fabijan.si\/wp-content\/uploads\/site-content\/00007882_1.jpg 150w \" \/><\/p>\n<h4>Hydraulikfilter mit O-ring A 5.62 P<\/h4>\n<p>       <button onclick=\"window.location.href='hydraulikfilter-mit-o-ring-a-5-62-p' \"type=\"button\">Weiterlesen<\/button>\n    <\/div>\n<\/p><\/div>\n<div class=\"col-sm-3 galleryitem\">\n     <!-- order:12 --><\/p>\n<div class=\"one-item\">\n       <img decoding=\"async\" src=\"https:\/\/fabijan.si\/wp-content\/uploads\/site-content\/00011465.jpg\" srcset=\" https:\/\/fabijan.si\/wp-content\/uploads\/site-content\/00011465.jpg 300w, https:\/\/fabijan.si\/wp-content\/uploads\/site-content\/00011465.jpg 150w \" \/><\/p>\n<h4>Hydraulikfilter f\u00fcr Aufsaugschlauch zu HOLDER A760, A550<\/h4>\n<p>       <button onclick=\"window.location.href='hydraulikfilter-fur-aufsaugschlauch-zu-holder-a760-a550' \"type=\"button\">Weiterlesen<\/button>\n    <\/div>\n<\/p><\/div>\n<div class=\"col-sm-3 galleryitem\">\n     <!-- order:13 --><\/p>\n<div class=\"one-item\">\n       <img decoding=\"async\" src=\"https:\/\/fabijan.si\/wp-content\/uploads\/site-content\/00011981_1.jpg\" srcset=\" https:\/\/fabijan.si\/wp-content\/uploads\/site-content\/00011981_1.jpg 300w, https:\/\/fabijan.si\/wp-content\/uploads\/site-content\/00011981_1.jpg 150w \" \/><\/p>\n<h4>Bel\u00fcftungsfilter ersetzt 143 398 zu HOLDER 780,560<\/h4>\n<p>       <button onclick=\"window.location.href='beluftungsfilter-ersetzt-143-398-zu-holder-780560' \"type=\"button\">Weiterlesen<\/button>\n    <\/div>\n<\/p><\/div>\n<div class=\"col-sm-3 galleryitem\">\n     <!-- order:14 --><\/p>\n<div class=\"one-item\">\n       <img decoding=\"async\" src=\"https:\/\/fabijan.si\/wp-content\/uploads\/site-content\/00007875.jpg\" srcset=\" https:\/\/fabijan.si\/wp-content\/uploads\/site-content\/00007875.jpg 300w, https:\/\/fabijan.si\/wp-content\/uploads\/site-content\/00007875.jpg 150w \" \/><\/p>\n<h4>Kabinenfilter C4.74 &#8211; aktiv<\/h4>\n<p>       <button onclick=\"window.location.href='kabinenfilter-c4-74-aktiv' \"type=\"button\">Weiterlesen<\/button>\n    <\/div>\n<\/p><\/div>\n<\/div>\n<div class=\"row\">\n<div class=\"col-sm-3 galleryitem\">\n     <!-- order:15 --><\/p>\n<div class=\"one-item\">\n       <img decoding=\"async\" src=\"https:\/\/fabijan.si\/wp-content\/uploads\/site-content\/00011234.jpg\" srcset=\" https:\/\/fabijan.si\/wp-content\/uploads\/site-content\/00011234.jpg 300w, https:\/\/fabijan.si\/wp-content\/uploads\/site-content\/00011234.jpg 150w \" \/><\/p>\n<h4>Luftfilter HOLDER L780<\/h4>\n<p>       <button onclick=\"window.location.href='luftfilter-holder-l780' \"type=\"button\">Weiterlesen<\/button>\n    <\/div>\n<\/p><\/div>\n<div class=\"col-sm-3 galleryitem\">\n     <!-- order:16 --><\/p>\n<div class=\"one-item\">\n       <img decoding=\"async\" src=\"https:\/\/fabijan.si\/wp-content\/uploads\/site-content\/00007859.jpg\" srcset=\" https:\/\/fabijan.si\/wp-content\/uploads\/site-content\/00007859.jpg 300w, https:\/\/fabijan.si\/wp-content\/uploads\/site-content\/00007859.jpg 150w \" \/><\/p>\n<h4>Luftfilterelement C14200<\/h4>\n<p>       <button onclick=\"window.location.href='luftfilterelement-c14200' \"type=\"button\">Weiterlesen<\/button>\n    <\/div>\n<\/p><\/div>\n<div class=\"col-sm-3 galleryitem\">\n     <!-- order:17 --><\/p>\n<div class=\"one-item\">\n       <img decoding=\"async\" src=\"https:\/\/fabijan.si\/wp-content\/uploads\/site-content\/00011462.jpg\" srcset=\" https:\/\/fabijan.si\/wp-content\/uploads\/site-content\/00011462.jpg 300w, https:\/\/fabijan.si\/wp-content\/uploads\/site-content\/00011462.jpg 150w \" \/><\/p>\n<h4>Luftfilter aussen P140131<\/h4>\n<p>       <button onclick=\"window.location.href='luftfilter-aussen-p140131' \"type=\"button\">Weiterlesen<\/button>\n    <\/div>\n<\/p><\/div>\n<div class=\"col-sm-3 galleryitem\">\n     <!-- order:18 --><\/p>\n<div class=\"one-item\">\n       <img decoding=\"async\" src=\"https:\/\/fabijan.si\/wp-content\/uploads\/site-content\/00007874.jpg\" srcset=\" https:\/\/fabijan.si\/wp-content\/uploads\/site-content\/00007874.jpg 300w, https:\/\/fabijan.si\/wp-content\/uploads\/site-content\/00007874.jpg 150w \" \/><\/p>\n<h4>Kabinenfilter C4.74<\/h4>\n<p>       <button onclick=\"window.location.href='kabinenfilter-c4-74' \"type=\"button\">Weiterlesen<\/button>\n    <\/div>\n<\/p><\/div>\n<\/div>\n<div class=\"row\">\n<div class=\"col-sm-3 galleryitem\">\n     <!-- order:19 --><\/p>\n<div class=\"one-item\">\n       <img decoding=\"async\" src=\"https:\/\/fabijan.si\/wp-content\/uploads\/site-content\/00000823_2.jpg\" srcset=\" https:\/\/fabijan.si\/wp-content\/uploads\/site-content\/00000823_2.jpg 300w, https:\/\/fabijan.si\/wp-content\/uploads\/site-content\/00000823_2.jpg 150w \" \/><\/p>\n<h4>Kabinengummi<\/h4>\n<p>       <button onclick=\"window.location.href='kabinengummi' \"type=\"button\">Weiterlesen<\/button>\n    <\/div>\n<\/p><\/div>\n<div class=\"col-sm-3 galleryitem\">\n     <!-- order:20 --><\/p>\n<div class=\"one-item\">\n       <img decoding=\"async\" src=\"https:\/\/fabijan.si\/wp-content\/uploads\/site-content\/00006668_1.jpg\" srcset=\" https:\/\/fabijan.si\/wp-content\/uploads\/site-content\/00006668_1.jpg 300w, https:\/\/fabijan.si\/wp-content\/uploads\/site-content\/00006668_1.jpg 150w \" \/><\/p>\n<h4>Gl\u00fchstarter zu A775 Holder<\/h4>\n<p>       <button onclick=\"window.location.href='gluhstarter-zu-a775-holder' \"type=\"button\">Weiterlesen<\/button>\n    <\/div>\n<\/p><\/div>\n<div class=\"col-sm-3 galleryitem\">\n     <!-- order:21 --><\/p>\n<div class=\"one-item\">\n       <img decoding=\"async\" src=\"https:\/\/fabijan.si\/wp-content\/uploads\/site-content\/00007697.jpg\" srcset=\" https:\/\/fabijan.si\/wp-content\/uploads\/site-content\/00007697.jpg 300w, https:\/\/fabijan.si\/wp-content\/uploads\/site-content\/00007697.jpg 150w \" \/><\/p>\n<h4>Aussere Lamelle<\/h4>\n<p>       <button onclick=\"window.location.href='aussere-lamelle' \"type=\"button\">Weiterlesen<\/button>\n    <\/div>\n<\/p><\/div>\n<div class=\"col-sm-3 galleryitem\">\n     <!-- order:22 --><\/p>\n<div class=\"one-item\">\n       <img decoding=\"async\" src=\"https:\/\/fabijan.si\/wp-content\/uploads\/site-content\/00007696_1.jpg\" srcset=\" https:\/\/fabijan.si\/wp-content\/uploads\/site-content\/00007696_1.jpg 300w, https:\/\/fabijan.si\/wp-content\/uploads\/site-content\/00007696_1.jpg 150w \" \/><\/p>\n<h4>Innere Lamelle<\/h4>\n<p>       <button onclick=\"window.location.href='innere-lamelle' \"type=\"button\">Weiterlesen<\/button>\n    <\/div>\n<\/p><\/div>\n<\/div>\n<div class=\"row\">\n<div class=\"col-sm-3 galleryitem\">\n     <!-- order:23 --><\/p>\n<div class=\"one-item\">\n       <img decoding=\"async\" src=\"https:\/\/fabijan.si\/wp-content\/uploads\/site-content\/00000881.jpg\" srcset=\" https:\/\/fabijan.si\/wp-content\/uploads\/site-content\/00000881.jpg 300w, https:\/\/fabijan.si\/wp-content\/uploads\/site-content\/00000881.jpg 150w \" \/><\/p>\n<h4>Kuplungslamelle &#8211; 120843<\/h4>\n<p>       <button onclick=\"window.location.href='kuplungslamelle-120843' \"type=\"button\">Weiterlesen<\/button>\n    <\/div>\n<\/p><\/div>\n<div class=\"col-sm-3 galleryitem\">\n     <!-- order:24 --><\/p>\n<div class=\"one-item\">\n       <img decoding=\"async\" src=\"https:\/\/fabijan.si\/wp-content\/uploads\/site-content\/00009381.jpg\" srcset=\" https:\/\/fabijan.si\/wp-content\/uploads\/site-content\/00009381.jpg 300w, https:\/\/fabijan.si\/wp-content\/uploads\/site-content\/00009381.jpg 150w \" \/><\/p>\n<h4>Kupplungslamelle<\/h4>\n<p>       <button onclick=\"window.location.href='kupplungslamelle' \"type=\"button\">Weiterlesen<\/button>\n    <\/div>\n<\/p><\/div>\n<div class=\"col-sm-3 galleryitem\">\n     <!-- order:25 --><\/p>\n<div class=\"one-item\">\n       <img decoding=\"async\" src=\"https:\/\/fabijan.si\/wp-content\/uploads\/site-content\/00009382.jpg\" srcset=\" https:\/\/fabijan.si\/wp-content\/uploads\/site-content\/00009382.jpg 300w, https:\/\/fabijan.si\/wp-content\/uploads\/site-content\/00009382.jpg 150w \" \/><\/p>\n<h4>Druckplatte LUK<\/h4>\n<p>       <button onclick=\"window.location.href='druckplatte-luk' \"type=\"button\">Weiterlesen<\/button>\n    <\/div>\n<\/p><\/div>\n<div class=\"col-sm-3 galleryitem\">\n     <!-- order:27 --><\/p>\n<div class=\"one-item\">\n       <img decoding=\"async\" src=\"https:\/\/fabijan.si\/wp-content\/uploads\/site-content\/00000827.jpg\" srcset=\" https:\/\/fabijan.si\/wp-content\/uploads\/site-content\/00000827.jpg 300w, https:\/\/fabijan.si\/wp-content\/uploads\/site-content\/00000827.jpg 150w \" \/><\/p>\n<h4>Wasserpumpenlager mit Pleuelstange<\/h4>\n<p>       <button onclick=\"window.location.href='wasserpumpenlager-mit-pleuelstange' \"type=\"button\">Weiterlesen<\/button>\n    <\/div>\n<\/p><\/div>\n<\/div>\n<div class=\"row\">\n<div class=\"col-sm-3 galleryitem\">\n     <!-- order:28 --><\/p>\n<div class=\"one-item\">\n       <img decoding=\"async\" src=\"https:\/\/fabijan.si\/wp-content\/uploads\/site-content\/00000835.jpg\" srcset=\" https:\/\/fabijan.si\/wp-content\/uploads\/site-content\/00000835.jpg 300w, https:\/\/fabijan.si\/wp-content\/uploads\/site-content\/00000835.jpg 150w \" \/><\/p>\n<h4>Druckplatte-118800<\/h4>\n<p>       <button onclick=\"window.location.href='druckplatte-118800' \"type=\"button\">Weiterlesen<\/button>\n    <\/div>\n<\/p><\/div>\n<div class=\"col-sm-3 galleryitem\">\n     <!-- order:29 --><\/p>\n<div class=\"one-item\">\n       <img decoding=\"async\" src=\"https:\/\/fabijan.si\/wp-content\/uploads\/site-content\/00000841_1.jpg\" srcset=\" https:\/\/fabijan.si\/wp-content\/uploads\/site-content\/00000841_1.jpg 300w, https:\/\/fabijan.si\/wp-content\/uploads\/site-content\/00000841_1.jpg 150w \" \/><\/p>\n<h4>Kupplungsgleitlager-109435<\/h4>\n<p>       <button onclick=\"window.location.href='kupplungsgleitlager-109435' \"type=\"button\">Weiterlesen<\/button>\n    <\/div>\n<\/p><\/div>\n<div class=\"col-sm-3 galleryitem\">\n     <!-- order:30 --><\/p>\n<div class=\"one-item\">\n       <img decoding=\"async\" src=\"https:\/\/fabijan.si\/wp-content\/uploads\/site-content\/00007320.jpg\" srcset=\" https:\/\/fabijan.si\/wp-content\/uploads\/site-content\/00007320.jpg 300w, https:\/\/fabijan.si\/wp-content\/uploads\/site-content\/00007320.jpg 150w \" \/><\/p>\n<h4>Buchse der Kurbelwelle<\/h4>\n<p>       <button onclick=\"window.location.href='buchse-der-kurbelwelle' \"type=\"button\">Weiterlesen<\/button>\n    <\/div>\n<\/p><\/div>\n<div class=\"col-sm-3 galleryitem\">\n     <!-- order:31 --><\/p>\n<div class=\"one-item\">\n       <img decoding=\"async\" src=\"https:\/\/fabijan.si\/wp-content\/uploads\/site-content\/00010262.jpg\" srcset=\" https:\/\/fabijan.si\/wp-content\/uploads\/site-content\/00010262.jpg 300w, https:\/\/fabijan.si\/wp-content\/uploads\/site-content\/00010262.jpg 150w \" \/><\/p>\n<h4>Deckel Sicherheitsschalter HOLDER<\/h4>\n<p>       <button onclick=\"window.location.href='deckel-sicherheitsschalter-holder' \"type=\"button\">Weiterlesen<\/button>\n    <\/div>\n<\/p><\/div>\n<\/div>\n<div class=\"row\">\n<div class=\"col-sm-3 galleryitem\">\n     <!-- order:34 --><\/p>\n<div class=\"one-item\">\n       <img decoding=\"async\" src=\"https:\/\/fabijan.si\/wp-content\/uploads\/site-content\/00023986.jpg\" srcset=\" https:\/\/fabijan.si\/wp-content\/uploads\/site-content\/00023986.jpg 300w, https:\/\/fabijan.si\/wp-content\/uploads\/site-content\/00023986.jpg 150w \" \/><\/p>\n<h4>HECKSCHEIBENGLAS A7.74 Holder (Nr. 10)<\/h4>\n<p>       <button onclick=\"window.location.href='heckscheibenglas-a7-74-holder-nr-10' \"type=\"button\">Weiterlesen<\/button>\n    <\/div>\n<\/p><\/div>\n<div class=\"col-sm-3 galleryitem\">\n     <!-- order:35 --><\/p>\n<div class=\"one-item\">\n       <img decoding=\"async\" src=\"https:\/\/fabijan.si\/wp-content\/uploads\/site-content\/00035351.jpg\" srcset=\" https:\/\/fabijan.si\/wp-content\/uploads\/site-content\/00035351.jpg 300w, https:\/\/fabijan.si\/wp-content\/uploads\/site-content\/00035351.jpg 150w \" \/><\/p>\n<h4>HO-Dichtung A7.74 KLEMMPROFIL V130\/X30<\/h4>\n<p>       <button onclick=\"window.location.href='ho-dichtung-a7-74-klemmprofil-v130-x30' \"type=\"button\">Weiterlesen<\/button>\n    <\/div>\n<\/p><\/div>\n<div class=\"col-sm-3 galleryitem\">\n     <!-- order:36 --><\/p>\n<div class=\"one-item\">\n       <img decoding=\"async\" src=\"https:\/\/fabijan.si\/wp-content\/uploads\/site-content\/00014458.jpg\" srcset=\" https:\/\/fabijan.si\/wp-content\/uploads\/site-content\/00014458.jpg 300w, https:\/\/fabijan.si\/wp-content\/uploads\/site-content\/00014458.jpg 150w \" \/><\/p>\n<h4>Dichtungsring Holder A550<\/h4>\n<p>       <button onclick=\"window.location.href='dichtungsring-holder-a550' \"type=\"button\">Weiterlesen<\/button>\n    <\/div>\n<\/p><\/div>\n<div class=\"col-sm-3 galleryitem\">\n     <!-- order:37 --><\/p>\n<div class=\"one-item\">\n       <img decoding=\"async\" src=\"https:\/\/fabijan.si\/wp-content\/uploads\/site-content\/00000874.jpg\" srcset=\" https:\/\/fabijan.si\/wp-content\/uploads\/site-content\/00000874.jpg 300w, https:\/\/fabijan.si\/wp-content\/uploads\/site-content\/00000874.jpg 150w \" \/><\/p>\n<h4>Zylinderkopfdichtung A60<\/h4>\n<p>       <button onclick=\"window.location.href='zylinderkopfdichtung-a60' \"type=\"button\">Weiterlesen<\/button>\n    <\/div>\n<\/p><\/div>\n<\/div>\n<div class=\"row\">\n<div class=\"col-sm-3 galleryitem\">\n     <!-- order:38 --><\/p>\n<div class=\"one-item\">\n       <img decoding=\"async\" src=\"https:\/\/fabijan.si\/wp-content\/uploads\/site-content\/ho-tesnilo-glave-motorja-vd3.jpg\" srcset=\" https:\/\/fabijan.si\/wp-content\/uploads\/site-content\/ho-tesnilo-glave-motorja-vd3.jpg 300w, https:\/\/fabijan.si\/wp-content\/uploads\/site-content\/ho-tesnilo-glave-motorja-vd3.jpg 150w \" \/><\/p>\n<h4>Zyliderkopfdichtung 109668 zu HOLDER<\/h4>\n<p>       <button onclick=\"window.location.href='zyliderkopfdichtung-109668-zu-holder' \"type=\"button\">Weiterlesen<\/button>\n    <\/div>\n<\/p><\/div>\n<div class=\"col-sm-3 galleryitem\">\n     <!-- order:39 --><\/p>\n<div class=\"one-item\">\n       <img decoding=\"async\" src=\"https:\/\/fabijan.si\/wp-content\/uploads\/site-content\/00005723.jpg\" srcset=\" https:\/\/fabijan.si\/wp-content\/uploads\/site-content\/00005723.jpg 300w, https:\/\/fabijan.si\/wp-content\/uploads\/site-content\/00005723.jpg 150w \" \/><\/p>\n<h4>Dichtung 111650<\/h4>\n<p>       <button onclick=\"window.location.href='dichtung-111650' \"type=\"button\">Weiterlesen<\/button>\n    <\/div>\n<\/p><\/div>\n<div class=\"col-sm-3 galleryitem\">\n     <!-- order:40 --><\/p>\n<div class=\"one-item\">\n       <img decoding=\"async\" src=\"https:\/\/fabijan.si\/wp-content\/uploads\/site-content\/00022691_1.jpg\" srcset=\" https:\/\/fabijan.si\/wp-content\/uploads\/site-content\/00022691_1.jpg 300w, https:\/\/fabijan.si\/wp-content\/uploads\/site-content\/00022691_1.jpg 150w \" \/><\/p>\n<h4><\/h4>\n<p>       <button onclick=\"window.location.href='holder-bovden-za-vklop-kardana-156439' \"type=\"button\">Weiterlesen<\/button>\n    <\/div>\n<\/p><\/div>\n<div class=\"col-sm-3 galleryitem\">\n     <!-- order:41 --><\/p>\n<div class=\"one-item\">\n       <img decoding=\"async\" src=\"https:\/\/fabijan.si\/wp-content\/uploads\/site-content\/00014457_1.jpg\" srcset=\" https:\/\/fabijan.si\/wp-content\/uploads\/site-content\/00014457_1.jpg 300w, https:\/\/fabijan.si\/wp-content\/uploads\/site-content\/00014457_1.jpg 150w \" \/><\/p>\n<h4>Lager Holder A550<\/h4>\n<p>       <button onclick=\"window.location.href='lager-holder-a550' \"type=\"button\">Weiterlesen<\/button>\n    <\/div>\n<\/p><\/div>\n<\/div>\n<div class=\"row\">\n<div class=\"col-sm-3 galleryitem\">\n     <!-- order:43 --><\/p>\n<div class=\"one-item\">\n       <img decoding=\"async\" src=\"https:\/\/fabijan.si\/wp-content\/uploads\/site-content\/00023964.jpg\" srcset=\" https:\/\/fabijan.si\/wp-content\/uploads\/site-content\/00023964.jpg 300w, https:\/\/fabijan.si\/wp-content\/uploads\/site-content\/00023964.jpg 150w \" \/><\/p>\n<h4><\/h4>\n<p>       <button onclick=\"window.location.href='holder-pusa-glavnega-lezaja-118602' \"type=\"button\">Weiterlesen<\/button>\n    <\/div>\n<\/p><\/div>\n<div class=\"col-sm-3 galleryitem\">\n     <!-- order:45 --><\/p>\n<div class=\"one-item\">\n       <img decoding=\"async\" src=\"https:\/\/fabijan.si\/wp-content\/uploads\/site-content\/00012608_1.jpg\" srcset=\" https:\/\/fabijan.si\/wp-content\/uploads\/site-content\/00012608_1.jpg 300w, https:\/\/fabijan.si\/wp-content\/uploads\/site-content\/00012608_1.jpg 150w \" \/><\/p>\n<h4>Nadelk\u00e4fig zu HOLDER C770H<\/h4>\n<p>       <button onclick=\"window.location.href='nadelkafig-zu-holder-c770h' \"type=\"button\">Weiterlesen<\/button>\n    <\/div>\n<\/p><\/div>\n<div class=\"col-sm-3 galleryitem\">\n     <!-- order:47 --><\/p>\n<div class=\"one-item\">\n       <img decoding=\"async\" src=\"https:\/\/fabijan.si\/wp-content\/uploads\/site-content\/00007861.jpg\" srcset=\" https:\/\/fabijan.si\/wp-content\/uploads\/site-content\/00007861.jpg 300w, https:\/\/fabijan.si\/wp-content\/uploads\/site-content\/00007861.jpg 150w \" \/><\/p>\n<h4>Keilriemen f\u00fcr C4.74,  A 5.62P<\/h4>\n<p>       <button onclick=\"window.location.href='keilriemen-fur-c4-74-a-5-62p' \"type=\"button\">Weiterlesen<\/button>\n    <\/div>\n<\/p><\/div>\n<div class=\"col-sm-3 galleryitem\">\n     <!-- order:48 --><\/p>\n<div class=\"one-item\">\n       <img decoding=\"async\" src=\"https:\/\/fabijan.si\/wp-content\/uploads\/site-content\/00000825.jpg\" srcset=\" https:\/\/fabijan.si\/wp-content\/uploads\/site-content\/00000825.jpg 300w, https:\/\/fabijan.si\/wp-content\/uploads\/site-content\/00000825.jpg 150w \" \/><\/p>\n<h4>Zwischenwelle 125717<\/h4>\n<p>       <button onclick=\"window.location.href='zwischenwelle-125717' \"type=\"button\">Weiterlesen<\/button>\n    <\/div>\n<\/p><\/div>\n<\/div>\n<div class=\"row\">\n<div class=\"col-sm-3 galleryitem\">\n     <!-- order:49 --><\/p>\n<div class=\"one-item\">\n       <img decoding=\"async\" src=\"https:\/\/fabijan.si\/wp-content\/uploads\/site-content\/00038581.jpg\" srcset=\" https:\/\/fabijan.si\/wp-content\/uploads\/site-content\/00038581.jpg 300w, https:\/\/fabijan.si\/wp-content\/uploads\/site-content\/00038581.jpg 150w \" \/><\/p>\n<h4><\/h4>\n<p>       <button onclick=\"window.location.href='holder-enosmerni-ventil-zavornega-sistema-137386' \"type=\"button\">Weiterlesen<\/button>\n    <\/div>\n<\/p><\/div>\n<div class=\"col-sm-3 galleryitem\">\n     <!-- order:50 --><\/p>\n<div class=\"one-item\">\n       <img decoding=\"async\" src=\"https:\/\/fabijan.si\/wp-content\/uploads\/site-content\/00041736.jpg\" srcset=\" https:\/\/fabijan.si\/wp-content\/uploads\/site-content\/00041736.jpg 300w, https:\/\/fabijan.si\/wp-content\/uploads\/site-content\/00041736.jpg 150w \" \/><\/p>\n<h4><\/h4>\n<p>       <button onclick=\"window.location.href='holder-senzor-temparature-020899' \"type=\"button\">Weiterlesen<\/button>\n    <\/div>\n<\/p><\/div>\n<div class=\"col-sm-3 galleryitem\">\n     <!-- order:51 --><\/p>\n<div class=\"one-item\">\n       <img decoding=\"async\" src=\"https:\/\/fabijan.si\/wp-content\/uploads\/site-content\/00020980.jpg\" srcset=\" https:\/\/fabijan.si\/wp-content\/uploads\/site-content\/00020980.jpg 300w, https:\/\/fabijan.si\/wp-content\/uploads\/site-content\/00020980.jpg 150w \" \/><\/p>\n<h4>Gelenklager 024933<\/h4>\n<p>       <button onclick=\"window.location.href='gelenklager-024933' \"type=\"button\">Weiterlesen<\/button>\n    <\/div>\n<\/p><\/div>\n<\/div>\n<\/div>\n","protected":false},"excerpt":{"rendered":"<p>Zuhause | Ersatzteile Holder Kupplungsventil Holder 115237 Weiterlesen Steuerungszylinder Weiterlesen BREMSZYLINDER 137385 Weiterlesen Kupplungszylinder Weiterlesen Kupplungszylinder Holder Weiterlesen Kraftstofffilter C4.74, A 5.62P Weiterlesen Kraftstofffilter zu HOLDER A760, A550 Weiterlesen Motor\u00f6lfilter A 5.62 P Weiterlesen Hydraulikfilter mit O-ring A 5.62 P Weiterlesen Hydraulikfilter f\u00fcr Aufsaugschlauch zu HOLDER A760, A550 Weiterlesen Bel\u00fcftungsfilter ersetzt 143 398 zu HOLDER [&hellip;]<\/p>\n","protected":false},"author":1,"featured_media":0,"parent":4580480,"menu_order":0,"comment_status":"closed","ping_status":"closed","template":"elementor_theme","meta":{"footnotes":""},"class_list":["post-4581659","page","type-page","status-publish","hentry"],"_links":{"self":[{"href":"https:\/\/fabijan.si\/de\/wp-json\/wp\/v2\/pages\/4581659","targetHints":{"allow":["GET"]}}],"collection":[{"href":"https:\/\/fabijan.si\/de\/wp-json\/wp\/v2\/pages"}],"about":[{"href":"https:\/\/fabijan.si\/de\/wp-json\/wp\/v2\/types\/page"}],"author":[{"embeddable":true,"href":"https:\/\/fabijan.si\/de\/wp-json\/wp\/v2\/users\/1"}],"replies":[{"embeddable":true,"href":"https:\/\/fabijan.si\/de\/wp-json\/wp\/v2\/comments?post=4581659"}],"version-history":[{"count":0,"href":"https:\/\/fabijan.si\/de\/wp-json\/wp\/v2\/pages\/4581659\/revisions"}],"up":[{"embeddable":true,"href":"https:\/\/fabijan.si\/de\/wp-json\/wp\/v2\/pages\/4580480"}],"wp:attachment":[{"href":"https:\/\/fabijan.si\/de\/wp-json\/wp\/v2\/media?parent=4581659"}],"curies":[{"name":"wp","href":"https:\/\/api.w.org\/{rel}","templated":true}]}}