{"id":4581860,"date":"2026-02-03T16:10:24","date_gmt":"2026-02-03T15:10:24","guid":{"rendered":"https:\/\/fabijan.si\/ersatzteile\/mori-tem\/"},"modified":"2026-02-03T16:10:24","modified_gmt":"2026-02-03T15:10:24","slug":"mori-tem","status":"publish","type":"page","link":"https:\/\/fabijan.si\/de\/ersatzteile\/mori-tem\/","title":{"rendered":"mori-tem"},"content":{"rendered":"<div class=\"breadcrumb-container\"><span><br \/>\n<a href=\"https:\/\/fabijan.si\/de\/\">Zuhause<\/a> | <a href=\"https:\/\/fabijan.si\/de\/ersatzteile\/\">Ersatzteile<\/a><\/span>\n<\/div>\n<div class=\"category-title\" style=\"display: flex; justify-content: center;\">\n<h2>MORI-TEM<\/h2>\n<\/div>\n<div class=\"mygallery\">\n<div class=\"row\">\n<div class=\"col-sm-3 galleryitem\">\n     <!-- order:1 --><\/p>\n<div class=\"one-item\">\n       <img decoding=\"async\" src=\"https:\/\/fabijan.si\/wp-content\/uploads\/site-content\/00001654.jpg\" srcset=\" https:\/\/fabijan.si\/wp-content\/uploads\/site-content\/00001654.jpg 300w, https:\/\/fabijan.si\/wp-content\/uploads\/site-content\/00001654.jpg 150w \" \/><\/p>\n<h4>Pumpe EBARA JESM-5 mit Kabel, 220V<\/h4>\n<p>       <button onclick=\"window.location.href='pumpe-ebara-jesm-5-mit-kabel-220v' \"type=\"button\">Weiterlesen<\/button>\n    <\/div>\n<\/p><\/div>\n<div class=\"col-sm-3 galleryitem\">\n     <!-- order:2 --><\/p>\n<div class=\"one-item\">\n       <img decoding=\"async\" src=\"https:\/\/fabijan.si\/wp-content\/uploads\/site-content\/00047026.jpg\" srcset=\" https:\/\/fabijan.si\/wp-content\/uploads\/site-content\/00047026.jpg 300w, https:\/\/fabijan.si\/wp-content\/uploads\/site-content\/00047026.jpg 150w \" \/><\/p>\n<h4>F\u00fcllrohr f\u00fcr Reihenf\u00fcller TEM<\/h4>\n<p>       <button onclick=\"window.location.href='fullrohr-fur-reihenfuller-tem' \"type=\"button\">Weiterlesen<\/button>\n    <\/div>\n<\/p><\/div>\n<div class=\"col-sm-3 galleryitem\">\n     <!-- order:3 --><\/p>\n<div class=\"one-item\">\n       <img decoding=\"async\" src=\"https:\/\/fabijan.si\/wp-content\/uploads\/site-content\/00044629-2.JPG\" srcset=\" https:\/\/fabijan.si\/wp-content\/uploads\/site-content\/00044629-2.JPG 300w, https:\/\/fabijan.si\/wp-content\/uploads\/site-content\/00044629-2.JPG 150w \" \/><\/p>\n<h4>Konus Dichtung f\u00fcr Reihenf\u00fcller MORI Nr. 8<\/h4>\n<p>       <button onclick=\"window.location.href='konus-dichtung-fur-reihenfuller-mori-nr-8' \"type=\"button\">Weiterlesen<\/button>\n    <\/div>\n<\/p><\/div>\n<div class=\"col-sm-3 galleryitem\">\n     <!-- order:4 --><\/p>\n<div class=\"one-item\">\n       <img decoding=\"async\" src=\"https:\/\/fabijan.si\/wp-content\/uploads\/site-content\/00023745.jpg\" srcset=\" https:\/\/fabijan.si\/wp-content\/uploads\/site-content\/00023745.jpg 300w, https:\/\/fabijan.si\/wp-content\/uploads\/site-content\/00023745.jpg 150w \" \/><\/p>\n<h4><\/h4>\n<p>       <button onclick=\"window.location.href='tem-zacetna-plosca-za-filter-20x20' \"type=\"button\">Weiterlesen<\/button>\n    <\/div>\n<\/p><\/div>\n<\/div>\n<div class=\"row\">\n<div class=\"col-sm-3 galleryitem\">\n     <!-- order:5 --><\/p>\n<div class=\"one-item\">\n       <img decoding=\"async\" src=\"https:\/\/fabijan.si\/wp-content\/uploads\/site-content\/00007035.jpg\" srcset=\" https:\/\/fabijan.si\/wp-content\/uploads\/site-content\/00007035.jpg 300w, https:\/\/fabijan.si\/wp-content\/uploads\/site-content\/00007035.jpg 150w \" \/><\/p>\n<h4>Zwischenplatte f\u00fcr Filter JOLY 20&#215;20<\/h4>\n<p>       <button onclick=\"window.location.href='zwischenplatte-fur-filter-joly-20x20' \"type=\"button\">Weiterlesen<\/button>\n    <\/div>\n<\/p><\/div>\n<div class=\"col-sm-3 galleryitem\">\n     <!-- order:6 --><\/p>\n<div class=\"one-item\">\n       <img decoding=\"async\" src=\"https:\/\/fabijan.si\/wp-content\/uploads\/site-content\/00001673.jpg\" srcset=\" https:\/\/fabijan.si\/wp-content\/uploads\/site-content\/00001673.jpg 300w, https:\/\/fabijan.si\/wp-content\/uploads\/site-content\/00001673.jpg 150w \" \/><\/p>\n<h4>Endfilterplatte f\u00fcr Schichtenfilter 20&#215;20<\/h4>\n<p>       <button onclick=\"window.location.href='endfilterplatte-fur-schichtenfilter-20x20' \"type=\"button\">Weiterlesen<\/button>\n    <\/div>\n<\/p><\/div>\n<div class=\"col-sm-3 galleryitem\">\n     <!-- order:7 --><\/p>\n<div class=\"one-item\">\n       <img decoding=\"async\" src=\"https:\/\/fabijan.si\/wp-content\/uploads\/site-content\/00014538.jpg\" srcset=\" https:\/\/fabijan.si\/wp-content\/uploads\/site-content\/00014538.jpg 300w, https:\/\/fabijan.si\/wp-content\/uploads\/site-content\/00014538.jpg 150w \" \/><\/p>\n<h4>DICHTUNGEN F\u00dcR PLATTEN 20X20 Jolly<\/h4>\n<p>       <button onclick=\"window.location.href='dichtungen-f&Uuml;r-platten-20x20-jolly' \"type=\"button\">Weiterlesen<\/button>\n    <\/div>\n<\/p><\/div>\n<div class=\"col-sm-3 galleryitem\">\n     <!-- order:9 --><\/p>\n<div class=\"one-item\">\n       <img decoding=\"async\" src=\"https:\/\/fabijan.si\/wp-content\/uploads\/site-content\/00000958.jpg\" srcset=\" https:\/\/fabijan.si\/wp-content\/uploads\/site-content\/00000958.jpg 300w, https:\/\/fabijan.si\/wp-content\/uploads\/site-content\/00000958.jpg 150w \" \/><\/p>\n<h4>Filterdichtung 200&#215;200 &#8211; Zwischenplatte<\/h4>\n<p>       <button onclick=\"window.location.href='filterdichtung-200x200-zwischenplatte' \"type=\"button\">Weiterlesen<\/button>\n    <\/div>\n<\/p><\/div>\n<\/div>\n<div class=\"row\">\n<div class=\"col-sm-3 galleryitem\">\n     <!-- order:10 --><\/p>\n<div class=\"one-item\">\n       <img decoding=\"async\" src=\"https:\/\/fabijan.si\/wp-content\/uploads\/site-content\/00008183.jpg\" srcset=\" https:\/\/fabijan.si\/wp-content\/uploads\/site-content\/00008183.jpg 300w, https:\/\/fabijan.si\/wp-content\/uploads\/site-content\/00008183.jpg 150w \" \/><\/p>\n<h4>Filterdichtung 200&#215;200 vertikal<\/h4>\n<p>       <button onclick=\"window.location.href='filterdichtung-200x200-vertikal' \"type=\"button\">Weiterlesen<\/button>\n    <\/div>\n<\/p><\/div>\n<div class=\"col-sm-3 galleryitem\">\n     <!-- order:11 --><\/p>\n<div class=\"one-item\">\n       <img decoding=\"async\" src=\"https:\/\/fabijan.si\/wp-content\/uploads\/site-content\/00011729.jpg\" srcset=\" https:\/\/fabijan.si\/wp-content\/uploads\/site-content\/00011729.jpg 300w, https:\/\/fabijan.si\/wp-content\/uploads\/site-content\/00011729.jpg 150w \" \/><\/p>\n<h4>Rohransatz 3\/4&#8243; Inox Jolly<\/h4>\n<p>       <button onclick=\"window.location.href='rohransatz-3-4-inox-jolly' \"type=\"button\">Weiterlesen<\/button>\n    <\/div>\n<\/p><\/div>\n<div class=\"col-sm-3 galleryitem\">\n     <!-- order:12 --><\/p>\n<div class=\"one-item\">\n       <img decoding=\"async\" src=\"https:\/\/fabijan.si\/wp-content\/uploads\/site-content\/00000956.jpg\" srcset=\" https:\/\/fabijan.si\/wp-content\/uploads\/site-content\/00000956.jpg 300w, https:\/\/fabijan.si\/wp-content\/uploads\/site-content\/00000956.jpg 150w \" \/><\/p>\n<h4>Dichtung f\u00fcr Zwischenplatte Schichtenfilter 26x50x21,5<\/h4>\n<p>       <button onclick=\"window.location.href='dichtung-fur-zwischenplatte-schichtenfilter-26x50x215' \"type=\"button\">Weiterlesen<\/button>\n    <\/div>\n<\/p><\/div>\n<div class=\"col-sm-3 galleryitem\">\n     <!-- order:13 --><\/p>\n<div class=\"one-item\">\n       <img decoding=\"async\" src=\"https:\/\/fabijan.si\/wp-content\/uploads\/site-content\/00000957.jpg\" srcset=\" https:\/\/fabijan.si\/wp-content\/uploads\/site-content\/00000957.jpg 300w, https:\/\/fabijan.si\/wp-content\/uploads\/site-content\/00000957.jpg 150w \" \/><\/p>\n<h4>Filterdichtung 400&#215;400- f\u00fcr Endplatte<\/h4>\n<p>       <button onclick=\"window.location.href='filterdichtung-400x400-fur-endplatte' \"type=\"button\">Weiterlesen<\/button>\n    <\/div>\n<\/p><\/div>\n<\/div>\n<div class=\"row\">\n<div class=\"col-sm-3 galleryitem\">\n     <!-- order:14 --><\/p>\n<div class=\"one-item\">\n       <img decoding=\"async\" src=\"https:\/\/fabijan.si\/wp-content\/uploads\/site-content\/00011814.jpg\" srcset=\" https:\/\/fabijan.si\/wp-content\/uploads\/site-content\/00011814.jpg 300w, https:\/\/fabijan.si\/wp-content\/uploads\/site-content\/00011814.jpg 150w \" \/><\/p>\n<h4>Schneckentr\u00e4ger DELTA &#8211; unten<\/h4>\n<p>       <button onclick=\"window.location.href='schneckentrager-delta-unten' \"type=\"button\">Weiterlesen<\/button>\n    <\/div>\n<\/p><\/div>\n<div class=\"col-sm-3 galleryitem\">\n     <!-- order:15 --><\/p>\n<div class=\"one-item\">\n       <img decoding=\"async\" src=\"https:\/\/fabijan.si\/wp-content\/uploads\/site-content\/00010963_1.jpg\" srcset=\" https:\/\/fabijan.si\/wp-content\/uploads\/site-content\/00010963_1.jpg 300w, https:\/\/fabijan.si\/wp-content\/uploads\/site-content\/00010963_1.jpg 150w \" \/><\/p>\n<h4>Schneckentr\u00e4ger DELTA oberer<\/h4>\n<p>       <button onclick=\"window.location.href='schneckentrager-delta-oberer' \"type=\"button\">Weiterlesen<\/button>\n    <\/div>\n<\/p><\/div>\n<div class=\"col-sm-3 galleryitem\">\n     <!-- order:17 --><\/p>\n<div class=\"one-item\">\n       <img decoding=\"async\" src=\"https:\/\/fabijan.si\/wp-content\/uploads\/site-content\/00037179.jpg\" srcset=\" https:\/\/fabijan.si\/wp-content\/uploads\/site-content\/00037179.jpg 300w, https:\/\/fabijan.si\/wp-content\/uploads\/site-content\/00037179.jpg 150w \" \/><\/p>\n<h4>Abbeerfinger f\u00fcr GAMMA 60<\/h4>\n<p>       <button onclick=\"window.location.href='abbeerfinger-fur-gamma-60' \"type=\"button\">Weiterlesen<\/button>\n    <\/div>\n<\/p><\/div>\n<div class=\"col-sm-3 galleryitem\">\n     <!-- order:18 --><\/p>\n<div class=\"one-item\">\n       <img decoding=\"async\" src=\"https:\/\/fabijan.si\/wp-content\/uploads\/site-content\/00019123.jpg\" srcset=\" https:\/\/fabijan.si\/wp-content\/uploads\/site-content\/00019123.jpg 300w, https:\/\/fabijan.si\/wp-content\/uploads\/site-content\/00019123.jpg 150w \" \/><\/p>\n<h4>Abbeerfinger f\u00fcr Rebler MORI<\/h4>\n<p>       <button onclick=\"window.location.href='abbeerfinger-fur-rebler-mori' \"type=\"button\">Weiterlesen<\/button>\n    <\/div>\n<\/p><\/div>\n<\/div>\n<div class=\"row\">\n<div class=\"col-sm-3 galleryitem\">\n     <!-- order:19 --><\/p>\n<div class=\"one-item\">\n       <img decoding=\"async\" src=\"https:\/\/fabijan.si\/wp-content\/uploads\/site-content\/00032906.jpg\" srcset=\" https:\/\/fabijan.si\/wp-content\/uploads\/site-content\/00032906.jpg 300w, https:\/\/fabijan.si\/wp-content\/uploads\/site-content\/00032906.jpg 150w \" \/><\/p>\n<h4>Riemen 1700x28x10 Rebler<\/h4>\n<p>       <button onclick=\"window.location.href='riemen-1700x28x10-rebler' \"type=\"button\">Weiterlesen<\/button>\n    <\/div>\n<\/p><\/div>\n<\/div>\n<\/div>\n","protected":false},"excerpt":{"rendered":"<p>Zuhause | Ersatzteile MORI-TEM Pumpe EBARA JESM-5 mit Kabel, 220V Weiterlesen F\u00fcllrohr f\u00fcr Reihenf\u00fcller TEM Weiterlesen Konus Dichtung f\u00fcr Reihenf\u00fcller MORI Nr. 8 Weiterlesen Weiterlesen Zwischenplatte f\u00fcr Filter JOLY 20&#215;20 Weiterlesen Endfilterplatte f\u00fcr Schichtenfilter 20&#215;20 Weiterlesen DICHTUNGEN F\u00dcR PLATTEN 20X20 Jolly Weiterlesen Filterdichtung 200&#215;200 &#8211; Zwischenplatte Weiterlesen Filterdichtung 200&#215;200 vertikal Weiterlesen Rohransatz 3\/4&#8243; Inox Jolly [&hellip;]<\/p>\n","protected":false},"author":1,"featured_media":0,"parent":4580480,"menu_order":0,"comment_status":"closed","ping_status":"closed","template":"elementor_theme","meta":{"footnotes":""},"class_list":["post-4581860","page","type-page","status-publish","hentry"],"_links":{"self":[{"href":"https:\/\/fabijan.si\/de\/wp-json\/wp\/v2\/pages\/4581860","targetHints":{"allow":["GET"]}}],"collection":[{"href":"https:\/\/fabijan.si\/de\/wp-json\/wp\/v2\/pages"}],"about":[{"href":"https:\/\/fabijan.si\/de\/wp-json\/wp\/v2\/types\/page"}],"author":[{"embeddable":true,"href":"https:\/\/fabijan.si\/de\/wp-json\/wp\/v2\/users\/1"}],"replies":[{"embeddable":true,"href":"https:\/\/fabijan.si\/de\/wp-json\/wp\/v2\/comments?post=4581860"}],"version-history":[{"count":0,"href":"https:\/\/fabijan.si\/de\/wp-json\/wp\/v2\/pages\/4581860\/revisions"}],"up":[{"embeddable":true,"href":"https:\/\/fabijan.si\/de\/wp-json\/wp\/v2\/pages\/4580480"}],"wp:attachment":[{"href":"https:\/\/fabijan.si\/de\/wp-json\/wp\/v2\/media?parent=4581860"}],"curies":[{"name":"wp","href":"https:\/\/api.w.org\/{rel}","templated":true}]}}