{"id":4582139,"date":"2026-02-03T16:11:59","date_gmt":"2026-02-03T15:11:59","guid":{"rendered":"https:\/\/fabijan.si\/ersatzteile\/liverani\/"},"modified":"2026-02-03T16:11:59","modified_gmt":"2026-02-03T15:11:59","slug":"liverani","status":"publish","type":"page","link":"https:\/\/fabijan.si\/de\/ersatzteile\/liverani\/","title":{"rendered":"liverani"},"content":{"rendered":"<div class=\"breadcrumb-container\"><span><br \/>\n<a href=\"https:\/\/fabijan.si\/de\/\">Zuhause<\/a> | <a href=\"https:\/\/fabijan.si\/de\/ersatzteile\/\">Ersatzteile<\/a><\/span>\n<\/div>\n<div class=\"category-title\" style=\"display: flex; justify-content: center;\">\n<h2>Liverani<\/h2>\n<\/div>\n<div class=\"mygallery\">\n<div class=\"row\">\n<div class=\"col-sm-3 galleryitem\">\n     <!-- order:1 --><\/p>\n<div class=\"one-item\">\n       <img decoding=\"async\" src=\"https:\/\/fabijan.si\/wp-content\/uploads\/site-content\/00001013_1.jpg\" srcset=\" https:\/\/fabijan.si\/wp-content\/uploads\/site-content\/00001013_1.jpg 300w, https:\/\/fabijan.si\/wp-content\/uploads\/site-content\/00001013_1.jpg 150w \" \/><\/p>\n<h4>Impeller fur Pumpe<\/h4>\n<p>       <button onclick=\"window.location.href='impeller-fur-pumpe' \"type=\"button\">Weiterlesen<\/button>\n    <\/div>\n<\/p><\/div>\n<div class=\"col-sm-3 galleryitem\">\n     <!-- order:2 --><\/p>\n<div class=\"one-item\">\n       <img decoding=\"async\" src=\"https:\/\/fabijan.si\/wp-content\/uploads\/site-content\/00001013.jpg\" srcset=\" https:\/\/fabijan.si\/wp-content\/uploads\/site-content\/00001013.jpg 300w, https:\/\/fabijan.si\/wp-content\/uploads\/site-content\/00001013.jpg 150w \" \/><\/p>\n<h4>Impeller f\u00fcr Pumpe LIVERANI MINI<\/h4>\n<p>       <button onclick=\"window.location.href='impeller-fur-pumpe-liverani-mini' \"type=\"button\">Weiterlesen<\/button>\n    <\/div>\n<\/p><\/div>\n<div class=\"col-sm-3 galleryitem\">\n     <!-- order:3 --><\/p>\n<div class=\"one-item\">\n       <img decoding=\"async\" src=\"https:\/\/fabijan.si\/wp-content\/uploads\/site-content\/00045005_2.jpg\" srcset=\" https:\/\/fabijan.si\/wp-content\/uploads\/site-content\/00045005_2.jpg 300w, https:\/\/fabijan.si\/wp-content\/uploads\/site-content\/00045005_2.jpg 150w \" \/><\/p>\n<h4><\/h4>\n<p>       <button onclick=\"window.location.href='liverani-rotor-nbr-za-midex' \"type=\"button\">Weiterlesen<\/button>\n    <\/div>\n<\/p><\/div>\n<div class=\"col-sm-3 galleryitem\">\n     <!-- order:4 --><\/p>\n<div class=\"one-item\">\n       <img decoding=\"async\" src=\"https:\/\/fabijan.si\/wp-content\/uploads\/site-content\/00045005_2.jpg\" srcset=\" https:\/\/fabijan.si\/wp-content\/uploads\/site-content\/00045005_2.jpg 300w, https:\/\/fabijan.si\/wp-content\/uploads\/site-content\/00045005_2.jpg 150w \" \/><\/p>\n<h4>Impeller f\u00fcr Pumpe LIVERANI MIDEX<\/h4>\n<p>       <button onclick=\"window.location.href='impeller-fur-pumpe-liverani-midex' \"type=\"button\">Weiterlesen<\/button>\n    <\/div>\n<\/p><\/div>\n<\/div>\n<div class=\"row\">\n<div class=\"col-sm-3 galleryitem\">\n     <!-- order:5 --><\/p>\n<div class=\"one-item\">\n       <img decoding=\"async\" src=\"https:\/\/fabijan.si\/wp-content\/uploads\/site-content\/00023479.jpg\" srcset=\" https:\/\/fabijan.si\/wp-content\/uploads\/site-content\/00023479.jpg 300w, https:\/\/fabijan.si\/wp-content\/uploads\/site-content\/00023479.jpg 150w \" \/><\/p>\n<h4><\/h4>\n<p>       <button onclick=\"window.location.href='liverani-rotor-nr-za-minor' \"type=\"button\">Weiterlesen<\/button>\n    <\/div>\n<\/p><\/div>\n<div class=\"col-sm-3 galleryitem\">\n     <!-- order:6 --><\/p>\n<div class=\"one-item\">\n       <img decoding=\"async\" src=\"https:\/\/fabijan.si\/wp-content\/uploads\/site-content\/00023479.jpg\" srcset=\" https:\/\/fabijan.si\/wp-content\/uploads\/site-content\/00023479.jpg 300w, https:\/\/fabijan.si\/wp-content\/uploads\/site-content\/00023479.jpg 150w \" \/><\/p>\n<h4><\/h4>\n<p>       <button onclick=\"window.location.href='liverani-rotor-cr-za-minor' \"type=\"button\">Weiterlesen<\/button>\n    <\/div>\n<\/p><\/div>\n<div class=\"col-sm-3 galleryitem\">\n     <!-- order:7 --><\/p>\n<div class=\"one-item\">\n       <img decoding=\"async\" src=\"https:\/\/fabijan.si\/wp-content\/uploads\/site-content\/00012472.jpg\" srcset=\" https:\/\/fabijan.si\/wp-content\/uploads\/site-content\/00012472.jpg 300w, https:\/\/fabijan.si\/wp-content\/uploads\/site-content\/00012472.jpg 150w \" \/><\/p>\n<h4>Impeller f\u00fcr Pumpe LIVERANI MAJOR<\/h4>\n<p>       <button onclick=\"window.location.href='impeller-fur-pumpe-liverani-major' \"type=\"button\">Weiterlesen<\/button>\n    <\/div>\n<\/p><\/div>\n<div class=\"col-sm-3 galleryitem\">\n     <!-- order:8 --><\/p>\n<div class=\"one-item\">\n       <img decoding=\"async\" src=\"https:\/\/fabijan.si\/wp-content\/uploads\/site-content\/00023481.jpg\" srcset=\" https:\/\/fabijan.si\/wp-content\/uploads\/site-content\/00023481.jpg 300w, https:\/\/fabijan.si\/wp-content\/uploads\/site-content\/00023481.jpg 150w \" \/><\/p>\n<h4><\/h4>\n<p>       <button onclick=\"window.location.href='liverani-o-tesnilo-pokrova-minor-86x2' \"type=\"button\">Weiterlesen<\/button>\n    <\/div>\n<\/p><\/div>\n<\/div>\n<div class=\"row\">\n<div class=\"col-sm-3 galleryitem\">\n     <!-- order:9 --><\/p>\n<div class=\"one-item\">\n       <img decoding=\"async\" src=\"https:\/\/fabijan.si\/wp-content\/uploads\/site-content\/00014506.jpg\" srcset=\" https:\/\/fabijan.si\/wp-content\/uploads\/site-content\/00014506.jpg 300w, https:\/\/fabijan.si\/wp-content\/uploads\/site-content\/00014506.jpg 150w \" \/><\/p>\n<h4>O-Ring zur Deckel-LIVERANI MAJOR<\/h4>\n<p>       <button onclick=\"window.location.href='o-ring-zur-deckel-liverani-major' \"type=\"button\">Weiterlesen<\/button>\n    <\/div>\n<\/p><\/div>\n<div class=\"col-sm-3 galleryitem\">\n     <!-- order:10 --><\/p>\n<div class=\"one-item\">\n       <img decoding=\"async\" src=\"https:\/\/fabijan.si\/wp-content\/uploads\/site-content\/00023482.jpg\" srcset=\" https:\/\/fabijan.si\/wp-content\/uploads\/site-content\/00023482.jpg 300w, https:\/\/fabijan.si\/wp-content\/uploads\/site-content\/00023482.jpg 150w \" \/><\/p>\n<h4>Gleitringdichtung Liverani MINOR<\/h4>\n<p>       <button onclick=\"window.location.href='gleitringdichtung-liverani-minor' \"type=\"button\">Weiterlesen<\/button>\n    <\/div>\n<\/p><\/div>\n<div class=\"col-sm-3 galleryitem\">\n     <!-- order:11 --><\/p>\n<div class=\"one-item\">\n       <img decoding=\"async\" src=\"https:\/\/fabijan.si\/wp-content\/uploads\/site-content\/00023599.jpg\" srcset=\" https:\/\/fabijan.si\/wp-content\/uploads\/site-content\/00023599.jpg 300w, https:\/\/fabijan.si\/wp-content\/uploads\/site-content\/00023599.jpg 150w \" \/><\/p>\n<h4><\/h4>\n<p>       <button onclick=\"window.location.href='liverani-distancnik-za-minor-midex' \"type=\"button\">Weiterlesen<\/button>\n    <\/div>\n<\/p><\/div>\n<div class=\"col-sm-3 galleryitem\">\n     <!-- order:12 --><\/p>\n<div class=\"one-item\">\n       <img decoding=\"async\" src=\"https:\/\/fabijan.si\/wp-content\/uploads\/site-content\/00023739.jpg\" srcset=\" https:\/\/fabijan.si\/wp-content\/uploads\/site-content\/00023739.jpg 300w, https:\/\/fabijan.si\/wp-content\/uploads\/site-content\/00023739.jpg 150w \" \/><\/p>\n<h4><\/h4>\n<p>       <button onclick=\"window.location.href='liverani-drsno-tesnilo-za-major' \"type=\"button\">Weiterlesen<\/button>\n    <\/div>\n<\/p><\/div>\n<\/div>\n<div class=\"row\">\n<div class=\"col-sm-3 galleryitem\">\n     <!-- order:13 --><\/p>\n<div class=\"one-item\">\n       <img decoding=\"async\" src=\"https:\/\/fabijan.si\/wp-content\/uploads\/site-content\/00014507.jpg\" srcset=\" https:\/\/fabijan.si\/wp-content\/uploads\/site-content\/00014507.jpg 300w, https:\/\/fabijan.si\/wp-content\/uploads\/site-content\/00014507.jpg 150w \" \/><\/p>\n<h4>Rotorgeh\u00e4use &#8211; LIVERANI MAJOR<\/h4>\n<p>       <button onclick=\"window.location.href='rotorgehause-liverani-major' \"type=\"button\">Weiterlesen<\/button>\n    <\/div>\n<\/p><\/div>\n<\/div>\n<\/div>\n","protected":false},"excerpt":{"rendered":"<p>Zuhause | Ersatzteile Liverani Impeller fur Pumpe Weiterlesen Impeller f\u00fcr Pumpe LIVERANI MINI Weiterlesen Weiterlesen Impeller f\u00fcr Pumpe LIVERANI MIDEX Weiterlesen Weiterlesen Weiterlesen Impeller f\u00fcr Pumpe LIVERANI MAJOR Weiterlesen Weiterlesen O-Ring zur Deckel-LIVERANI MAJOR Weiterlesen Gleitringdichtung Liverani MINOR Weiterlesen Weiterlesen Weiterlesen Rotorgeh\u00e4use &#8211; LIVERANI MAJOR Weiterlesen<\/p>\n","protected":false},"author":1,"featured_media":0,"parent":4580480,"menu_order":0,"comment_status":"closed","ping_status":"closed","template":"elementor_theme","meta":{"footnotes":""},"class_list":["post-4582139","page","type-page","status-publish","hentry"],"_links":{"self":[{"href":"https:\/\/fabijan.si\/de\/wp-json\/wp\/v2\/pages\/4582139","targetHints":{"allow":["GET"]}}],"collection":[{"href":"https:\/\/fabijan.si\/de\/wp-json\/wp\/v2\/pages"}],"about":[{"href":"https:\/\/fabijan.si\/de\/wp-json\/wp\/v2\/types\/page"}],"author":[{"embeddable":true,"href":"https:\/\/fabijan.si\/de\/wp-json\/wp\/v2\/users\/1"}],"replies":[{"embeddable":true,"href":"https:\/\/fabijan.si\/de\/wp-json\/wp\/v2\/comments?post=4582139"}],"version-history":[{"count":0,"href":"https:\/\/fabijan.si\/de\/wp-json\/wp\/v2\/pages\/4582139\/revisions"}],"up":[{"embeddable":true,"href":"https:\/\/fabijan.si\/de\/wp-json\/wp\/v2\/pages\/4580480"}],"wp:attachment":[{"href":"https:\/\/fabijan.si\/de\/wp-json\/wp\/v2\/media?parent=4582139"}],"curies":[{"name":"wp","href":"https:\/\/api.w.org\/{rel}","templated":true}]}}