{"id":4582835,"date":"2026-02-03T16:30:34","date_gmt":"2026-02-03T15:30:34","guid":{"rendered":"https:\/\/fabijan.si\/hersteller\/mcccormick\/traktor-mccormick-x7-450-vt-drive\/"},"modified":"2026-02-03T16:30:34","modified_gmt":"2026-02-03T15:30:34","slug":"traktor-mccormick-x7-450-vt-drive","status":"publish","type":"page","link":"https:\/\/fabijan.si\/de\/hersteller\/mcccormick\/traktor-mccormick-x7-450-vt-drive\/","title":{"rendered":"traktor-mccormick-x7-450-vt-drive"},"content":{"rendered":"\n<div class=\"container\">\n<div class=\"breadcrumb-container\"><span><br \/>\n<a href=\"https:\/\/fabijan.si\/de\/\">Zuhause<\/a> | <a href=\"https:\/\/fabijan.si\/de\/hersteller\/\">Hersteller<\/a> | <a href=\"https:\/\/fabijan.si\/de\/hersteller\/mcccormick\/\">McCCORMICK<\/a><\/span>\n<\/div>\n<div class=\"row\">\n<div class=\"col-6\">\n<div id=\"carouselExampleControls\" class=\"carousel slide carousel-container\" data-interval=\"false\">\n<div class=\"carousel-inner\">\n<div class=\"carousel-item active\">   <img decoding=\"async\" src=\"https:\/\/fabijan.si\/wp-content\/uploads\/site-content\/traktor-mccormick-x7.jpg\" class=\"d-block w-100\" alt=\"...\"><\/div>\n<\/p><\/div>\n<p>              <button class=\"carousel-control-prev\" type=\"button\" data-bs-target=\"#carouselExampleControls\" data-bs-slide=\"prev\"><br \/>\n                <span class=\"carousel-control-prev-icon\" aria-hidden=\"true\"><\/span><br \/>\n              <\/button><br \/>\n              <button class=\"carousel-control-next\" type=\"button\" data-bs-target=\"#carouselExampleControls\" data-bs-slide=\"next\"><br \/>\n                <span class=\"carousel-control-next-icon\" aria-hidden=\"true\"><\/span><br \/>\n              <\/button>\n            <\/div>\n<\/p><\/div>\n<div class=\"col-6 slo-name\">\n            Traktor McCormick X7.450 VT DRIVE<\/p>\n<div class=\"brand\">Cooling Package leicht zug\u00e4nglich<br \/>\n  Kraftstofftank (Fassungsverm\u00f6gen 280 lt. + 38 lt. AdBlue)<br \/>\n  Standard Viskol\u00fcfterantrieb f\u00fcr gem\u00e4\u00dfigtes Klima<br \/>\n  Kraftstofffilter + Wasserabscheider<br \/>\n  Staubauswurf<br \/>\n  Beta Power (PB) T4i, TDCR, SCR, 4500cc, 4 Zylinder 16 V, max  160hp \/ 118kW<br \/>\nHinterachse: mit Flansch<br \/>\n Elektrohydraulische 4WD<br \/>\n &#8222;VT-DRIVE&#8220; stufenloses Getriebe<\/div>\n<p>\t\t\t<!-- \n\n<div class=\"price-container\">\n                \n\n<p class=\"price\">###PRICE###<\/p>\n\n --><br \/>\n                <!-- <button type=\"button\" class=\"btn btn-config btn-lg\">Pojdi na konfigurator<\/button> -->\n            <\/div>\n<\/p><\/div>\n<div class=\"menu\">\n<div class=\"btn-group d-flex justify-content-center\" id=\"menu-buttons\">\n              <button type=\"button\" onClick = \"showSpecs()\" class=\"btn menu-button menu-title active\">SPEZIFIKATIONEN<\/button><br \/>\n              <button type=\"button\" onClick = \"showDescription()\" class=\"btn menu-button menu-title\">BESCHREIBUNG<\/button><br \/>\n              <button type=\"button\" onClick = \"showMaterial()\" class=\"btn menu-button menu-title\">MATERIAL<\/button>\n            <\/div>\n<div id=\"specs\">\n<ul class=\"list-group\">\n                Cooling Package leicht zug\u00e4nglich<br \/>\n  Kraftstofftank (Fassungsverm\u00f6gen 280 lt. + 38 lt. AdBlue)<br \/>\n  Standard Viskol\u00fcfterantrieb f\u00fcr gem\u00e4\u00dfigtes Klima<br \/>\n  Kraftstofffilter + Wasserabscheider<br \/>\n  Staubauswurf<br \/>\n  Beta Power (PB) T4i, TDCR, SCR, 4500cc, 4 Zylinder 16 V, max  160hp \/ 118kW<br \/>\nHinterachse: mit Flansch<br \/>\n Elektrohydraulische 4WD<br \/>\n &#8222;VT-DRIVE&#8220; stufenloses Getriebe\n              <\/ul>\n<\/p><\/div>\n<div id=\"description\">\n              MOTOR<\/p>\n<p>  Cooling Package leicht zug\u00e4nglich<br \/>\n  Kraftstofftank (Fassungsverm\u00f6gen 280 lt. + 38 lt. AdBlue)<br \/>\n  Standard Viskol\u00fcfterantrieb f\u00fcr gem\u00e4\u00dfigtes Klima<br \/>\n  Kraftstofffilter + Wasserabscheider<br \/>\n  Staubauswurf<br \/>\n  Beta Power (PB) T4i, TDCR, SCR, 4500cc, 4 Zylinder 16 V, max  160hp \/ 118kW<\/p>\n<p>GETRIEBE \/ zapfwellen<\/p>\n<p> Hinterachse: mit Flansch<br \/>\n Elektrohydraulische 4WD<br \/>\n &#8222;VT-DRIVE&#8220; stufenloses Getriebe<br \/>\n Vordere und hintere unabh\u00e4ngige Brems steigerte 4WD-System<br \/>\n Elektrohydraulische Zapfwelle 540\/1000 \/ 540E \/ 1000E rpm<br \/>\n 4WD Vorderachse mit Lenksensor, Nasskupplungsscheibe 100% Differenzialsperre<\/p>\n<p>Hydraulik \/ Dreipunktaufh\u00e4ngung \/ Heckkraftheber<\/p>\n<p> Load Sensing verstellbaren Hydraulikpumpe 123 l \/ min + Lenkungspumpe 44 l \/ min<br \/>\n 3 Point Hitch Kat. III, mit Schnellhaken und mechanische dritten Punkt<br \/>\n Elektronische Hydraulische Zylinder mit 2 100 mm. Durchmesser, Tragkraft 9.300 kg<br \/>\n2 Leveling Stange mechanisch f\u00fcr 3 Punktgest\u00e4nge gesteuert<br \/>\n Fern hitch &#038; Auto PTO Steuerung &#8211; erm\u00f6glicht Betrieb von einem der hinteren Kotfl\u00fcgel<br \/>\n 4 Schieberventile elektrohydraulisch gesteuert<br \/>\n Zwei externe Hydraulikzylinder &#8211; 100 mm Durchmesser<br \/>\n1 Niederdruck-R\u00fccklaufkreis<br \/>\n Teleskop hinteren Stabilisatoren<br \/>\n Drehen, manuellen Schiebekupplung, CEE-Typ<\/p>\n<p>Bedienerbereich<\/p>\n<p> Neigbar und Teleskoplenks\u00e4ule mit integrierter Digital Cluster<br \/>\n Operator Schwenksitz mit Textilbezug, niedrige Frequenz Luftfederung, automatischer Niveauregulierung in OPS,<br \/>\nSicherheitsgurt, Lendenwirbelst\u00fctze, Kopfst\u00fctzen, Armlehnen RHS Steuer<br \/>\n &#8222;Hide away&#8220; vollklappbar Beifahrersitz mit Sicherheitsgurt<br \/>\n Heckscheibenwischer<br \/>\n Weitteleskop Externe Mirrors<br \/>\n 4 post &#8222;Premiere Cab&#8220; hohe Sichtbarkeit, einteilige Frontscheibe, &#8222;soft touch&#8220; interior,<br \/>\nK\u00fchlkoffer, selbstr\u00fcck Gegenzug f\u00fchrte Innenbeleuchtung<br \/>\n Digitale Instrumententafel<br \/>\n Klimaautomatik<br \/>\n Zu \u00f6ffnende Dachluke mit Sonnenschutz<br \/>\n Sonnenblende<br \/>\n Weniger DSM &#8211; Daten Screen Manager<br \/>\n Multi-Funktionen Armlehnensteuerung: Getriebesteuerung, Heckkraftheber, Zapfwelle, Schieberventile, &#8222;meinen<br \/>\nSchalter &#8222;, Tempomat, Vorgewende-Management<br \/>\n 16 Arbeitsscheinwerfer: 6 vorne Dach montiert, 4 hinten Dach montiert, 2 Hecks\u00e4ule, 2 auf der Frontgriffe,\n            <\/p><\/div>\n<div id=\"material\">\n<div class=\"one-item\"><button onclick=\"window.open('https:\/\/fabijan.si\/wp-content\/uploads\/site-content\/propekt-mccormick-x7.pdf')\" type=\"button\">Katalog herunterladen<\/button><\/div>\n<\/p><\/div>\n<\/p><\/div>\n<\/p><\/div>\n<\/p><\/div>\n","protected":false},"excerpt":{"rendered":"<p>Zuhause | Hersteller | McCCORMICK Traktor McCormick X7.450 VT DRIVE Cooling Package leicht zug\u00e4nglich Kraftstofftank (Fassungsverm\u00f6gen 280 lt. + 38 lt. AdBlue) Standard Viskol\u00fcfterantrieb f\u00fcr gem\u00e4\u00dfigtes Klima Kraftstofffilter + Wasserabscheider Staubauswurf Beta Power (PB) T4i, TDCR, SCR, 4500cc, 4 Zylinder 16 V, max 160hp \/ 118kW Hinterachse: mit Flansch Elektrohydraulische 4WD &#8222;VT-DRIVE&#8220; stufenloses Getriebe SPEZIFIKATIONEN [&hellip;]<\/p>\n","protected":false},"author":1,"featured_media":0,"parent":4582280,"menu_order":0,"comment_status":"closed","ping_status":"closed","template":"elementor_theme","meta":{"footnotes":""},"class_list":["post-4582835","page","type-page","status-publish","hentry"],"_links":{"self":[{"href":"https:\/\/fabijan.si\/de\/wp-json\/wp\/v2\/pages\/4582835","targetHints":{"allow":["GET"]}}],"collection":[{"href":"https:\/\/fabijan.si\/de\/wp-json\/wp\/v2\/pages"}],"about":[{"href":"https:\/\/fabijan.si\/de\/wp-json\/wp\/v2\/types\/page"}],"author":[{"embeddable":true,"href":"https:\/\/fabijan.si\/de\/wp-json\/wp\/v2\/users\/1"}],"replies":[{"embeddable":true,"href":"https:\/\/fabijan.si\/de\/wp-json\/wp\/v2\/comments?post=4582835"}],"version-history":[{"count":0,"href":"https:\/\/fabijan.si\/de\/wp-json\/wp\/v2\/pages\/4582835\/revisions"}],"up":[{"embeddable":true,"href":"https:\/\/fabijan.si\/de\/wp-json\/wp\/v2\/pages\/4582280"}],"wp:attachment":[{"href":"https:\/\/fabijan.si\/de\/wp-json\/wp\/v2\/media?parent=4582835"}],"curies":[{"name":"wp","href":"https:\/\/api.w.org\/{rel}","templated":true}]}}