{"id":4582838,"date":"2026-02-03T16:30:35","date_gmt":"2026-02-03T15:30:35","guid":{"rendered":"https:\/\/fabijan.si\/hersteller\/mcccormick\/traktor-mccormick-x7-460-vt-drive\/"},"modified":"2026-02-03T16:30:35","modified_gmt":"2026-02-03T15:30:35","slug":"traktor-mccormick-x7-460-vt-drive","status":"publish","type":"page","link":"https:\/\/fabijan.si\/de\/hersteller\/mcccormick\/traktor-mccormick-x7-460-vt-drive\/","title":{"rendered":"traktor-mccormick-x7-460-vt-drive"},"content":{"rendered":"\n<div class=\"container\">\n<div class=\"breadcrumb-container\"><span><br \/>\n<a href=\"https:\/\/fabijan.si\/de\/\">Zuhause<\/a> | <a href=\"https:\/\/fabijan.si\/de\/hersteller\/\">Hersteller<\/a> | <a href=\"https:\/\/fabijan.si\/de\/hersteller\/mcccormick\/\">McCCORMICK<\/a><\/span>\n<\/div>\n<div class=\"row\">\n<div class=\"col-6\">\n<div id=\"carouselExampleControls\" class=\"carousel slide carousel-container\" data-interval=\"false\">\n<div class=\"carousel-inner\">\n<div class=\"carousel-item active\">   <img decoding=\"async\" src=\"https:\/\/fabijan.si\/wp-content\/uploads\/site-content\/traktor-mccormick-x7.jpg\" class=\"d-block w-100\" alt=\"...\"><\/div>\n<\/p><\/div>\n<p>              <button class=\"carousel-control-prev\" type=\"button\" data-bs-target=\"#carouselExampleControls\" data-bs-slide=\"prev\"><br \/>\n                <span class=\"carousel-control-prev-icon\" aria-hidden=\"true\"><\/span><br \/>\n              <\/button><br \/>\n              <button class=\"carousel-control-next\" type=\"button\" data-bs-target=\"#carouselExampleControls\" data-bs-slide=\"next\"><br \/>\n                <span class=\"carousel-control-next-icon\" aria-hidden=\"true\"><\/span><br \/>\n              <\/button>\n            <\/div>\n<\/p><\/div>\n<div class=\"col-6 slo-name\">\n            Traktor McCormick X7.460 VT DRIVE<\/p>\n<div class=\"brand\">Cooling Package leicht zug\u00e4nglich<br \/>\n  Kraftstofftank (Fassungsverm\u00f6gen 280 lt. + 38 lt. AdBlue)<br \/>\n  Standard Viskol\u00fcfterantrieb f\u00fcr gem\u00e4\u00dfigtes Klima<br \/>\n  Kraftstofffilter + Wasserabscheider<br \/>\n  Staubauswurf<br \/>\n  Beta Power (PB) T4i, TDCR, SCR, 4500cc, 4 Zylinder 16 V,  166hp \/ 122kW mit power plus 175ps\/129kw<br \/>\n Hinterachse: mit Flansch<br \/>\n Elektrohydraulische 4WD<br \/>\n &#8222;VT-DRIVE&#8220; stufenloses Getriebe<\/div>\n<p>\t\t\t<!-- \n\n<div class=\"price-container\">\n                \n\n<p class=\"price\">###PRICE###<\/p>\n\n --><br \/>\n                <!-- <button type=\"button\" class=\"btn btn-config btn-lg\">Pojdi na konfigurator<\/button> -->\n            <\/div>\n<\/p><\/div>\n<div class=\"menu\">\n<div class=\"btn-group d-flex justify-content-center\" id=\"menu-buttons\">\n              <button type=\"button\" onClick = \"showSpecs()\" class=\"btn menu-button menu-title active\">SPEZIFIKATIONEN<\/button><br \/>\n              <button type=\"button\" onClick = \"showDescription()\" class=\"btn menu-button menu-title\">BESCHREIBUNG<\/button><br \/>\n              <button type=\"button\" onClick = \"showMaterial()\" class=\"btn menu-button menu-title\">MATERIAL<\/button>\n            <\/div>\n<div id=\"specs\">\n<ul class=\"list-group\">\n                Cooling Package leicht zug\u00e4nglich<br \/>\n  Kraftstofftank (Fassungsverm\u00f6gen 280 lt. + 38 lt. AdBlue)<br \/>\n  Standard Viskol\u00fcfterantrieb f\u00fcr gem\u00e4\u00dfigtes Klima<br \/>\n  Kraftstofffilter + Wasserabscheider<br \/>\n  Staubauswurf<br \/>\n  Beta Power (PB) T4i, TDCR, SCR, 4500cc, 4 Zylinder 16 V,  166hp \/ 122kW mit power plus 175ps\/129kw<br \/>\n Hinterachse: mit Flansch<br \/>\n Elektrohydraulische 4WD<br \/>\n &#8222;VT-DRIVE&#8220; stufenloses Getriebe\n              <\/ul>\n<\/p><\/div>\n<div id=\"description\">\n              MOTOR<\/p>\n<p>  Cooling Package leicht zug\u00e4nglich<br \/>\n  Kraftstofftank (Fassungsverm\u00f6gen 280 lt. + 38 lt. AdBlue)<br \/>\n  Standard Viskol\u00fcfterantrieb f\u00fcr gem\u00e4\u00dfigtes Klima<br \/>\n  Kraftstofffilter + Wasserabscheider<br \/>\n  Staubauswurf<br \/>\n  Beta Power (PB) T4i, TDCR, SCR, 4500cc, 4 Zylinder 16 V,  166hp \/ 122kW mit power plus 175ps\/129kw\n            <\/p><\/div>\n<div id=\"material\">\n<div class=\"one-item\"><button onclick=\"window.open('https:\/\/fabijan.si\/wp-content\/uploads\/site-content\/propekt-mccormick-x7.pdf')\" type=\"button\">Katalog herunterladen<\/button><\/div>\n<\/p><\/div>\n<\/p><\/div>\n<\/p><\/div>\n<\/p><\/div>\n","protected":false},"excerpt":{"rendered":"<p>Zuhause | Hersteller | McCCORMICK Traktor McCormick X7.460 VT DRIVE Cooling Package leicht zug\u00e4nglich Kraftstofftank (Fassungsverm\u00f6gen 280 lt. + 38 lt. AdBlue) Standard Viskol\u00fcfterantrieb f\u00fcr gem\u00e4\u00dfigtes Klima Kraftstofffilter + Wasserabscheider Staubauswurf Beta Power (PB) T4i, TDCR, SCR, 4500cc, 4 Zylinder 16 V, 166hp \/ 122kW mit power plus 175ps\/129kw Hinterachse: mit Flansch Elektrohydraulische 4WD &#8222;VT-DRIVE&#8220; [&hellip;]<\/p>\n","protected":false},"author":1,"featured_media":0,"parent":4582280,"menu_order":0,"comment_status":"closed","ping_status":"closed","template":"elementor_theme","meta":{"footnotes":""},"class_list":["post-4582838","page","type-page","status-publish","hentry"],"_links":{"self":[{"href":"https:\/\/fabijan.si\/de\/wp-json\/wp\/v2\/pages\/4582838","targetHints":{"allow":["GET"]}}],"collection":[{"href":"https:\/\/fabijan.si\/de\/wp-json\/wp\/v2\/pages"}],"about":[{"href":"https:\/\/fabijan.si\/de\/wp-json\/wp\/v2\/types\/page"}],"author":[{"embeddable":true,"href":"https:\/\/fabijan.si\/de\/wp-json\/wp\/v2\/users\/1"}],"replies":[{"embeddable":true,"href":"https:\/\/fabijan.si\/de\/wp-json\/wp\/v2\/comments?post=4582838"}],"version-history":[{"count":0,"href":"https:\/\/fabijan.si\/de\/wp-json\/wp\/v2\/pages\/4582838\/revisions"}],"up":[{"embeddable":true,"href":"https:\/\/fabijan.si\/de\/wp-json\/wp\/v2\/pages\/4582280"}],"wp:attachment":[{"href":"https:\/\/fabijan.si\/de\/wp-json\/wp\/v2\/media?parent=4582838"}],"curies":[{"name":"wp","href":"https:\/\/api.w.org\/{rel}","templated":true}]}}