{"id":4583147,"date":"2026-02-03T16:32:53","date_gmt":"2026-02-03T15:32:53","guid":{"rendered":"https:\/\/fabijan.si\/hersteller\/skrlj\/automatische-pneumatische-presse-skrlj-pst-12-hl\/"},"modified":"2026-02-03T16:32:53","modified_gmt":"2026-02-03T15:32:53","slug":"automatische-pneumatische-presse-skrlj-pst-12-hl","status":"publish","type":"page","link":"https:\/\/fabijan.si\/de\/hersteller\/skrlj\/automatische-pneumatische-presse-skrlj-pst-12-hl\/","title":{"rendered":"automatische-pneumatische-presse-skrlj-pst-12-hl"},"content":{"rendered":"\n<div class=\"container\">\n<div class=\"breadcrumb-container\"><span><br \/>\n<a href=\"https:\/\/fabijan.si\/de\/\">Zuhause<\/a> | <a href=\"https:\/\/fabijan.si\/de\/hersteller\/\">Hersteller<\/a> | <a href=\"https:\/\/fabijan.si\/de\/hersteller\/skrlj\/\">\u0160KRLJ<\/a><\/span>\n<\/div>\n<div class=\"row\">\n<div class=\"col-6\">\n<div id=\"carouselExampleControls\" class=\"carousel slide carousel-container\" data-interval=\"false\">\n<div class=\"carousel-inner\">\n<div class=\"carousel-item active\">   <img decoding=\"async\" src=\"https:\/\/fabijan.si\/wp-content\/uploads\/site-content\/00005411-1.jpg\" class=\"d-block w-100\" alt=\"...\"><\/div>\n<div class=\"carousel-item \">   <img decoding=\"async\" src=\"https:\/\/fabijan.si\/wp-content\/uploads\/site-content\/00005411-2.jpg\" class=\"d-block w-100\" alt=\"...\"><\/div>\n<div class=\"carousel-item \">   <img decoding=\"async\" src=\"https:\/\/fabijan.si\/wp-content\/uploads\/site-content\/pst-kanali.jpg\" class=\"d-block w-100\" alt=\"...\"><\/div>\n<\/p><\/div>\n<p>              <button class=\"carousel-control-prev\" type=\"button\" data-bs-target=\"#carouselExampleControls\" data-bs-slide=\"prev\"><br \/>\n                <span class=\"carousel-control-prev-icon\" aria-hidden=\"true\"><\/span><br \/>\n              <\/button><br \/>\n              <button class=\"carousel-control-next\" type=\"button\" data-bs-target=\"#carouselExampleControls\" data-bs-slide=\"next\"><br \/>\n                <span class=\"carousel-control-next-icon\" aria-hidden=\"true\"><\/span><br \/>\n              <\/button>\n            <\/div>\n<\/p><\/div>\n<div class=\"col-6 slo-name\">\n            Automatische Pneumatische Presse \u0160KRLJ PST 12 hl<\/p>\n<div class=\"brand\">Halbmembrane<br \/>\n geschlossene Trommel, Abflusskan\u00e4le<br \/>\n Automatik AE: 5 voreingestellte Programme, manuelle und<br \/>\n automatische Arbeitsweise<br \/>\n Vakuumpumpe<br \/>\n eingebauter Kolbenkompressor<br \/>\n Schiebet\u00fcr<br \/>\n Sicherheitsschnur<br \/>\n elektropolierte Abflusskan\u00e4le<br \/>\n die Presse und Mostsammelwanne auf Rollen<br \/>\n Anschlu\u00dfspannung 400V 50HZ, dreiphasig<br \/>\n Sammelwanne auf Rollen, Anschluss DN40 u.Kugelhahn<br \/>\n Anschluss auf der Sammelwanne<br \/>\n Konformit\u00e4tserkl\u00e4rung CE \/ Dokumentation PED (97\/23\/EG)<br \/>\n Kanalpkappe<\/div>\n<p>\t\t\t<!-- \n\n<div class=\"price-container\">\n                \n\n<p class=\"price\">###PRICE###<\/p>\n\n --><br \/>\n                <!-- <button type=\"button\" class=\"btn btn-config btn-lg\">Pojdi na konfigurator<\/button> -->\n            <\/div>\n<\/p><\/div>\n<div class=\"menu\">\n<div class=\"btn-group d-flex justify-content-center\" id=\"menu-buttons\">\n              <button type=\"button\" onClick = \"showSpecs()\" class=\"btn menu-button menu-title active\">SPEZIFIKATIONEN<\/button><br \/>\n              <button type=\"button\" onClick = \"showDescription()\" class=\"btn menu-button menu-title\">BESCHREIBUNG<\/button><br \/>\n              <button type=\"button\" onClick = \"showMaterial()\" class=\"btn menu-button menu-title\">MATERIAL<\/button>\n            <\/div>\n<div id=\"specs\">\n<ul class=\"list-group\">\n                Halbmembrane<br \/>\n geschlossene Trommel, Abflusskan\u00e4le<br \/>\n Automatik AE: 5 voreingestellte Programme, manuelle und<br \/>\n automatische Arbeitsweise<br \/>\n Vakuumpumpe<br \/>\n eingebauter Kolbenkompressor<br \/>\n Schiebet\u00fcr<br \/>\n Sicherheitsschnur<br \/>\n elektropolierte Abflusskan\u00e4le<br \/>\n die Presse und Mostsammelwanne auf Rollen<br \/>\n Anschlu\u00dfspannung 400V 50HZ, dreiphasig<br \/>\n Sammelwanne auf Rollen, Anschluss DN40 u.Kugelhahn<br \/>\n Anschluss auf der Sammelwanne<br \/>\n Konformit\u00e4tserkl\u00e4rung CE \/ Dokumentation PED (97\/23\/EG)<br \/>\n Kanalpkappe\n              <\/ul>\n<\/p><\/div>\n<div id=\"description\">\n              STANDARDAUSSTATTUNG:<\/p>\n<p> Automatik AE: 5 voreingestellte Programme, manuelle und<br \/>\nautomatische Arbeitsweise<br \/>\nVakuumpumpe<br \/>\n eingebauter Kolbenkompressor<br \/>\n Schiebet\u00fcr<br \/>\n Sicherheitsschnur<br \/>\n elektropolierte Abflusskan\u00e4le (Modelle PST)<br \/>\n elektropolierte Trommel (Modelle PSP)<br \/>\n Anschlu\u00df f\u00fcr Zentralbef\u00fcllung DN100, ohne Ventil (PS_10,12,16)<br \/>\n die Presse und Mostsammelwanne auf Rollen<br \/>\n Reinigungs\u00f6ffnung DN50 DIN11851 mit Kappe (PSP_10,12,16)<br \/>\n Anschlu\u00dfspannung 400V 50HZ, dreiphasig<br \/>\n Konformit\u00e4tserkl\u00e4rung CE \/ Dokumentation PED (97\/23\/EG)<\/p>\n<p> ZUS\u00c4TZLICHE AUSSTATTUNG:<\/p>\n<p> Automatik AV oder AV auf Kabel: 10 einstellbare Programme:<br \/>\n 6 Standardprogramme, 3 sequentielle Programme, 1 Sonderprogramm)<br \/>\n eingebauter Lamellenkompressor<br \/>\n Ventil der Zentralbef\u00fcllung DN65, 80 oder 100, Gewinde DIN11851,<br \/>\n Garolla oder TC (PS_10,12,16)<br \/>\n Signal gegen \u00dcberf\u00fcllung<br \/>\n Sieb auf dem Ablauf der Sammelwanne<br \/>\n Niveauschalter (nur mit Automatik AV auf Kabel)<br \/>\n Erh\u00f6hung des Ger\u00fcstes der Presse oder der Mostwanne<br \/>\n Sch\u00fcttwanne<br \/>\n Anschlu\u00dfspannung 230V, einphasig (nur mit Kolbenkompressor)<br \/>\n Anschlu\u00dfspannung verschieden von 230\/400V 50Hz<\/p>\n<p> ZUS\u00c4TZLICHE AUSSTATTUNG (PST):<\/p>\n<p> Deckel der T\u00fcr\u00f6ffnung und Kanalkappen (f\u00fcr Mazeration)<br \/>\n K\u00fchlmantel (Anschl\u00fcsse auf der Trommel oder \u00fcber rotierende Zufuhr)<br \/>\n Reinigungsrohr f\u00fcr Abflusskan\u00e4le, 3 m\n            <\/p><\/div>\n<div id=\"material\">\n<div class=\"one-item\"><button onclick=\"window.open('https:\/\/fabijan.si\/wp-content\/uploads\/site-content\/prospekt-s-tehnicnimi-karakteristikami-pst-12.pdf')\" type=\"button\">Katalog herunterladen<\/button><\/div>\n<div class=\"one-item\"><button onclick=\"window.open('https:\/\/fabijan.si\/wp-content\/uploads\/site-content\/pnevmatske-stiskalnice-2015-sl.pdf')\" type=\"button\">Katalog herunterladen<\/button><\/div>\n<div class=\"one-item\"><button onclick=\"window.open('https:\/\/fabijan.si\/wp-content\/uploads\/site-content\/pnevmatske-stiskalnice-skrlj-2015-de.pdf')\" type=\"button\">Katalog herunterladen<\/button><\/div>\n<\/p><\/div>\n<\/p><\/div>\n<\/p><\/div>\n<\/p><\/div>\n","protected":false},"excerpt":{"rendered":"<p>Zuhause | Hersteller | \u0160KRLJ Automatische Pneumatische Presse \u0160KRLJ PST 12 hl Halbmembrane geschlossene Trommel, Abflusskan\u00e4le Automatik AE: 5 voreingestellte Programme, manuelle und automatische Arbeitsweise Vakuumpumpe eingebauter Kolbenkompressor Schiebet\u00fcr Sicherheitsschnur elektropolierte Abflusskan\u00e4le die Presse und Mostsammelwanne auf Rollen Anschlu\u00dfspannung 400V 50HZ, dreiphasig Sammelwanne auf Rollen, Anschluss DN40 u.Kugelhahn Anschluss auf der Sammelwanne Konformit\u00e4tserkl\u00e4rung CE \/ [&hellip;]<\/p>\n","protected":false},"author":1,"featured_media":0,"parent":4583027,"menu_order":0,"comment_status":"closed","ping_status":"closed","template":"elementor_theme","meta":{"footnotes":""},"class_list":["post-4583147","page","type-page","status-publish","hentry"],"_links":{"self":[{"href":"https:\/\/fabijan.si\/de\/wp-json\/wp\/v2\/pages\/4583147","targetHints":{"allow":["GET"]}}],"collection":[{"href":"https:\/\/fabijan.si\/de\/wp-json\/wp\/v2\/pages"}],"about":[{"href":"https:\/\/fabijan.si\/de\/wp-json\/wp\/v2\/types\/page"}],"author":[{"embeddable":true,"href":"https:\/\/fabijan.si\/de\/wp-json\/wp\/v2\/users\/1"}],"replies":[{"embeddable":true,"href":"https:\/\/fabijan.si\/de\/wp-json\/wp\/v2\/comments?post=4583147"}],"version-history":[{"count":0,"href":"https:\/\/fabijan.si\/de\/wp-json\/wp\/v2\/pages\/4583147\/revisions"}],"up":[{"embeddable":true,"href":"https:\/\/fabijan.si\/de\/wp-json\/wp\/v2\/pages\/4583027"}],"wp:attachment":[{"href":"https:\/\/fabijan.si\/de\/wp-json\/wp\/v2\/media?parent=4583147"}],"curies":[{"name":"wp","href":"https:\/\/api.w.org\/{rel}","templated":true}]}}