{"id":4583153,"date":"2026-02-03T16:33:02","date_gmt":"2026-02-03T15:33:02","guid":{"rendered":"https:\/\/fabijan.si\/hersteller\/skrlj\/automatische-pneumatische-presse-skrlj-pst-21-hl\/"},"modified":"2026-02-03T16:33:02","modified_gmt":"2026-02-03T15:33:02","slug":"automatische-pneumatische-presse-skrlj-pst-21-hl","status":"publish","type":"page","link":"https:\/\/fabijan.si\/de\/hersteller\/skrlj\/automatische-pneumatische-presse-skrlj-pst-21-hl\/","title":{"rendered":"automatische-pneumatische-presse-skrlj-pst-21-hl"},"content":{"rendered":"\n<div class=\"container\">\n<div class=\"breadcrumb-container\"><span><br \/>\n<a href=\"https:\/\/fabijan.si\/de\/\">Zuhause<\/a> | <a href=\"https:\/\/fabijan.si\/de\/hersteller\/\">Hersteller<\/a> | <a href=\"https:\/\/fabijan.si\/de\/hersteller\/skrlj\/\">\u0160KRLJ<\/a><\/span>\n<\/div>\n<div class=\"row\">\n<div class=\"col-6\">\n<div id=\"carouselExampleControls\" class=\"carousel slide carousel-container\" data-interval=\"false\">\n<div class=\"carousel-inner\">\n<div class=\"carousel-item active\">   <img decoding=\"async\" src=\"https:\/\/fabijan.si\/wp-content\/uploads\/site-content\/00005413-1.jpg\" class=\"d-block w-100\" alt=\"...\"><\/div>\n<div class=\"carousel-item \">   <img decoding=\"async\" src=\"https:\/\/fabijan.si\/wp-content\/uploads\/site-content\/00005413-2.jpg\" class=\"d-block w-100\" alt=\"...\"><\/div>\n<div class=\"carousel-item \">   <img decoding=\"async\" src=\"https:\/\/fabijan.si\/wp-content\/uploads\/site-content\/pst-kanali.jpg\" class=\"d-block w-100\" alt=\"...\"><\/div>\n<\/p><\/div>\n<p>              <button class=\"carousel-control-prev\" type=\"button\" data-bs-target=\"#carouselExampleControls\" data-bs-slide=\"prev\"><br \/>\n                <span class=\"carousel-control-prev-icon\" aria-hidden=\"true\"><\/span><br \/>\n              <\/button><br \/>\n              <button class=\"carousel-control-next\" type=\"button\" data-bs-target=\"#carouselExampleControls\" data-bs-slide=\"next\"><br \/>\n                <span class=\"carousel-control-next-icon\" aria-hidden=\"true\"><\/span><br \/>\n              <\/button>\n            <\/div>\n<\/p><\/div>\n<div class=\"col-6 slo-name\">\n            Automatische Pneumatische Presse \u0160KRLJ PST 21 hl<\/p>\n<div class=\"brand\">Halbmembrane<br \/>\n Geschlossene Trommel, Abflusskan\u00e4le<br \/>\n Automatik AVk mit Kabel und Konektor<br \/>\n Vakuumpumpe<br \/>\n eingebauter Lamellenkompressor V<br \/>\n Sicherheitsseil<br \/>\n Fixe Sammelwanne 250 L mit Anschluss DN65<br \/>\n und Kugelhahn<br \/>\n Anschluss zur Zentralbef\u00fcllung DN 100 PSx 10-55<br \/>\n Anschlussspannung 400V, dreiphasig<br \/>\n CE-Konformit\u00e4tserkl\u00e4rung<br \/>\n Betriebsanleitung<\/div>\n<p>\t\t\t<!-- \n\n<div class=\"price-container\">\n                \n\n<p class=\"price\">###PRICE###<\/p>\n\n --><br \/>\n                <!-- <button type=\"button\" class=\"btn btn-config btn-lg\">Pojdi na konfigurator<\/button> -->\n            <\/div>\n<\/p><\/div>\n<div class=\"menu\">\n<div class=\"btn-group d-flex justify-content-center\" id=\"menu-buttons\">\n              <button type=\"button\" onClick = \"showSpecs()\" class=\"btn menu-button menu-title active\">SPEZIFIKATIONEN<\/button><br \/>\n              <button type=\"button\" onClick = \"showDescription()\" class=\"btn menu-button menu-title\">BESCHREIBUNG<\/button><br \/>\n              <button type=\"button\" onClick = \"showMaterial()\" class=\"btn menu-button menu-title\">MATERIAL<\/button>\n            <\/div>\n<div id=\"specs\">\n<ul class=\"list-group\">\n                Halbmembrane<br \/>\n Geschlossene Trommel, Abflusskan\u00e4le<br \/>\n Automatik AVk mit Kabel und Konektor<br \/>\n Vakuumpumpe<br \/>\n eingebauter Lamellenkompressor V<br \/>\n Sicherheitsseil<br \/>\n Fixe Sammelwanne 250 L mit Anschluss DN65<br \/>\n und Kugelhahn<br \/>\n Anschluss zur Zentralbef\u00fcllung DN 100 PSx 10-55<br \/>\n Anschlussspannung 400V, dreiphasig<br \/>\n CE-Konformit\u00e4tserkl\u00e4rung<br \/>\n Betriebsanleitung\n              <\/ul>\n<\/p><\/div>\n<div id=\"description\"><\/div>\n<div id=\"material\">\n<div class=\"one-item\"><button onclick=\"window.open('https:\/\/fabijan.si\/wp-content\/uploads\/site-content\/prospekt-pnevmatskih-stiskalnic-skrlj.pdf')\" type=\"button\">Katalog herunterladen<\/button><\/div>\n<div class=\"one-item\"><button onclick=\"window.open('https:\/\/fabijan.si\/wp-content\/uploads\/site-content\/pnevmatske-stiskalnice-2015-sl.pdf')\" type=\"button\">Katalog herunterladen<\/button><\/div>\n<div class=\"one-item\"><button onclick=\"window.open('https:\/\/fabijan.si\/wp-content\/uploads\/site-content\/pnevmatske-stiskalnice-skrlj-2015-de.pdf')\" type=\"button\">Katalog herunterladen<\/button><\/div>\n<\/p><\/div>\n<\/p><\/div>\n<\/p><\/div>\n<\/p><\/div>\n","protected":false},"excerpt":{"rendered":"<p>Zuhause | Hersteller | \u0160KRLJ Automatische Pneumatische Presse \u0160KRLJ PST 21 hl Halbmembrane Geschlossene Trommel, Abflusskan\u00e4le Automatik AVk mit Kabel und Konektor Vakuumpumpe eingebauter Lamellenkompressor V Sicherheitsseil Fixe Sammelwanne 250 L mit Anschluss DN65 und Kugelhahn Anschluss zur Zentralbef\u00fcllung DN 100 PSx 10-55 Anschlussspannung 400V, dreiphasig CE-Konformit\u00e4tserkl\u00e4rung Betriebsanleitung SPEZIFIKATIONEN BESCHREIBUNG MATERIAL Halbmembrane Geschlossene Trommel, Abflusskan\u00e4le [&hellip;]<\/p>\n","protected":false},"author":1,"featured_media":0,"parent":4583027,"menu_order":0,"comment_status":"closed","ping_status":"closed","template":"elementor_theme","meta":{"footnotes":""},"class_list":["post-4583153","page","type-page","status-publish","hentry"],"_links":{"self":[{"href":"https:\/\/fabijan.si\/de\/wp-json\/wp\/v2\/pages\/4583153","targetHints":{"allow":["GET"]}}],"collection":[{"href":"https:\/\/fabijan.si\/de\/wp-json\/wp\/v2\/pages"}],"about":[{"href":"https:\/\/fabijan.si\/de\/wp-json\/wp\/v2\/types\/page"}],"author":[{"embeddable":true,"href":"https:\/\/fabijan.si\/de\/wp-json\/wp\/v2\/users\/1"}],"replies":[{"embeddable":true,"href":"https:\/\/fabijan.si\/de\/wp-json\/wp\/v2\/comments?post=4583153"}],"version-history":[{"count":0,"href":"https:\/\/fabijan.si\/de\/wp-json\/wp\/v2\/pages\/4583153\/revisions"}],"up":[{"embeddable":true,"href":"https:\/\/fabijan.si\/de\/wp-json\/wp\/v2\/pages\/4583027"}],"wp:attachment":[{"href":"https:\/\/fabijan.si\/de\/wp-json\/wp\/v2\/media?parent=4583153"}],"curies":[{"name":"wp","href":"https:\/\/api.w.org\/{rel}","templated":true}]}}