{"id":4583159,"date":"2026-02-03T16:33:04","date_gmt":"2026-02-03T15:33:04","guid":{"rendered":"https:\/\/fabijan.si\/hersteller\/skrlj\/automatische-pneumatische-presse-skrlj-pst-42-hl\/"},"modified":"2026-02-03T16:33:04","modified_gmt":"2026-02-03T15:33:04","slug":"automatische-pneumatische-presse-skrlj-pst-42-hl","status":"publish","type":"page","link":"https:\/\/fabijan.si\/de\/hersteller\/skrlj\/automatische-pneumatische-presse-skrlj-pst-42-hl\/","title":{"rendered":"automatische-pneumatische-presse-skrlj-pst-42-hl"},"content":{"rendered":"\n<div class=\"container\">\n<div class=\"breadcrumb-container\"><span><br \/>\n<a href=\"https:\/\/fabijan.si\/de\/\">Zuhause<\/a> | <a href=\"https:\/\/fabijan.si\/de\/hersteller\/\">Hersteller<\/a> | <a href=\"https:\/\/fabijan.si\/de\/hersteller\/skrlj\/\">\u0160KRLJ<\/a><\/span>\n<\/div>\n<div class=\"row\">\n<div class=\"col-6\">\n<div id=\"carouselExampleControls\" class=\"carousel slide carousel-container\" data-interval=\"false\">\n<div class=\"carousel-inner\">\n<div class=\"carousel-item active\">   <img decoding=\"async\" src=\"https:\/\/fabijan.si\/wp-content\/uploads\/site-content\/00005416-1.jpg\" class=\"d-block w-100\" alt=\"...\"><\/div>\n<div class=\"carousel-item \">   <img decoding=\"async\" src=\"https:\/\/fabijan.si\/wp-content\/uploads\/site-content\/00005416-2.jpg\" class=\"d-block w-100\" alt=\"...\"><\/div>\n<div class=\"carousel-item \">   <img decoding=\"async\" src=\"https:\/\/fabijan.si\/wp-content\/uploads\/site-content\/pst-kanali.jpg\" class=\"d-block w-100\" alt=\"...\"><\/div>\n<\/p><\/div>\n<p>              <button class=\"carousel-control-prev\" type=\"button\" data-bs-target=\"#carouselExampleControls\" data-bs-slide=\"prev\"><br \/>\n                <span class=\"carousel-control-prev-icon\" aria-hidden=\"true\"><\/span><br \/>\n              <\/button><br \/>\n              <button class=\"carousel-control-next\" type=\"button\" data-bs-target=\"#carouselExampleControls\" data-bs-slide=\"next\"><br \/>\n                <span class=\"carousel-control-next-icon\" aria-hidden=\"true\"><\/span><br \/>\n              <\/button>\n            <\/div>\n<\/p><\/div>\n<div class=\"col-6 slo-name\">\n            Automatische Pneumatische Presse SKRLJ PST 42 hl<\/p>\n<div class=\"brand\">Automatik AV oder AV auf Kabel: 10 einstellbare Programme:<br \/>\n(6 Standardprogramme, 3 sequentielle Programme, 1 Sonderprogramm)<br \/>\n Vakuumpumpe<br \/>\n eingebauter Lamellenkompressor<br \/>\n Schiebet\u00fcr, manuelles \u00d6ffnen<br \/>\n Sicherheitsschnur<br \/>\n Abflusskan\u00e4le elektropoliert<br \/>\n Anschlu\u00df der Zentralbef\u00fcllung DN100, ohne Ventile<br \/>\n Sammelwanne fix befestigt auf dem Geh\u00e4use, verschiebbare Plateaus<br \/>\n Reinigungs\u00f6ffnung DIN11851 mit Kappe<br \/>\n Anschlu\u00dfspannung 400V 50Hz, dreiphasig<\/div>\n<p>\t\t\t<!-- \n\n<div class=\"price-container\">\n                \n\n<p class=\"price\">###PRICE###<\/p>\n\n --><br \/>\n                <!-- <button type=\"button\" class=\"btn btn-config btn-lg\">Pojdi na konfigurator<\/button> -->\n            <\/div>\n<\/p><\/div>\n<div class=\"menu\">\n<div class=\"btn-group d-flex justify-content-center\" id=\"menu-buttons\">\n              <button type=\"button\" onClick = \"showSpecs()\" class=\"btn menu-button menu-title active\">SPEZIFIKATIONEN<\/button><br \/>\n              <button type=\"button\" onClick = \"showDescription()\" class=\"btn menu-button menu-title\">BESCHREIBUNG<\/button><br \/>\n              <button type=\"button\" onClick = \"showMaterial()\" class=\"btn menu-button menu-title\">MATERIAL<\/button>\n            <\/div>\n<div id=\"specs\">\n<ul class=\"list-group\">\n                Automatik AV oder AV auf Kabel: 10 einstellbare Programme:<br \/>\n(6 Standardprogramme, 3 sequentielle Programme, 1 Sonderprogramm)<br \/>\n Vakuumpumpe<br \/>\n eingebauter Lamellenkompressor<br \/>\n Schiebet\u00fcr, manuelles \u00d6ffnen<br \/>\n Sicherheitsschnur<br \/>\n Abflusskan\u00e4le elektropoliert<br \/>\n Anschlu\u00df der Zentralbef\u00fcllung DN100, ohne Ventile<br \/>\n Sammelwanne fix befestigt auf dem Geh\u00e4use, verschiebbare Plateaus<br \/>\n Reinigungs\u00f6ffnung DIN11851 mit Kappe<br \/>\n Anschlu\u00dfspannung 400V 50Hz, dreiphasig\n              <\/ul>\n<\/p><\/div>\n<div id=\"description\"><\/div>\n<div id=\"material\">\n<div class=\"one-item\"><button onclick=\"window.open('https:\/\/fabijan.si\/wp-content\/uploads\/site-content\/pnevmatske-stiskalnice-2015-sl.pdf')\" type=\"button\">Katalog herunterladen<\/button><\/div>\n<div class=\"one-item\"><button onclick=\"window.open('https:\/\/fabijan.si\/wp-content\/uploads\/site-content\/pnevmatske-stiskalnice-skrlj-2015-de.pdf')\" type=\"button\">Katalog herunterladen<\/button><\/div>\n<\/p><\/div>\n<\/p><\/div>\n<\/p><\/div>\n<\/p><\/div>\n","protected":false},"excerpt":{"rendered":"<p>Zuhause | Hersteller | \u0160KRLJ Automatische Pneumatische Presse SKRLJ PST 42 hl Automatik AV oder AV auf Kabel: 10 einstellbare Programme: (6 Standardprogramme, 3 sequentielle Programme, 1 Sonderprogramm) Vakuumpumpe eingebauter Lamellenkompressor Schiebet\u00fcr, manuelles \u00d6ffnen Sicherheitsschnur Abflusskan\u00e4le elektropoliert Anschlu\u00df der Zentralbef\u00fcllung DN100, ohne Ventile Sammelwanne fix befestigt auf dem Geh\u00e4use, verschiebbare Plateaus Reinigungs\u00f6ffnung DIN11851 mit Kappe [&hellip;]<\/p>\n","protected":false},"author":1,"featured_media":0,"parent":4583027,"menu_order":0,"comment_status":"closed","ping_status":"closed","template":"elementor_theme","meta":{"footnotes":""},"class_list":["post-4583159","page","type-page","status-publish","hentry"],"_links":{"self":[{"href":"https:\/\/fabijan.si\/de\/wp-json\/wp\/v2\/pages\/4583159","targetHints":{"allow":["GET"]}}],"collection":[{"href":"https:\/\/fabijan.si\/de\/wp-json\/wp\/v2\/pages"}],"about":[{"href":"https:\/\/fabijan.si\/de\/wp-json\/wp\/v2\/types\/page"}],"author":[{"embeddable":true,"href":"https:\/\/fabijan.si\/de\/wp-json\/wp\/v2\/users\/1"}],"replies":[{"embeddable":true,"href":"https:\/\/fabijan.si\/de\/wp-json\/wp\/v2\/comments?post=4583159"}],"version-history":[{"count":0,"href":"https:\/\/fabijan.si\/de\/wp-json\/wp\/v2\/pages\/4583159\/revisions"}],"up":[{"embeddable":true,"href":"https:\/\/fabijan.si\/de\/wp-json\/wp\/v2\/pages\/4583027"}],"wp:attachment":[{"href":"https:\/\/fabijan.si\/de\/wp-json\/wp\/v2\/media?parent=4583159"}],"curies":[{"name":"wp","href":"https:\/\/api.w.org\/{rel}","templated":true}]}}