{"id":4583315,"date":"2026-02-03T16:37:16","date_gmt":"2026-02-03T15:37:16","guid":{"rendered":"https:\/\/fabijan.si\/hersteller\/bucher-vaslin\/fahrb-schragforderer-bucher-delta-tre-4-m\/"},"modified":"2026-02-03T16:37:16","modified_gmt":"2026-02-03T15:37:16","slug":"fahrb-schragforderer-bucher-delta-tre-4-m","status":"publish","type":"page","link":"https:\/\/fabijan.si\/de\/hersteller\/bucher-vaslin\/fahrb-schragforderer-bucher-delta-tre-4-m\/","title":{"rendered":"fahrb-schragforderer-bucher-delta-tre-4-m"},"content":{"rendered":"\n<div class=\"container\">\n<div class=\"breadcrumb-container\"><span><br \/>\n<a href=\"https:\/\/fabijan.si\/de\/\">Zuhause<\/a> | <a href=\"https:\/\/fabijan.si\/de\/hersteller\/\">Hersteller<\/a> | <a href=\"https:\/\/fabijan.si\/de\/hersteller\/bucher-vaslin\/\">BUCHER vaslin<\/a><\/span>\n<\/div>\n<div class=\"row\">\n<div class=\"col-6\">\n<div id=\"carouselExampleControls\" class=\"carousel slide carousel-container\" data-interval=\"false\">\n<div class=\"carousel-inner\">\n<div class=\"carousel-item active\">   <img decoding=\"async\" src=\"https:\/\/fabijan.si\/wp-content\/uploads\/site-content\/bucher-delta-tre.jpg\" class=\"d-block w-100\" alt=\"...\"><\/div>\n<div class=\"carousel-item \">   <img decoding=\"async\" src=\"https:\/\/fabijan.si\/wp-content\/uploads\/site-content\/bucher-delta-tre.jpg\" class=\"d-block w-100\" alt=\"...\"><\/div>\n<\/p><\/div>\n<p>              <button class=\"carousel-control-prev\" type=\"button\" data-bs-target=\"#carouselExampleControls\" data-bs-slide=\"prev\"><br \/>\n                <span class=\"carousel-control-prev-icon\" aria-hidden=\"true\"><\/span><br \/>\n              <\/button><br \/>\n              <button class=\"carousel-control-next\" type=\"button\" data-bs-target=\"#carouselExampleControls\" data-bs-slide=\"next\"><br \/>\n                <span class=\"carousel-control-next-icon\" aria-hidden=\"true\"><\/span><br \/>\n              <\/button>\n            <\/div>\n<\/p><\/div>\n<div class=\"col-6 slo-name\">\n            Fahrb. Schr\u00e4gf\u00f6rderer BUCHER DELTA TRE 4 m<\/p>\n<div class=\"brand\">Fahrbare F\u00f6rderband TRE 300<br \/>\nDas Fahrbare F\u00f6rderband ist geeignet f\u00fcr :<br \/>\n. Die Bef\u00fcllung von Abbeermaschinen, Traubenpressen,<br \/>\nMaischetanks und Sortierb\u00e4ndern mit ganze Trauben oder<br \/>\nVollernter Lesegut &#8230;<br \/>\n. Die Beschickung der Presse mit vergorener Maische<br \/>\n. Zum Abtransport der K\u00e4mme oder Trester<\/div>\n<p>\t\t\t<!-- \n\n<div class=\"price-container\">\n                \n\n<p class=\"price\">###PRICE###<\/p>\n\n --><br \/>\n                <!-- <button type=\"button\" class=\"btn btn-config btn-lg\">Pojdi na konfigurator<\/button> -->\n            <\/div>\n<\/p><\/div>\n<div class=\"menu\">\n<div class=\"btn-group d-flex justify-content-center\" id=\"menu-buttons\">\n              <button type=\"button\" onClick = \"showSpecs()\" class=\"btn menu-button menu-title active\">SPEZIFIKATIONEN<\/button><br \/>\n              <button type=\"button\" onClick = \"showDescription()\" class=\"btn menu-button menu-title\">BESCHREIBUNG<\/button><br \/>\n              <button type=\"button\" onClick = \"showMaterial()\" class=\"btn menu-button menu-title\">MATERIAL<\/button>\n            <\/div>\n<div id=\"specs\">\n<ul class=\"list-group\">\n                Fahrbare F\u00f6rderband TRE 300<br \/>\nDas Fahrbare F\u00f6rderband ist geeignet f\u00fcr :<br \/>\n. Die Bef\u00fcllung von Abbeermaschinen, Traubenpressen,<br \/>\nMaischetanks und Sortierb\u00e4ndern mit ganze Trauben oder<br \/>\nVollernter Lesegut &#8230;<br \/>\n. Die Beschickung der Presse mit vergorener Maische<br \/>\n. Zum Abtransport der K\u00e4mme oder Trester\n              <\/ul>\n<\/p><\/div>\n<div id=\"description\">\n              Technische Daten :<br \/>\n. Offener Rahmen aus Edelstahl 304 L \u2013 Dichte 20\/10<br \/>\nsandgestrahlt.<br \/>\n. Band mit gebogenen Lamellen , Breite : 300 mm .<br \/>\n. Vorentsaftung \u00fcber die ganze L\u00e4nge des Rahmens<br \/>\n. Gummiwischer zur Reinigung der Banddr\u00fcckseite.<br \/>\n. Saftentnahme durch ein DN 50 \u00ab Macon \u00bb Ablauf am tiefsten<br \/>\nPunkt des Geh\u00e4uses<br \/>\n . Lieferung mit ein Trichter zur Auswahl :<br \/>\n &#8211; unter Abbeermaschine Delta E2<br \/>\n &#8211; unter der T\u00fcr einen Tank (H\u00f6he 360 mm)<br \/>\n &#8211; am Ende einer Sortieranlage<br \/>\n. L\u00e4nge 4m\n            <\/div>\n<div id=\"material\">\n<div class=\"one-item\"><button onclick=\"window.open('https:\/\/fabijan.si\/wp-content\/uploads\/site-content\/bucher-delta-tre-de.pdf')\" type=\"button\">Katalog herunterladen<\/button><\/div>\n<div class=\"one-item\"><button onclick=\"window.open('https:\/\/fabijan.si\/wp-content\/uploads\/site-content\/bucher-delta-tre-gb.pdf')\" type=\"button\">Katalog herunterladen<\/button><\/div>\n<\/p><\/div>\n<\/p><\/div>\n<\/p><\/div>\n<\/p><\/div>\n","protected":false},"excerpt":{"rendered":"<p>Zuhause | Hersteller | BUCHER vaslin Fahrb. Schr\u00e4gf\u00f6rderer BUCHER DELTA TRE 4 m Fahrbare F\u00f6rderband TRE 300 Das Fahrbare F\u00f6rderband ist geeignet f\u00fcr : . Die Bef\u00fcllung von Abbeermaschinen, Traubenpressen, Maischetanks und Sortierb\u00e4ndern mit ganze Trauben oder Vollernter Lesegut &#8230; . Die Beschickung der Presse mit vergorener Maische . Zum Abtransport der K\u00e4mme oder Trester [&hellip;]<\/p>\n","protected":false},"author":1,"featured_media":0,"parent":4583183,"menu_order":0,"comment_status":"closed","ping_status":"closed","template":"elementor_theme","meta":{"footnotes":""},"class_list":["post-4583315","page","type-page","status-publish","hentry"],"_links":{"self":[{"href":"https:\/\/fabijan.si\/de\/wp-json\/wp\/v2\/pages\/4583315","targetHints":{"allow":["GET"]}}],"collection":[{"href":"https:\/\/fabijan.si\/de\/wp-json\/wp\/v2\/pages"}],"about":[{"href":"https:\/\/fabijan.si\/de\/wp-json\/wp\/v2\/types\/page"}],"author":[{"embeddable":true,"href":"https:\/\/fabijan.si\/de\/wp-json\/wp\/v2\/users\/1"}],"replies":[{"embeddable":true,"href":"https:\/\/fabijan.si\/de\/wp-json\/wp\/v2\/comments?post=4583315"}],"version-history":[{"count":0,"href":"https:\/\/fabijan.si\/de\/wp-json\/wp\/v2\/pages\/4583315\/revisions"}],"up":[{"embeddable":true,"href":"https:\/\/fabijan.si\/de\/wp-json\/wp\/v2\/pages\/4583183"}],"wp:attachment":[{"href":"https:\/\/fabijan.si\/de\/wp-json\/wp\/v2\/media?parent=4583315"}],"curies":[{"name":"wp","href":"https:\/\/api.w.org\/{rel}","templated":true}]}}