{"id":4583348,"date":"2026-02-03T16:37:42","date_gmt":"2026-02-03T15:37:42","guid":{"rendered":"https:\/\/fabijan.si\/hersteller\/bucher-vaslin\/bucher-delta-oscillys-xm\/"},"modified":"2026-02-03T16:37:42","modified_gmt":"2026-02-03T15:37:42","slug":"bucher-delta-oscillys-xm","status":"publish","type":"page","link":"https:\/\/fabijan.si\/de\/hersteller\/bucher-vaslin\/bucher-delta-oscillys-xm\/","title":{"rendered":"bucher-delta-oscillys-xm"},"content":{"rendered":"\n<div class=\"container\">\n<div class=\"breadcrumb-container\"><span><br \/>\n<a href=\"https:\/\/fabijan.si\/de\/\">Zuhause<\/a> | <a href=\"https:\/\/fabijan.si\/de\/hersteller\/\">Hersteller<\/a> | <a href=\"https:\/\/fabijan.si\/de\/hersteller\/bucher-vaslin\/\">BUCHER vaslin<\/a><\/span>\n<\/div>\n<div class=\"row\">\n<div class=\"col-6\">\n<div id=\"carouselExampleControls\" class=\"carousel slide carousel-container\" data-interval=\"false\">\n<div class=\"carousel-inner\">\n<div class=\"carousel-item active\">   <img decoding=\"async\" src=\"https:\/\/fabijan.si\/wp-content\/uploads\/site-content\/oscillys-xm.jpeg\" class=\"d-block w-100\" alt=\"...\"><\/div>\n<\/p><\/div>\n<p>              <button class=\"carousel-control-prev\" type=\"button\" data-bs-target=\"#carouselExampleControls\" data-bs-slide=\"prev\"><br \/>\n                <span class=\"carousel-control-prev-icon\" aria-hidden=\"true\"><\/span><br \/>\n              <\/button><br \/>\n              <button class=\"carousel-control-next\" type=\"button\" data-bs-target=\"#carouselExampleControls\" data-bs-slide=\"next\"><br \/>\n                <span class=\"carousel-control-next-icon\" aria-hidden=\"true\"><\/span><br \/>\n              <\/button>\n            <\/div>\n<\/p><\/div>\n<div class=\"col-6 slo-name\">\n            BUCHER DELTA OSCILLYS XM<\/p>\n<div class=\"brand\">Max. Durchsatz: 15 t\/h je nach Rebsorte, Zustand des<br \/>\nLeseguts und Beschickungsart<br \/>\nKorb Perforation o 25 inklusive<br \/>\n23 Rollen mit variabler Geschwindigkeit<br \/>\n6 Vollrollen und 17 verstellbare Rollen<br \/>\nSystem zur Abstandseinstellung entsprechend der<br \/>\nSortierrollen von 15 bis 19 mm serienm\u00e4\u00dfig<br \/>\nRohrchassis aus Edelstahl<br \/>\nH\u00f6he einstellbar<br \/>\nEdelstahl-Schwenkr\u00e4der mit Feststellbremse<br \/>\nTrichter Beerenaustritt nicht inklusive, Auswahl weiter unten<br \/>\nLeistung 2,05 kW<\/div>\n<p>\t\t\t<!-- \n\n<div class=\"price-container\">\n                \n\n<p class=\"price\">###PRICE###<\/p>\n\n --><br \/>\n                <!-- <button type=\"button\" class=\"btn btn-config btn-lg\">Pojdi na konfigurator<\/button> -->\n            <\/div>\n<\/p><\/div>\n<div class=\"menu\">\n<div class=\"btn-group d-flex justify-content-center\" id=\"menu-buttons\">\n              <button type=\"button\" onClick = \"showSpecs()\" class=\"btn menu-button menu-title active\">SPEZIFIKATIONEN<\/button><br \/>\n              <button type=\"button\" onClick = \"showDescription()\" class=\"btn menu-button menu-title\">BESCHREIBUNG<\/button><br \/>\n              <button type=\"button\" onClick = \"showMaterial()\" class=\"btn menu-button menu-title\">MATERIAL<\/button>\n            <\/div>\n<div id=\"specs\">\n<ul class=\"list-group\">\n                Max. Durchsatz: 15 t\/h je nach Rebsorte, Zustand des<br \/>\nLeseguts und Beschickungsart<br \/>\nKorb Perforation o 25 inklusive<br \/>\n23 Rollen mit variabler Geschwindigkeit<br \/>\n6 Vollrollen und 17 verstellbare Rollen<br \/>\nSystem zur Abstandseinstellung entsprechend der<br \/>\nSortierrollen von 15 bis 19 mm serienm\u00e4\u00dfig<br \/>\nRohrchassis aus Edelstahl<br \/>\nH\u00f6he einstellbar<br \/>\nEdelstahl-Schwenkr\u00e4der mit Feststellbremse<br \/>\nTrichter Beerenaustritt nicht inklusive, Auswahl weiter unten<br \/>\nLeistung 2,05 kW\n              <\/ul>\n<\/p><\/div>\n<div id=\"description\"><\/div>\n<div id=\"material\">\n<div class=\"one-item\"><button onclick=\"window.open('https:\/\/fabijan.si\/wp-content\/uploads\/site-content\/bucher-delta-oscillys-de.pdf')\" type=\"button\">Katalog herunterladen<\/button><\/div>\n<div class=\"one-item\"><button onclick=\"window.open('https:\/\/fabijan.si\/wp-content\/uploads\/site-content\/bucher-delta-oscillys-gb.pdf')\" type=\"button\">Katalog herunterladen<\/button><\/div>\n<\/p><\/div>\n<\/p><\/div>\n<\/p><\/div>\n<\/p><\/div>\n","protected":false},"excerpt":{"rendered":"<p>Zuhause | Hersteller | BUCHER vaslin BUCHER DELTA OSCILLYS XM Max. Durchsatz: 15 t\/h je nach Rebsorte, Zustand des Leseguts und Beschickungsart Korb Perforation o 25 inklusive 23 Rollen mit variabler Geschwindigkeit 6 Vollrollen und 17 verstellbare Rollen System zur Abstandseinstellung entsprechend der Sortierrollen von 15 bis 19 mm serienm\u00e4\u00dfig Rohrchassis aus Edelstahl H\u00f6he einstellbar [&hellip;]<\/p>\n","protected":false},"author":1,"featured_media":0,"parent":4583183,"menu_order":0,"comment_status":"closed","ping_status":"closed","template":"elementor_theme","meta":{"footnotes":""},"class_list":["post-4583348","page","type-page","status-publish","hentry"],"_links":{"self":[{"href":"https:\/\/fabijan.si\/de\/wp-json\/wp\/v2\/pages\/4583348","targetHints":{"allow":["GET"]}}],"collection":[{"href":"https:\/\/fabijan.si\/de\/wp-json\/wp\/v2\/pages"}],"about":[{"href":"https:\/\/fabijan.si\/de\/wp-json\/wp\/v2\/types\/page"}],"author":[{"embeddable":true,"href":"https:\/\/fabijan.si\/de\/wp-json\/wp\/v2\/users\/1"}],"replies":[{"embeddable":true,"href":"https:\/\/fabijan.si\/de\/wp-json\/wp\/v2\/comments?post=4583348"}],"version-history":[{"count":0,"href":"https:\/\/fabijan.si\/de\/wp-json\/wp\/v2\/pages\/4583348\/revisions"}],"up":[{"embeddable":true,"href":"https:\/\/fabijan.si\/de\/wp-json\/wp\/v2\/pages\/4583183"}],"wp:attachment":[{"href":"https:\/\/fabijan.si\/de\/wp-json\/wp\/v2\/media?parent=4583348"}],"curies":[{"name":"wp","href":"https:\/\/api.w.org\/{rel}","templated":true}]}}