{"id":4583381,"date":"2026-02-03T16:37:56","date_gmt":"2026-02-03T15:37:56","guid":{"rendered":"https:\/\/fabijan.si\/hersteller\/bucher-vaslin\/vorfilter-db-fur-trubfiltration\/"},"modified":"2026-02-03T16:37:56","modified_gmt":"2026-02-03T15:37:56","slug":"vorfilter-db-fur-trubfiltration","status":"publish","type":"page","link":"https:\/\/fabijan.si\/de\/hersteller\/bucher-vaslin\/vorfilter-db-fur-trubfiltration\/","title":{"rendered":"vorfilter-db-fur-trubfiltration"},"content":{"rendered":"\n<div class=\"container\">\n<div class=\"breadcrumb-container\"><span><br \/>\n<a href=\"https:\/\/fabijan.si\/de\/\">Zuhause<\/a> | <a href=\"https:\/\/fabijan.si\/de\/hersteller\/\">Hersteller<\/a> | <a href=\"https:\/\/fabijan.si\/de\/hersteller\/bucher-vaslin\/\">BUCHER vaslin<\/a><\/span>\n<\/div>\n<div class=\"row\">\n<div class=\"col-6\">\n<div id=\"carouselExampleControls\" class=\"carousel slide carousel-container\" data-interval=\"false\">\n<div class=\"carousel-inner\">\n<div class=\"carousel-item active\">   <img decoding=\"async\" src=\"https:\/\/fabijan.si\/wp-content\/uploads\/site-content\/bucher-flavy-db.jpg\" class=\"d-block w-100\" alt=\"...\"><\/div>\n<\/p><\/div>\n<p>              <button class=\"carousel-control-prev\" type=\"button\" data-bs-target=\"#carouselExampleControls\" data-bs-slide=\"prev\"><br \/>\n                <span class=\"carousel-control-prev-icon\" aria-hidden=\"true\"><\/span><br \/>\n              <\/button><br \/>\n              <button class=\"carousel-control-next\" type=\"button\" data-bs-target=\"#carouselExampleControls\" data-bs-slide=\"next\"><br \/>\n                <span class=\"carousel-control-next-icon\" aria-hidden=\"true\"><\/span><br \/>\n              <\/button>\n            <\/div>\n<\/p><\/div>\n<div class=\"col-6 slo-name\">\n            Vorfilter DB f\u00fcr Trubfiltration<\/p>\n<div class=\"brand\">F\u00fcr Flavy X-Treme 3-10<br \/>\nAuto. Vorfilterung des Bodensatz<br \/>\nAm Eingang vom Vorfilter ist eine Inertisierung m\u00f6glich<br \/>\nHaube auf Scharnier erlaubt eine leichte Reinigung<br \/>\nEingang-Ausgang DIN50<br \/>\n2 Anpassungen vorsehen<\/p>\n<p>* FX2 ICS Schlamm<br \/>\nDurchschnittlicher Durchfluss hl\/h: 5<br \/>\nMaximale Menge des zu behandelnden Schlamms pro Tag: 115 hl<\/p>\n<p>* FX3 ICS Schlamm<br \/>\nDurchschnittlicher Durchfluss hl\/h: 7,5<br \/>\nMaximale Menge des zu behandelnden Schlamms pro Tag: 175 hl<\/p>\n<p>* X-Treme 4<br \/>\nDurchschnittlicher Durchfluss hl\/h: 10<br \/>\nMaximale Menge des zu behandelnden Schlamms pro Tag: 230 hl<\/p>\n<p>* X-Treme 6<br \/>\nDurchschnittlicher Durchfluss hl\/h: 15<br \/>\nMaximale Menge des zu behandelnden Schlamms pro Tag: 350 hl<\/p>\n<p>* X-Treme 8<br \/>\nDurchschnittlicher Durchfluss hl\/h 20<br \/>\nMaximale Menge des zu behandelnden Schlamms pro Tag: 460 hl<\/p>\n<p>* X-Treme 10<br \/>\nDurchschnittlicher Durchfluss hl\/h: 25<br \/>\nMaximale Menge des zu behandelnden Schlamms pro Tag: 580 hl<\/p><\/div>\n<p>\t\t\t<!-- \n\n<div class=\"price-container\">\n                \n\n<p class=\"price\">###PRICE###<\/p>\n\n --><br \/>\n                <!-- <button type=\"button\" class=\"btn btn-config btn-lg\">Pojdi na konfigurator<\/button> -->\n            <\/div>\n<\/p><\/div>\n<div class=\"menu\">\n<div class=\"btn-group d-flex justify-content-center\" id=\"menu-buttons\">\n              <button type=\"button\" onClick = \"showSpecs()\" class=\"btn menu-button menu-title active\">SPEZIFIKATIONEN<\/button><br \/>\n              <button type=\"button\" onClick = \"showDescription()\" class=\"btn menu-button menu-title\">BESCHREIBUNG<\/button><br \/>\n              <button type=\"button\" onClick = \"showMaterial()\" class=\"btn menu-button menu-title\">MATERIAL<\/button>\n            <\/div>\n<div id=\"specs\">\n<ul class=\"list-group\">\n                F\u00fcr Flavy X-Treme 3-10<br \/>\nAuto. Vorfilterung des Bodensatz<br \/>\nAm Eingang vom Vorfilter ist eine Inertisierung m\u00f6glich<br \/>\nHaube auf Scharnier erlaubt eine leichte Reinigung<br \/>\nEingang-Ausgang DIN50<br \/>\n2 Anpassungen vorsehen<\/p>\n<p>* FX2 ICS Schlamm<br \/>\nDurchschnittlicher Durchfluss hl\/h: 5<br \/>\nMaximale Menge des zu behandelnden Schlamms pro Tag: 115 hl<\/p>\n<p>* FX3 ICS Schlamm<br \/>\nDurchschnittlicher Durchfluss hl\/h: 7,5<br \/>\nMaximale Menge des zu behandelnden Schlamms pro Tag: 175 hl<\/p>\n<p>* X-Treme 4<br \/>\nDurchschnittlicher Durchfluss hl\/h: 10<br \/>\nMaximale Menge des zu behandelnden Schlamms pro Tag: 230 hl<\/p>\n<p>* X-Treme 6<br \/>\nDurchschnittlicher Durchfluss hl\/h: 15<br \/>\nMaximale Menge des zu behandelnden Schlamms pro Tag: 350 hl<\/p>\n<p>* X-Treme 8<br \/>\nDurchschnittlicher Durchfluss hl\/h 20<br \/>\nMaximale Menge des zu behandelnden Schlamms pro Tag: 460 hl<\/p>\n<p>* X-Treme 10<br \/>\nDurchschnittlicher Durchfluss hl\/h: 25<br \/>\nMaximale Menge des zu behandelnden Schlamms pro Tag: 580 hl\n              <\/ul>\n<\/p><\/div>\n<div id=\"description\">\n              Im Vergleich zu anderen auf dem Markt erh\u00e4ltlichen Tangentialfiltern haben Flavy-Schlammfilter eine deutlich bessere Leistung:<\/p>\n<p>2 bis 4 mal schnellere Filtration und stabile Durchflussmenge<br \/>\n2 bis 3 mal weniger Ausschuss<br \/>\n4 mal weniger Reinigungsmittel<br \/>\n3 mal weniger Wasserverbrauch<br \/>\nNur 1 Arbeitsstunde pro Tag (autonomer Filter)<br \/>\nEinzigartige Vielseitigkeit:<\/p>\n<p>Bentonit, Aktivkohle, PVPP, Gelatine, Vegecoll, Erbsenprotein, Kasein&#8230;. Die meisten Hilfsstoffe und \u00f6nologischen Produkte sind verwendbar.<br \/>\nFiltration von Sedimentations-, Flotations- und Standschlamm.<br \/>\nBis zu 30% MES (Suspendierte Feststoffe) akzeptiert (Zentrifugationsverfahren bei 3000 U\/min f\u00fcr 5 Minuten).\n            <\/p><\/div>\n<div id=\"material\">\n<div class=\"one-item\"><button onclick=\"window.open('https:\/\/fabijan.si\/wp-content\/uploads\/site-content\/bucher-flavy-fx-2_10-ics-gb.pdf')\" type=\"button\">Katalog herunterladen<\/button><\/div>\n<\/p><\/div>\n<\/p><\/div>\n<\/p><\/div>\n<\/p><\/div>\n","protected":false},"excerpt":{"rendered":"<p>Zuhause | Hersteller | BUCHER vaslin Vorfilter DB f\u00fcr Trubfiltration F\u00fcr Flavy X-Treme 3-10 Auto. Vorfilterung des Bodensatz Am Eingang vom Vorfilter ist eine Inertisierung m\u00f6glich Haube auf Scharnier erlaubt eine leichte Reinigung Eingang-Ausgang DIN50 2 Anpassungen vorsehen * FX2 ICS Schlamm Durchschnittlicher Durchfluss hl\/h: 5 Maximale Menge des zu behandelnden Schlamms pro Tag: 115 [&hellip;]<\/p>\n","protected":false},"author":1,"featured_media":0,"parent":4583183,"menu_order":0,"comment_status":"closed","ping_status":"closed","template":"elementor_theme","meta":{"footnotes":""},"class_list":["post-4583381","page","type-page","status-publish","hentry"],"_links":{"self":[{"href":"https:\/\/fabijan.si\/de\/wp-json\/wp\/v2\/pages\/4583381","targetHints":{"allow":["GET"]}}],"collection":[{"href":"https:\/\/fabijan.si\/de\/wp-json\/wp\/v2\/pages"}],"about":[{"href":"https:\/\/fabijan.si\/de\/wp-json\/wp\/v2\/types\/page"}],"author":[{"embeddable":true,"href":"https:\/\/fabijan.si\/de\/wp-json\/wp\/v2\/users\/1"}],"replies":[{"embeddable":true,"href":"https:\/\/fabijan.si\/de\/wp-json\/wp\/v2\/comments?post=4583381"}],"version-history":[{"count":0,"href":"https:\/\/fabijan.si\/de\/wp-json\/wp\/v2\/pages\/4583381\/revisions"}],"up":[{"embeddable":true,"href":"https:\/\/fabijan.si\/de\/wp-json\/wp\/v2\/pages\/4583183"}],"wp:attachment":[{"href":"https:\/\/fabijan.si\/de\/wp-json\/wp\/v2\/media?parent=4583381"}],"curies":[{"name":"wp","href":"https:\/\/api.w.org\/{rel}","templated":true}]}}