{"id":4583477,"date":"2026-02-03T16:38:37","date_gmt":"2026-02-03T15:38:37","guid":{"rendered":"https:\/\/fabijan.si\/hersteller\/bucher-vaslin\/rutteltisch-delta-trv20\/"},"modified":"2026-02-03T16:38:37","modified_gmt":"2026-02-03T15:38:37","slug":"rutteltisch-delta-trv20","status":"publish","type":"page","link":"https:\/\/fabijan.si\/de\/hersteller\/bucher-vaslin\/rutteltisch-delta-trv20\/","title":{"rendered":"rutteltisch-delta-trv20"},"content":{"rendered":"\n<div class=\"container\">\n<div class=\"breadcrumb-container\"><span><br \/>\n<a href=\"https:\/\/fabijan.si\/de\/\">Zuhause<\/a> | <a href=\"https:\/\/fabijan.si\/de\/hersteller\/\">Hersteller<\/a> | <a href=\"https:\/\/fabijan.si\/de\/hersteller\/bucher-vaslin\/\">BUCHER vaslin<\/a><\/span>\n<\/div>\n<div class=\"row\">\n<div class=\"col-6\">\n<div id=\"carouselExampleControls\" class=\"carousel slide carousel-container\" data-interval=\"false\">\n<div class=\"carousel-inner\">\n<div class=\"carousel-item active\">   <img decoding=\"async\" src=\"https:\/\/fabijan.si\/wp-content\/uploads\/site-content\/bucher-trv-20.jpg\" class=\"d-block w-100\" alt=\"...\"><\/div>\n<\/p><\/div>\n<p>              <button class=\"carousel-control-prev\" type=\"button\" data-bs-target=\"#carouselExampleControls\" data-bs-slide=\"prev\"><br \/>\n                <span class=\"carousel-control-prev-icon\" aria-hidden=\"true\"><\/span><br \/>\n              <\/button><br \/>\n              <button class=\"carousel-control-next\" type=\"button\" data-bs-target=\"#carouselExampleControls\" data-bs-slide=\"next\"><br \/>\n                <span class=\"carousel-control-next-icon\" aria-hidden=\"true\"><\/span><br \/>\n              <\/button>\n            <\/div>\n<\/p><\/div>\n<div class=\"col-6 slo-name\">\n            R\u00fctteltisch DELTA TRV20<\/p>\n<div class=\"brand\">Ver\u00e4nderliche Geschwindigkeit<br \/>\nRohrrahmen aus Edelstahl.<br \/>\nVerschiebbarer und abnehmbarer Saftauffangbeh\u00e4lter<br \/>\n2 verstellbare R\u00fcttelmotoren (2 x 0,62 kW)<br \/>\nR\u00fctteltisch mit abnehmbares Abtropfgitter<br \/>\nGitter nicht inkl. aus der Liste hier unten auszuw\u00e4hlen<br \/>\nAutomatische Ausleitung der Abf\u00e4lle durch Gitter mit<br \/>\nL\u00e4ngsl\u00f6chern 2 x L. 2000, Breite 900, Arbeitsh\u00f6he 1170 mm<br \/>\nFahrbar, 4 schwenkbare R\u00e4der mit Bremse<br \/>\nLeistung von 10 zu 12 T\/St.<br \/>\nGitterh\u00f6he und -typ m\u00fcssen angegeben werden.<br \/>\nGer\u00e4t f\u00fcr die Verteilung des Lesegutes, die Erleichterung<br \/>\ndes Sortierens per Hand, die Trennung des Lesegutes<br \/>\nvon den Abtropfs\u00e4ften und gleichm\u00e4\u00dfige Beschickung.<\/div>\n<p>\t\t\t<!-- \n\n<div class=\"price-container\">\n                \n\n<p class=\"price\">###PRICE###<\/p>\n\n --><br \/>\n                <!-- <button type=\"button\" class=\"btn btn-config btn-lg\">Pojdi na konfigurator<\/button> -->\n            <\/div>\n<\/p><\/div>\n<div class=\"menu\">\n<div class=\"btn-group d-flex justify-content-center\" id=\"menu-buttons\">\n              <button type=\"button\" onClick = \"showSpecs()\" class=\"btn menu-button menu-title active\">SPEZIFIKATIONEN<\/button><br \/>\n              <button type=\"button\" onClick = \"showDescription()\" class=\"btn menu-button menu-title\">BESCHREIBUNG<\/button><br \/>\n              <button type=\"button\" onClick = \"showMaterial()\" class=\"btn menu-button menu-title\">MATERIAL<\/button>\n            <\/div>\n<div id=\"specs\">\n<ul class=\"list-group\">\n                Ver\u00e4nderliche Geschwindigkeit<br \/>\nRohrrahmen aus Edelstahl.<br \/>\nVerschiebbarer und abnehmbarer Saftauffangbeh\u00e4lter<br \/>\n2 verstellbare R\u00fcttelmotoren (2 x 0,62 kW)<br \/>\nR\u00fctteltisch mit abnehmbares Abtropfgitter<br \/>\nGitter nicht inkl. aus der Liste hier unten auszuw\u00e4hlen<br \/>\nAutomatische Ausleitung der Abf\u00e4lle durch Gitter mit<br \/>\nL\u00e4ngsl\u00f6chern 2 x L. 2000, Breite 900, Arbeitsh\u00f6he 1170 mm<br \/>\nFahrbar, 4 schwenkbare R\u00e4der mit Bremse<br \/>\nLeistung von 10 zu 12 T\/St.<br \/>\nGitterh\u00f6he und -typ m\u00fcssen angegeben werden.<br \/>\nGer\u00e4t f\u00fcr die Verteilung des Lesegutes, die Erleichterung<br \/>\ndes Sortierens per Hand, die Trennung des Lesegutes<br \/>\nvon den Abtropfs\u00e4ften und gleichm\u00e4\u00dfige Beschickung.\n              <\/ul>\n<\/p><\/div>\n<div id=\"description\"><\/div>\n<div id=\"material\">\n<div class=\"one-item\"><button onclick=\"window.open('https:\/\/fabijan.si\/wp-content\/uploads\/site-content\/bucher-delta-trv-20_35-de.pdf')\" type=\"button\">Katalog herunterladen<\/button><\/div>\n<div class=\"one-item\"><button onclick=\"window.open('https:\/\/fabijan.si\/wp-content\/uploads\/site-content\/bucher-delta-trv-20_35-gb.pdf')\" type=\"button\">Katalog herunterladen<\/button><\/div>\n<\/p><\/div>\n<\/p><\/div>\n<\/p><\/div>\n<\/p><\/div>\n","protected":false},"excerpt":{"rendered":"<p>Zuhause | Hersteller | BUCHER vaslin R\u00fctteltisch DELTA TRV20 Ver\u00e4nderliche Geschwindigkeit Rohrrahmen aus Edelstahl. Verschiebbarer und abnehmbarer Saftauffangbeh\u00e4lter 2 verstellbare R\u00fcttelmotoren (2 x 0,62 kW) R\u00fctteltisch mit abnehmbares Abtropfgitter Gitter nicht inkl. aus der Liste hier unten auszuw\u00e4hlen Automatische Ausleitung der Abf\u00e4lle durch Gitter mit L\u00e4ngsl\u00f6chern 2 x L. 2000, Breite 900, Arbeitsh\u00f6he 1170 mm [&hellip;]<\/p>\n","protected":false},"author":1,"featured_media":0,"parent":4583183,"menu_order":0,"comment_status":"closed","ping_status":"closed","template":"elementor_theme","meta":{"footnotes":""},"class_list":["post-4583477","page","type-page","status-publish","hentry"],"_links":{"self":[{"href":"https:\/\/fabijan.si\/de\/wp-json\/wp\/v2\/pages\/4583477","targetHints":{"allow":["GET"]}}],"collection":[{"href":"https:\/\/fabijan.si\/de\/wp-json\/wp\/v2\/pages"}],"about":[{"href":"https:\/\/fabijan.si\/de\/wp-json\/wp\/v2\/types\/page"}],"author":[{"embeddable":true,"href":"https:\/\/fabijan.si\/de\/wp-json\/wp\/v2\/users\/1"}],"replies":[{"embeddable":true,"href":"https:\/\/fabijan.si\/de\/wp-json\/wp\/v2\/comments?post=4583477"}],"version-history":[{"count":0,"href":"https:\/\/fabijan.si\/de\/wp-json\/wp\/v2\/pages\/4583477\/revisions"}],"up":[{"embeddable":true,"href":"https:\/\/fabijan.si\/de\/wp-json\/wp\/v2\/pages\/4583183"}],"wp:attachment":[{"href":"https:\/\/fabijan.si\/de\/wp-json\/wp\/v2\/media?parent=4583477"}],"curies":[{"name":"wp","href":"https:\/\/api.w.org\/{rel}","templated":true}]}}