{"id":4583798,"date":"2026-02-03T16:40:40","date_gmt":"2026-02-03T15:40:40","guid":{"rendered":"https:\/\/fabijan.si\/hersteller\/dragone\/mulcher-dragone-serie-l-115-cm-hydraulisch\/"},"modified":"2026-02-03T16:40:40","modified_gmt":"2026-02-03T15:40:40","slug":"mulcher-dragone-serie-l-115-cm-hydraulisch","status":"publish","type":"page","link":"https:\/\/fabijan.si\/de\/hersteller\/dragone\/mulcher-dragone-serie-l-115-cm-hydraulisch\/","title":{"rendered":"mulcher-dragone-serie-l-115-cm-hydraulisch"},"content":{"rendered":"\n<div class=\"container\">\n<div class=\"breadcrumb-container\"><span><br \/>\n<a href=\"https:\/\/fabijan.si\/de\/\">Zuhause<\/a> | <a href=\"https:\/\/fabijan.si\/de\/hersteller\/\">Hersteller<\/a> | <a href=\"https:\/\/fabijan.si\/de\/hersteller\/dragone\/\">DRAGONE<\/a><\/span>\n<\/div>\n<div class=\"row\">\n<div class=\"col-6\">\n<div id=\"carouselExampleControls\" class=\"carousel slide carousel-container\" data-interval=\"false\">\n<div class=\"carousel-inner\">\n<div class=\"carousel-item active\">   <img decoding=\"async\" src=\"https:\/\/fabijan.si\/wp-content\/uploads\/site-content\/mulcar-dragone-l.jpg\" class=\"d-block w-100\" alt=\"...\"><\/div>\n<\/p><\/div>\n<p>              <button class=\"carousel-control-prev\" type=\"button\" data-bs-target=\"#carouselExampleControls\" data-bs-slide=\"prev\"><br \/>\n                <span class=\"carousel-control-prev-icon\" aria-hidden=\"true\"><\/span><br \/>\n              <\/button><br \/>\n              <button class=\"carousel-control-next\" type=\"button\" data-bs-target=\"#carouselExampleControls\" data-bs-slide=\"next\"><br \/>\n                <span class=\"carousel-control-next-icon\" aria-hidden=\"true\"><\/span><br \/>\n              <\/button>\n            <\/div>\n<\/p><\/div>\n<div class=\"col-6 slo-name\">\n            Mulcher DRAGONE Serie L 115 cm hydraulisch<\/p>\n<div class=\"brand\">Arbeitsbreite 115 cm<br \/>\nEinstelbare R\u00fcckw\u00e4rtige Walzer<br \/>\nKeilriemenantrieb<br \/>\nFreilauf im \u00dcbersetzungsgetriebe<br \/>\nSchlitten<br \/>\nOhne Gelenkwelle<br \/>\nGesamtbreite 1210 mm<br \/>\nGewicht 179 kg<\/div>\n<p>\t\t\t<!-- \n\n<div class=\"price-container\">\n                \n\n<p class=\"price\">###PRICE###<\/p>\n\n --><br \/>\n                <!-- <button type=\"button\" class=\"btn btn-config btn-lg\">Pojdi na konfigurator<\/button> -->\n            <\/div>\n<\/p><\/div>\n<div class=\"menu\">\n<div class=\"btn-group d-flex justify-content-center\" id=\"menu-buttons\">\n              <button type=\"button\" onClick = \"showSpecs()\" class=\"btn menu-button menu-title active\">SPEZIFIKATIONEN<\/button><br \/>\n              <button type=\"button\" onClick = \"showDescription()\" class=\"btn menu-button menu-title\">BESCHREIBUNG<\/button><br \/>\n              <button type=\"button\" onClick = \"showMaterial()\" class=\"btn menu-button menu-title\">MATERIAL<\/button>\n            <\/div>\n<div id=\"specs\">\n<ul class=\"list-group\">\n                Arbeitsbreite 115 cm<br \/>\nEinstelbare R\u00fcckw\u00e4rtige Walzer<br \/>\nKeilriemenantrieb<br \/>\nFreilauf im \u00dcbersetzungsgetriebe<br \/>\nSchlitten<br \/>\nOhne Gelenkwelle<br \/>\nGesamtbreite 1210 mm<br \/>\nGewicht 179 kg\n              <\/ul>\n<\/p><\/div>\n<div id=\"description\"><\/div>\n<div id=\"material\"><\/div>\n<\/p><\/div>\n<\/p><\/div>\n<\/p><\/div>\n","protected":false},"excerpt":{"rendered":"<p>Zuhause | Hersteller | DRAGONE Mulcher DRAGONE Serie L 115 cm hydraulisch Arbeitsbreite 115 cm Einstelbare R\u00fcckw\u00e4rtige Walzer Keilriemenantrieb Freilauf im \u00dcbersetzungsgetriebe Schlitten Ohne Gelenkwelle Gesamtbreite 1210 mm Gewicht 179 kg SPEZIFIKATIONEN BESCHREIBUNG MATERIAL Arbeitsbreite 115 cm Einstelbare R\u00fcckw\u00e4rtige Walzer Keilriemenantrieb Freilauf im \u00dcbersetzungsgetriebe Schlitten Ohne Gelenkwelle Gesamtbreite 1210 mm Gewicht 179 kg<\/p>\n","protected":false},"author":1,"featured_media":0,"parent":4583600,"menu_order":0,"comment_status":"closed","ping_status":"closed","template":"elementor_theme","meta":{"footnotes":""},"class_list":["post-4583798","page","type-page","status-publish","hentry"],"_links":{"self":[{"href":"https:\/\/fabijan.si\/de\/wp-json\/wp\/v2\/pages\/4583798","targetHints":{"allow":["GET"]}}],"collection":[{"href":"https:\/\/fabijan.si\/de\/wp-json\/wp\/v2\/pages"}],"about":[{"href":"https:\/\/fabijan.si\/de\/wp-json\/wp\/v2\/types\/page"}],"author":[{"embeddable":true,"href":"https:\/\/fabijan.si\/de\/wp-json\/wp\/v2\/users\/1"}],"replies":[{"embeddable":true,"href":"https:\/\/fabijan.si\/de\/wp-json\/wp\/v2\/comments?post=4583798"}],"version-history":[{"count":0,"href":"https:\/\/fabijan.si\/de\/wp-json\/wp\/v2\/pages\/4583798\/revisions"}],"up":[{"embeddable":true,"href":"https:\/\/fabijan.si\/de\/wp-json\/wp\/v2\/pages\/4583600"}],"wp:attachment":[{"href":"https:\/\/fabijan.si\/de\/wp-json\/wp\/v2\/media?parent=4583798"}],"curies":[{"name":"wp","href":"https:\/\/api.w.org\/{rel}","templated":true}]}}