{"id":4583804,"date":"2026-02-03T16:40:42","date_gmt":"2026-02-03T15:40:42","guid":{"rendered":"https:\/\/fabijan.si\/hersteller\/dragone\/mulchgerat-l145-mit-hydrauliche-seitenverstellung\/"},"modified":"2026-02-03T16:40:42","modified_gmt":"2026-02-03T15:40:42","slug":"mulchgerat-l145-mit-hydrauliche-seitenverstellung","status":"publish","type":"page","link":"https:\/\/fabijan.si\/de\/hersteller\/dragone\/mulchgerat-l145-mit-hydrauliche-seitenverstellung\/","title":{"rendered":"mulchgerat-l145-mit-hydrauliche-seitenverstellung"},"content":{"rendered":"\n<div class=\"container\">\n<div class=\"breadcrumb-container\"><span><br \/>\n<a href=\"https:\/\/fabijan.si\/de\/\">Zuhause<\/a> | <a href=\"https:\/\/fabijan.si\/de\/hersteller\/\">Hersteller<\/a> | <a href=\"https:\/\/fabijan.si\/de\/hersteller\/dragone\/\">DRAGONE<\/a><\/span>\n<\/div>\n<div class=\"row\">\n<div class=\"col-6\">\n<div id=\"carouselExampleControls\" class=\"carousel slide carousel-container\" data-interval=\"false\">\n<div class=\"carousel-inner\">\n<div class=\"carousel-item active\">   <img decoding=\"async\" src=\"https:\/\/fabijan.si\/wp-content\/uploads\/site-content\/mulcar-dragone-l.jpg\" class=\"d-block w-100\" alt=\"...\"><\/div>\n<\/p><\/div>\n<p>              <button class=\"carousel-control-prev\" type=\"button\" data-bs-target=\"#carouselExampleControls\" data-bs-slide=\"prev\"><br \/>\n                <span class=\"carousel-control-prev-icon\" aria-hidden=\"true\"><\/span><br \/>\n              <\/button><br \/>\n              <button class=\"carousel-control-next\" type=\"button\" data-bs-target=\"#carouselExampleControls\" data-bs-slide=\"next\"><br \/>\n                <span class=\"carousel-control-next-icon\" aria-hidden=\"true\"><\/span><br \/>\n              <\/button>\n            <\/div>\n<\/p><\/div>\n<div class=\"col-6 slo-name\">\n            Mulchger\u00e4t L145 mit hydrauliche Seitenverstellung<\/p>\n<div class=\"brand\">Arbeitsbreite 145 cm<br \/>\nEinstelbare r\u00fcckw\u00e4rtige Walze<br \/>\nKeilriemenantrieb<br \/>\nFreilauf im \u00dcbersetzungsgetriebe<br \/>\nSchlitten<br \/>\nOhne Gelenkwelle<br \/>\nGesamtbreite 151 mm<br \/>\nGewicht 195 kg<\/div>\n<p>\t\t\t<!-- \n\n<div class=\"price-container\">\n                \n\n<p class=\"price\">###PRICE###<\/p>\n\n --><br \/>\n                <!-- <button type=\"button\" class=\"btn btn-config btn-lg\">Pojdi na konfigurator<\/button> -->\n            <\/div>\n<\/p><\/div>\n<div class=\"menu\">\n<div class=\"btn-group d-flex justify-content-center\" id=\"menu-buttons\">\n              <button type=\"button\" onClick = \"showSpecs()\" class=\"btn menu-button menu-title active\">SPEZIFIKATIONEN<\/button><br \/>\n              <button type=\"button\" onClick = \"showDescription()\" class=\"btn menu-button menu-title\">BESCHREIBUNG<\/button><br \/>\n              <button type=\"button\" onClick = \"showMaterial()\" class=\"btn menu-button menu-title\">MATERIAL<\/button>\n            <\/div>\n<div id=\"specs\">\n<ul class=\"list-group\">\n                Arbeitsbreite 145 cm<br \/>\nEinstelbare r\u00fcckw\u00e4rtige Walze<br \/>\nKeilriemenantrieb<br \/>\nFreilauf im \u00dcbersetzungsgetriebe<br \/>\nSchlitten<br \/>\nOhne Gelenkwelle<br \/>\nGesamtbreite 151 mm<br \/>\nGewicht 195 kg\n              <\/ul>\n<\/p><\/div>\n<div id=\"description\"><\/div>\n<div id=\"material\"><\/div>\n<\/p><\/div>\n<\/p><\/div>\n<\/p><\/div>\n","protected":false},"excerpt":{"rendered":"<p>Zuhause | Hersteller | DRAGONE Mulchger\u00e4t L145 mit hydrauliche Seitenverstellung Arbeitsbreite 145 cm Einstelbare r\u00fcckw\u00e4rtige Walze Keilriemenantrieb Freilauf im \u00dcbersetzungsgetriebe Schlitten Ohne Gelenkwelle Gesamtbreite 151 mm Gewicht 195 kg SPEZIFIKATIONEN BESCHREIBUNG MATERIAL Arbeitsbreite 145 cm Einstelbare r\u00fcckw\u00e4rtige Walze Keilriemenantrieb Freilauf im \u00dcbersetzungsgetriebe Schlitten Ohne Gelenkwelle Gesamtbreite 151 mm Gewicht 195 kg<\/p>\n","protected":false},"author":1,"featured_media":0,"parent":4583600,"menu_order":0,"comment_status":"closed","ping_status":"closed","template":"elementor_theme","meta":{"footnotes":""},"class_list":["post-4583804","page","type-page","status-publish","hentry"],"_links":{"self":[{"href":"https:\/\/fabijan.si\/de\/wp-json\/wp\/v2\/pages\/4583804","targetHints":{"allow":["GET"]}}],"collection":[{"href":"https:\/\/fabijan.si\/de\/wp-json\/wp\/v2\/pages"}],"about":[{"href":"https:\/\/fabijan.si\/de\/wp-json\/wp\/v2\/types\/page"}],"author":[{"embeddable":true,"href":"https:\/\/fabijan.si\/de\/wp-json\/wp\/v2\/users\/1"}],"replies":[{"embeddable":true,"href":"https:\/\/fabijan.si\/de\/wp-json\/wp\/v2\/comments?post=4583804"}],"version-history":[{"count":0,"href":"https:\/\/fabijan.si\/de\/wp-json\/wp\/v2\/pages\/4583804\/revisions"}],"up":[{"embeddable":true,"href":"https:\/\/fabijan.si\/de\/wp-json\/wp\/v2\/pages\/4583600"}],"wp:attachment":[{"href":"https:\/\/fabijan.si\/de\/wp-json\/wp\/v2\/media?parent=4583804"}],"curies":[{"name":"wp","href":"https:\/\/api.w.org\/{rel}","templated":true}]}}