{"id":4583810,"date":"2026-02-03T16:40:43","date_gmt":"2026-02-03T15:40:43","guid":{"rendered":"https:\/\/fabijan.si\/hersteller\/dragone\/mulchgerat-l-100-fix\/"},"modified":"2026-02-03T16:40:43","modified_gmt":"2026-02-03T15:40:43","slug":"mulchgerat-l-100-fix","status":"publish","type":"page","link":"https:\/\/fabijan.si\/de\/hersteller\/dragone\/mulchgerat-l-100-fix\/","title":{"rendered":"mulchgerat-l-100-fix"},"content":{"rendered":"\n<div class=\"container\">\n<div class=\"breadcrumb-container\"><span><br \/>\n<a href=\"https:\/\/fabijan.si\/de\/\">Zuhause<\/a> | <a href=\"https:\/\/fabijan.si\/de\/hersteller\/\">Hersteller<\/a> | <a href=\"https:\/\/fabijan.si\/de\/hersteller\/dragone\/\">DRAGONE<\/a><\/span>\n<\/div>\n<div class=\"row\">\n<div class=\"col-6\">\n<div id=\"carouselExampleControls\" class=\"carousel slide carousel-container\" data-interval=\"false\">\n<div class=\"carousel-inner\">\n<div class=\"carousel-item active\">   <img decoding=\"async\" src=\"https:\/\/fabijan.si\/wp-content\/uploads\/site-content\/mulcar-dragone-l-fiksen.jpg\" class=\"d-block w-100\" alt=\"...\"><\/div>\n<\/p><\/div>\n<p>              <button class=\"carousel-control-prev\" type=\"button\" data-bs-target=\"#carouselExampleControls\" data-bs-slide=\"prev\"><br \/>\n                <span class=\"carousel-control-prev-icon\" aria-hidden=\"true\"><\/span><br \/>\n              <\/button><br \/>\n              <button class=\"carousel-control-next\" type=\"button\" data-bs-target=\"#carouselExampleControls\" data-bs-slide=\"next\"><br \/>\n                <span class=\"carousel-control-next-icon\" aria-hidden=\"true\"><\/span><br \/>\n              <\/button>\n            <\/div>\n<\/p><\/div>\n<div class=\"col-6 slo-name\">\n            Mulchger\u00e4t L 100 fix<\/p>\n<div class=\"brand\">Standardausr\u00fcstung:<br \/>\nSchlitten<br \/>\nUnfallverh\u00fctungsschutz EG<br \/>\nHinterer oder seitlicher Anschluss<br \/>\nEinstellbare r\u00fcckw\u00e4rtige Walze<br \/>\nFreilauf im \u00dcbersetzungsgetriebe<br \/>\nMesser oder Hammer<br \/>\nOhne Gelenkwelle<br \/>\nGebrauch-Speziel gebaut f\u00fcr Gras und Stutzresten<br \/>\nBesonderheit- Leichtes Ger\u00e4t f\u00fcr Kleine Traktoren<\/div>\n<p>\t\t\t<!-- \n\n<div class=\"price-container\">\n                \n\n<p class=\"price\">###PRICE###<\/p>\n\n --><br \/>\n                <!-- <button type=\"button\" class=\"btn btn-config btn-lg\">Pojdi na konfigurator<\/button> -->\n            <\/div>\n<\/p><\/div>\n<div class=\"menu\">\n<div class=\"btn-group d-flex justify-content-center\" id=\"menu-buttons\">\n              <button type=\"button\" onClick = \"showSpecs()\" class=\"btn menu-button menu-title active\">SPEZIFIKATIONEN<\/button><br \/>\n              <button type=\"button\" onClick = \"showDescription()\" class=\"btn menu-button menu-title\">BESCHREIBUNG<\/button><br \/>\n              <button type=\"button\" onClick = \"showMaterial()\" class=\"btn menu-button menu-title\">MATERIAL<\/button>\n            <\/div>\n<div id=\"specs\">\n<ul class=\"list-group\">\n                Standardausr\u00fcstung:<br \/>\nSchlitten<br \/>\nUnfallverh\u00fctungsschutz EG<br \/>\nHinterer oder seitlicher Anschluss<br \/>\nEinstellbare r\u00fcckw\u00e4rtige Walze<br \/>\nFreilauf im \u00dcbersetzungsgetriebe<br \/>\nMesser oder Hammer<br \/>\nOhne Gelenkwelle<br \/>\nGebrauch-Speziel gebaut f\u00fcr Gras und Stutzresten<br \/>\nBesonderheit- Leichtes Ger\u00e4t f\u00fcr Kleine Traktoren\n              <\/ul>\n<\/p><\/div>\n<div id=\"description\"><\/div>\n<div id=\"material\"><\/div>\n<\/p><\/div>\n<\/p><\/div>\n<\/p><\/div>\n","protected":false},"excerpt":{"rendered":"<p>Zuhause | Hersteller | DRAGONE Mulchger\u00e4t L 100 fix Standardausr\u00fcstung: Schlitten Unfallverh\u00fctungsschutz EG Hinterer oder seitlicher Anschluss Einstellbare r\u00fcckw\u00e4rtige Walze Freilauf im \u00dcbersetzungsgetriebe Messer oder Hammer Ohne Gelenkwelle Gebrauch-Speziel gebaut f\u00fcr Gras und Stutzresten Besonderheit- Leichtes Ger\u00e4t f\u00fcr Kleine Traktoren SPEZIFIKATIONEN BESCHREIBUNG MATERIAL Standardausr\u00fcstung: Schlitten Unfallverh\u00fctungsschutz EG Hinterer oder seitlicher Anschluss Einstellbare r\u00fcckw\u00e4rtige Walze Freilauf [&hellip;]<\/p>\n","protected":false},"author":1,"featured_media":0,"parent":4583600,"menu_order":0,"comment_status":"closed","ping_status":"closed","template":"elementor_theme","meta":{"footnotes":""},"class_list":["post-4583810","page","type-page","status-publish","hentry"],"_links":{"self":[{"href":"https:\/\/fabijan.si\/de\/wp-json\/wp\/v2\/pages\/4583810","targetHints":{"allow":["GET"]}}],"collection":[{"href":"https:\/\/fabijan.si\/de\/wp-json\/wp\/v2\/pages"}],"about":[{"href":"https:\/\/fabijan.si\/de\/wp-json\/wp\/v2\/types\/page"}],"author":[{"embeddable":true,"href":"https:\/\/fabijan.si\/de\/wp-json\/wp\/v2\/users\/1"}],"replies":[{"embeddable":true,"href":"https:\/\/fabijan.si\/de\/wp-json\/wp\/v2\/comments?post=4583810"}],"version-history":[{"count":0,"href":"https:\/\/fabijan.si\/de\/wp-json\/wp\/v2\/pages\/4583810\/revisions"}],"up":[{"embeddable":true,"href":"https:\/\/fabijan.si\/de\/wp-json\/wp\/v2\/pages\/4583600"}],"wp:attachment":[{"href":"https:\/\/fabijan.si\/de\/wp-json\/wp\/v2\/media?parent=4583810"}],"curies":[{"name":"wp","href":"https:\/\/api.w.org\/{rel}","templated":true}]}}