{"id":4584140,"date":"2026-02-03T16:42:30","date_gmt":"2026-02-03T15:42:30","guid":{"rendered":"https:\/\/fabijan.si\/hersteller\/enos\/etikettiermaschine-enos-kappa\/"},"modified":"2026-02-03T16:42:30","modified_gmt":"2026-02-03T15:42:30","slug":"etikettiermaschine-enos-kappa","status":"publish","type":"page","link":"https:\/\/fabijan.si\/de\/hersteller\/enos\/etikettiermaschine-enos-kappa\/","title":{"rendered":"etikettiermaschine-enos-kappa"},"content":{"rendered":"\n<div class=\"container\">\n<div class=\"breadcrumb-container\"><span><br \/>\n<a href=\"https:\/\/fabijan.si\/de\/\">Zuhause<\/a> | <a href=\"https:\/\/fabijan.si\/de\/hersteller\/\">Hersteller<\/a> | <a href=\"https:\/\/fabijan.si\/de\/hersteller\/enos\/\">ENOS<\/a><\/span>\n<\/div>\n<div class=\"row\">\n<div class=\"col-6\">\n<div id=\"carouselExampleControls\" class=\"carousel slide carousel-container\" data-interval=\"false\">\n<div class=\"carousel-inner\">\n<div class=\"carousel-item active\">   <img decoding=\"async\" src=\"https:\/\/fabijan.si\/wp-content\/uploads\/site-content\/00052239-2.JPG\" class=\"d-block w-100\" alt=\"...\"><\/div>\n<\/p><\/div>\n<p>              <button class=\"carousel-control-prev\" type=\"button\" data-bs-target=\"#carouselExampleControls\" data-bs-slide=\"prev\"><br \/>\n                <span class=\"carousel-control-prev-icon\" aria-hidden=\"true\"><\/span><br \/>\n              <\/button><br \/>\n              <button class=\"carousel-control-next\" type=\"button\" data-bs-target=\"#carouselExampleControls\" data-bs-slide=\"next\"><br \/>\n                <span class=\"carousel-control-next-icon\" aria-hidden=\"true\"><\/span><br \/>\n              <\/button>\n            <\/div>\n<\/p><\/div>\n<div class=\"col-6 slo-name\">\n            Etikettiermaschine ENOS KAPPA<\/p>\n<div class=\"brand\">Technische Daten:<\/p>\n<p>* Leistung: max. 2.500 Fl.\/Std.<br \/>\n* Anschlussleistung: 400 V &#8211; 50 Hz &#8211; 2,5 kW<br \/>\n* Ma\u00dfe: ca. 2300 x 1200 x 1800 mm (lxbxh)<br \/>\n* Gewicht: 300 kg<\/p><\/div>\n<p>\t\t\t<!-- \n\n<div class=\"price-container\">\n                \n\n<p class=\"price\">###PRICE###<\/p>\n\n --><br \/>\n                <!-- <button type=\"button\" class=\"btn btn-config btn-lg\">Pojdi na konfigurator<\/button> -->\n            <\/div>\n<\/p><\/div>\n<div class=\"menu\">\n<div class=\"btn-group d-flex justify-content-center\" id=\"menu-buttons\">\n              <button type=\"button\" onClick = \"showSpecs()\" class=\"btn menu-button menu-title active\">SPEZIFIKATIONEN<\/button><br \/>\n              <button type=\"button\" onClick = \"showDescription()\" class=\"btn menu-button menu-title\">BESCHREIBUNG<\/button><br \/>\n              <button type=\"button\" onClick = \"showMaterial()\" class=\"btn menu-button menu-title\">MATERIAL<\/button>\n            <\/div>\n<div id=\"specs\">\n<ul class=\"list-group\">\n                Technische Daten:<\/p>\n<p>* Leistung: max. 2.500 Fl.\/Std.<br \/>\n* Anschlussleistung: 400 V &#8211; 50 Hz &#8211; 2,5 kW<br \/>\n* Ma\u00dfe: ca. 2300 x 1200 x 1800 mm (lxbxh)<br \/>\n* Gewicht: 300 kg\n              <\/ul>\n<\/p><\/div>\n<div id=\"description\">\n              -Antrieb der Etikettierstation und des Transportbands \u00fcber je einen Motor<br \/>\n-Abdeckung des Grundrahmens, Seitenver-kleidungen und Bandkasten aus V2A-Edelstahl<br \/>\n-Maschine auf Kalottenf\u00fc\u00dfen, Bandh\u00f6he von 900 &#8211; 1000 mm verstellbar<br \/>\n-CE-gerechtes Schaltpult am Grundrahmen<br \/>\n-Plexiglas-Schutzverkleidung<\/p>\n<p>Flaschenf\u00fchrung<br \/>\n-Bandkasten 100 x 135, mit Transportkette<br \/>\n-F\u00fchrungsschnecke am Einlauf<br \/>\n-Transport der Flaschen von links nach rechts<br \/>\n-Flaschensammeltisch 600 mm lang<\/p>\n<p>Etikettiereinrichtung<br \/>\n-Ausl\u00f6sen des Etikettiervorgangs \u00fcber<br \/>\n Mikroschalter<br \/>\n-Steuerung des Etikettenvorschubs \u00fcber<\/p>\n<p> Fotozelle<br \/>\n-Anstreifen der Etiketten durch 3 Gummiwalzen<br \/>\n-Antrieb der Etikettierstation durch Schrittmotor<br \/>\n-Grundausstattung f\u00fcr 1 Bauchetikett auf einer<br \/>\n Gr\u00f6\u00dfe zylindrischer Flaschen<br \/>\n-Z\u00e4hlwerk zur Einstellung der Etikettenh\u00f6he ist<br \/>\n im Grundpreis enthalten<br \/>\n-Ausstattung mit max. 3 Etikettierstationen<br \/>\n m\u00f6glich<\/p>\n<p>Etikettenma\u00dfe<br \/>\n-Rollendurchmesser au\u00dfen: max. 250 mm<br \/>\n-Kerndurchmesser innen: 70 &#8211; 80 mm<br \/>\n-H\u00f6he der Etikettenrolle: bis 165 mm<\/p>\n<p>Etiketten nach au\u00dfen gewickelt,<br \/>\nWortanfang voraus.<br \/>\nFlaschenma\u00dfe<br \/>\n-Flaschendurchmesser: 60 bis 115 mm (+\/- 2)<br \/>\n-Flaschenh\u00f6he:       180 bis 370 mm (+\/- 5)<br \/>\nWeitere Flaschengr\u00f6\u00dfen auf Anfrage!\n            <\/p><\/div>\n<div id=\"material\"><\/div>\n<\/p><\/div>\n<\/p><\/div>\n<\/p><\/div>\n","protected":false},"excerpt":{"rendered":"<p>Zuhause | Hersteller | ENOS Etikettiermaschine ENOS KAPPA Technische Daten: * Leistung: max. 2.500 Fl.\/Std. * Anschlussleistung: 400 V &#8211; 50 Hz &#8211; 2,5 kW * Ma\u00dfe: ca. 2300 x 1200 x 1800 mm (lxbxh) * Gewicht: 300 kg SPEZIFIKATIONEN BESCHREIBUNG MATERIAL Technische Daten: * Leistung: max. 2.500 Fl.\/Std. * Anschlussleistung: 400 V &#8211; 50 [&hellip;]<\/p>\n","protected":false},"author":1,"featured_media":0,"parent":4584089,"menu_order":0,"comment_status":"closed","ping_status":"closed","template":"elementor_theme","meta":{"footnotes":""},"class_list":["post-4584140","page","type-page","status-publish","hentry"],"_links":{"self":[{"href":"https:\/\/fabijan.si\/de\/wp-json\/wp\/v2\/pages\/4584140","targetHints":{"allow":["GET"]}}],"collection":[{"href":"https:\/\/fabijan.si\/de\/wp-json\/wp\/v2\/pages"}],"about":[{"href":"https:\/\/fabijan.si\/de\/wp-json\/wp\/v2\/types\/page"}],"author":[{"embeddable":true,"href":"https:\/\/fabijan.si\/de\/wp-json\/wp\/v2\/users\/1"}],"replies":[{"embeddable":true,"href":"https:\/\/fabijan.si\/de\/wp-json\/wp\/v2\/comments?post=4584140"}],"version-history":[{"count":0,"href":"https:\/\/fabijan.si\/de\/wp-json\/wp\/v2\/pages\/4584140\/revisions"}],"up":[{"embeddable":true,"href":"https:\/\/fabijan.si\/de\/wp-json\/wp\/v2\/pages\/4584089"}],"wp:attachment":[{"href":"https:\/\/fabijan.si\/de\/wp-json\/wp\/v2\/media?parent=4584140"}],"curies":[{"name":"wp","href":"https:\/\/api.w.org\/{rel}","templated":true}]}}