{"id":4584167,"date":"2026-02-03T16:42:38","date_gmt":"2026-02-03T15:42:38","guid":{"rendered":"https:\/\/fabijan.si\/hersteller\/enos\/etikettiermaschine-enos-gamma\/"},"modified":"2026-02-03T16:42:38","modified_gmt":"2026-02-03T15:42:38","slug":"etikettiermaschine-enos-gamma","status":"publish","type":"page","link":"https:\/\/fabijan.si\/de\/hersteller\/enos\/etikettiermaschine-enos-gamma\/","title":{"rendered":"etikettiermaschine-enos-gamma"},"content":{"rendered":"\n<div class=\"container\">\n<div class=\"breadcrumb-container\"><span><br \/>\n<a href=\"https:\/\/fabijan.si\/de\/\">Zuhause<\/a> | <a href=\"https:\/\/fabijan.si\/de\/hersteller\/\">Hersteller<\/a> | <a href=\"https:\/\/fabijan.si\/de\/hersteller\/enos\/\">ENOS<\/a><\/span>\n<\/div>\n<div class=\"row\">\n<div class=\"col-6\">\n<div id=\"carouselExampleControls\" class=\"carousel slide carousel-container\" data-interval=\"false\">\n<div class=\"carousel-inner\">\n<div class=\"carousel-item active\">   <img decoding=\"async\" src=\"https:\/\/fabijan.si\/wp-content\/uploads\/site-content\/etiketirni-stroj-enos-gama.jpg\" class=\"d-block w-100\" alt=\"...\"><\/div>\n<\/p><\/div>\n<p>              <button class=\"carousel-control-prev\" type=\"button\" data-bs-target=\"#carouselExampleControls\" data-bs-slide=\"prev\"><br \/>\n                <span class=\"carousel-control-prev-icon\" aria-hidden=\"true\"><\/span><br \/>\n              <\/button><br \/>\n              <button class=\"carousel-control-next\" type=\"button\" data-bs-target=\"#carouselExampleControls\" data-bs-slide=\"next\"><br \/>\n                <span class=\"carousel-control-next-icon\" aria-hidden=\"true\"><\/span><br \/>\n              <\/button>\n            <\/div>\n<\/p><\/div>\n<div class=\"col-6 slo-name\">\n            ETIKETTIERMASCHINE ENOS GAMMA<\/p>\n<div class=\"brand\">Leistung: 600-2800 Flaschen pro Stunde<br \/>\n Etikette und hintere Etikette auf runder Flasche<br \/>\n 4 K\u00f6pfe f\u00fcr Kapsel aus Aluminium<br \/>\n Schrittmotoren<br \/>\n Frequenzregulator<br \/>\n Station f\u00fcr Bauchetikette<br \/>\n Eingangsschnecke<\/div>\n<p>\t\t\t<!-- \n\n<div class=\"price-container\">\n                \n\n<p class=\"price\">###PRICE###<\/p>\n\n --><br \/>\n                <!-- <button type=\"button\" class=\"btn btn-config btn-lg\">Pojdi na konfigurator<\/button> -->\n            <\/div>\n<\/p><\/div>\n<div class=\"menu\">\n<div class=\"btn-group d-flex justify-content-center\" id=\"menu-buttons\">\n              <button type=\"button\" onClick = \"showSpecs()\" class=\"btn menu-button menu-title active\">SPEZIFIKATIONEN<\/button><br \/>\n              <button type=\"button\" onClick = \"showDescription()\" class=\"btn menu-button menu-title\">BESCHREIBUNG<\/button><br \/>\n              <button type=\"button\" onClick = \"showMaterial()\" class=\"btn menu-button menu-title\">MATERIAL<\/button>\n            <\/div>\n<div id=\"specs\">\n<ul class=\"list-group\">\n                Leistung: 600-2800 Flaschen pro Stunde<br \/>\n Etikette und hintere Etikette auf runder Flasche<br \/>\n 4 K\u00f6pfe f\u00fcr Kapsel aus Aluminium<br \/>\n Schrittmotoren<br \/>\n Frequenzregulator<br \/>\n Station f\u00fcr Bauchetikette<br \/>\n Eingangsschnecke\n              <\/ul>\n<\/p><\/div>\n<div id=\"description\"><\/div>\n<div id=\"material\">\n<div class=\"one-item\"><button onclick=\"window.open('https:\/\/fabijan.si\/wp-content\/uploads\/site-content\/enos-gamma-2017.pdf')\" type=\"button\">Katalog herunterladen<\/button><\/div>\n<\/p><\/div>\n<\/p><\/div>\n<\/p><\/div>\n<\/p><\/div>\n","protected":false},"excerpt":{"rendered":"<p>Zuhause | Hersteller | ENOS ETIKETTIERMASCHINE ENOS GAMMA Leistung: 600-2800 Flaschen pro Stunde Etikette und hintere Etikette auf runder Flasche 4 K\u00f6pfe f\u00fcr Kapsel aus Aluminium Schrittmotoren Frequenzregulator Station f\u00fcr Bauchetikette Eingangsschnecke SPEZIFIKATIONEN BESCHREIBUNG MATERIAL Leistung: 600-2800 Flaschen pro Stunde Etikette und hintere Etikette auf runder Flasche 4 K\u00f6pfe f\u00fcr Kapsel aus Aluminium Schrittmotoren Frequenzregulator [&hellip;]<\/p>\n","protected":false},"author":1,"featured_media":0,"parent":4584089,"menu_order":0,"comment_status":"closed","ping_status":"closed","template":"elementor_theme","meta":{"footnotes":""},"class_list":["post-4584167","page","type-page","status-publish","hentry"],"_links":{"self":[{"href":"https:\/\/fabijan.si\/de\/wp-json\/wp\/v2\/pages\/4584167","targetHints":{"allow":["GET"]}}],"collection":[{"href":"https:\/\/fabijan.si\/de\/wp-json\/wp\/v2\/pages"}],"about":[{"href":"https:\/\/fabijan.si\/de\/wp-json\/wp\/v2\/types\/page"}],"author":[{"embeddable":true,"href":"https:\/\/fabijan.si\/de\/wp-json\/wp\/v2\/users\/1"}],"replies":[{"embeddable":true,"href":"https:\/\/fabijan.si\/de\/wp-json\/wp\/v2\/comments?post=4584167"}],"version-history":[{"count":0,"href":"https:\/\/fabijan.si\/de\/wp-json\/wp\/v2\/pages\/4584167\/revisions"}],"up":[{"embeddable":true,"href":"https:\/\/fabijan.si\/de\/wp-json\/wp\/v2\/pages\/4584089"}],"wp:attachment":[{"href":"https:\/\/fabijan.si\/de\/wp-json\/wp\/v2\/media?parent=4584167"}],"curies":[{"name":"wp","href":"https:\/\/api.w.org\/{rel}","templated":true}]}}