{"id":4584173,"date":"2026-02-03T16:42:41","date_gmt":"2026-02-03T15:42:41","guid":{"rendered":"https:\/\/fabijan.si\/hersteller\/enos\/etikettier-kapselmaschine-enos-beta\/"},"modified":"2026-02-03T16:42:41","modified_gmt":"2026-02-03T15:42:41","slug":"etikettier-kapselmaschine-enos-beta","status":"publish","type":"page","link":"https:\/\/fabijan.si\/de\/hersteller\/enos\/etikettier-kapselmaschine-enos-beta\/","title":{"rendered":"etikettier-kapselmaschine-enos-beta"},"content":{"rendered":"\n<div class=\"container\">\n<div class=\"breadcrumb-container\"><span><br \/>\n<a href=\"https:\/\/fabijan.si\/de\/\">Zuhause<\/a> | <a href=\"https:\/\/fabijan.si\/de\/hersteller\/\">Hersteller<\/a> | <a href=\"https:\/\/fabijan.si\/de\/hersteller\/enos\/\">ENOS<\/a><\/span>\n<\/div>\n<div class=\"row\">\n<div class=\"col-6\">\n<div id=\"carouselExampleControls\" class=\"carousel slide carousel-container\" data-interval=\"false\">\n<div class=\"carousel-inner\">\n<div class=\"carousel-item active\">   <img decoding=\"async\" src=\"https:\/\/fabijan.si\/wp-content\/uploads\/site-content\/etiketirni-stroj-enos-beta.jpg\" class=\"d-block w-100\" alt=\"...\"><\/div>\n<\/p><\/div>\n<p>              <button class=\"carousel-control-prev\" type=\"button\" data-bs-target=\"#carouselExampleControls\" data-bs-slide=\"prev\"><br \/>\n                <span class=\"carousel-control-prev-icon\" aria-hidden=\"true\"><\/span><br \/>\n              <\/button><br \/>\n              <button class=\"carousel-control-next\" type=\"button\" data-bs-target=\"#carouselExampleControls\" data-bs-slide=\"next\"><br \/>\n                <span class=\"carousel-control-next-icon\" aria-hidden=\"true\"><\/span><br \/>\n              <\/button>\n            <\/div>\n<\/p><\/div>\n<div class=\"col-6 slo-name\">\n            ETIKETTIER-\/KAPSELMASCHINE ENOS BETA<\/p>\n<div class=\"brand\">Dimensionen: 3600 x 1300  1800H<br \/>\nNettogewicht: 500 kg<br \/>\nArbeitstisch: 1000mm (\u00b1 50mm)<br \/>\nOutput: 2500 Etikette und R\u00fcckenetikette<br \/>\nPower: 2 kW<\/div>\n<p>\t\t\t<!-- \n\n<div class=\"price-container\">\n                \n\n<p class=\"price\">###PRICE###<\/p>\n\n --><br \/>\n                <!-- <button type=\"button\" class=\"btn btn-config btn-lg\">Pojdi na konfigurator<\/button> -->\n            <\/div>\n<\/p><\/div>\n<div class=\"menu\">\n<div class=\"btn-group d-flex justify-content-center\" id=\"menu-buttons\">\n              <button type=\"button\" onClick = \"showSpecs()\" class=\"btn menu-button menu-title active\">SPEZIFIKATIONEN<\/button><br \/>\n              <button type=\"button\" onClick = \"showDescription()\" class=\"btn menu-button menu-title\">BESCHREIBUNG<\/button><br \/>\n              <button type=\"button\" onClick = \"showMaterial()\" class=\"btn menu-button menu-title\">MATERIAL<\/button>\n            <\/div>\n<div id=\"specs\">\n<ul class=\"list-group\">\n                Dimensionen: 3600 x 1300  1800H<br \/>\nNettogewicht: 500 kg<br \/>\nArbeitstisch: 1000mm (\u00b1 50mm)<br \/>\nOutput: 2500 Etikette und R\u00fcckenetikette<br \/>\nPower: 2 kW\n              <\/ul>\n<\/p><\/div>\n<div id=\"description\">\n              Dimensionen:3600 x 1300  1800H<br \/>\nNettogewicht: 500 kg<br \/>\nArbeitstisch: 1000mm (\u00b1 50mm)<br \/>\nOutput: 2500 Etikette und R\u00fcckenetikette<br \/>\nPower: 2 kW<\/p>\n<p>Produktion 2500 F\/S durch aktivieren des zweifachen Rollkopfes, 2500 F\/S durch aktiviren des Thermokopfes mit elektronischem drehzahlwandler mit Inverter.<br \/>\nEnos Beta ist mit folgender ausstattung vorgesehen:<br \/>\n&#8211; Maximal 4 Etikettierk\u00f6pfe mit Pr\u00e4zisionsschrittmotor<br \/>\n&#8211; Plateu-Kapselverteiler mit optimaler Autonomie<br \/>\n&#8211; Gl\u00e4ttungsanlage f\u00fcr Kapseln mit doppeltem Rollkopf f\u00fcr Zinn und Polylaminat-Kapseln<br \/>\n&#8211; Verschlussanlage mit Termokopf f\u00fcr PVC-Kapseln mit Inverter, der nach Wahl den Termokopf oder Anroller aktiviert, ohne die K\u00f6pfe auswechsekn zu m\u00fcssen<br \/>\n&#8211; Automatisches Positionierungssystem f\u00fcr Zentrierkerbe an Flaschen mit personalisierten Marken<br \/>\n&#8211; Atomatisches Positionierungssystem f\u00fcr Etikette bei Markenkapseln oder schon existierenden Etiketten<\/p>\n<p>Auf anfrage kann die Maschine mit einem Betriebsprogrammierer, touch Screen und Servopositionierern ausgestattet werden.\n            <\/p><\/div>\n<div id=\"material\">\n<div class=\"one-item\"><button onclick=\"window.open('https:\/\/fabijan.si\/wp-content\/uploads\/site-content\/enos-beta-2017-pdf.pdf')\" type=\"button\">Katalog herunterladen<\/button><\/div>\n<\/p><\/div>\n<\/p><\/div>\n<\/p><\/div>\n<\/p><\/div>\n","protected":false},"excerpt":{"rendered":"<p>Zuhause | Hersteller | ENOS ETIKETTIER-\/KAPSELMASCHINE ENOS BETA Dimensionen: 3600 x 1300 1800H Nettogewicht: 500 kg Arbeitstisch: 1000mm (\u00b1 50mm) Output: 2500 Etikette und R\u00fcckenetikette Power: 2 kW SPEZIFIKATIONEN BESCHREIBUNG MATERIAL Dimensionen: 3600 x 1300 1800H Nettogewicht: 500 kg Arbeitstisch: 1000mm (\u00b1 50mm) Output: 2500 Etikette und R\u00fcckenetikette Power: 2 kW Dimensionen:3600 x 1300 1800H [&hellip;]<\/p>\n","protected":false},"author":1,"featured_media":0,"parent":4584089,"menu_order":0,"comment_status":"closed","ping_status":"closed","template":"elementor_theme","meta":{"footnotes":""},"class_list":["post-4584173","page","type-page","status-publish","hentry"],"_links":{"self":[{"href":"https:\/\/fabijan.si\/de\/wp-json\/wp\/v2\/pages\/4584173","targetHints":{"allow":["GET"]}}],"collection":[{"href":"https:\/\/fabijan.si\/de\/wp-json\/wp\/v2\/pages"}],"about":[{"href":"https:\/\/fabijan.si\/de\/wp-json\/wp\/v2\/types\/page"}],"author":[{"embeddable":true,"href":"https:\/\/fabijan.si\/de\/wp-json\/wp\/v2\/users\/1"}],"replies":[{"embeddable":true,"href":"https:\/\/fabijan.si\/de\/wp-json\/wp\/v2\/comments?post=4584173"}],"version-history":[{"count":0,"href":"https:\/\/fabijan.si\/de\/wp-json\/wp\/v2\/pages\/4584173\/revisions"}],"up":[{"embeddable":true,"href":"https:\/\/fabijan.si\/de\/wp-json\/wp\/v2\/pages\/4584089"}],"wp:attachment":[{"href":"https:\/\/fabijan.si\/de\/wp-json\/wp\/v2\/media?parent=4584173"}],"curies":[{"name":"wp","href":"https:\/\/api.w.org\/{rel}","templated":true}]}}