{"id":4584254,"date":"2026-02-03T16:43:20","date_gmt":"2026-02-03T15:43:20","guid":{"rendered":"https:\/\/fabijan.si\/hersteller\/costral\/fller-verschliesser-comet-3200-ng\/"},"modified":"2026-02-03T16:43:20","modified_gmt":"2026-02-03T15:43:20","slug":"fller-verschliesser-comet-3200-ng","status":"publish","type":"page","link":"https:\/\/fabijan.si\/de\/hersteller\/costral\/fller-verschliesser-comet-3200-ng\/","title":{"rendered":"f&Uuml;ller-verschliesser-comet-3200-ng-"},"content":{"rendered":"\n<div class=\"container\">\n<div class=\"breadcrumb-container\"><span><br \/>\n<a href=\"https:\/\/fabijan.si\/de\/\">Zuhause<\/a> | <a href=\"https:\/\/fabijan.si\/de\/hersteller\/\">Hersteller<\/a> | <a href=\"https:\/\/fabijan.si\/de\/hersteller\/costral\/\">COSTRAL<\/a><\/span>\n<\/div>\n<div class=\"row\">\n<div class=\"col-6\">\n<div id=\"carouselExampleControls\" class=\"carousel slide carousel-container\" data-interval=\"false\">\n<div class=\"carousel-inner\">\n<div class=\"carousel-item active\">   <img decoding=\"async\" src=\"https:\/\/fabijan.si\/wp-content\/uploads\/site-content\/costral-comet.jpg\" class=\"d-block w-100\" alt=\"...\"><\/div>\n<\/p><\/div>\n<p>              <button class=\"carousel-control-prev\" type=\"button\" data-bs-target=\"#carouselExampleControls\" data-bs-slide=\"prev\"><br \/>\n                <span class=\"carousel-control-prev-icon\" aria-hidden=\"true\"><\/span><br \/>\n              <\/button><br \/>\n              <button class=\"carousel-control-next\" type=\"button\" data-bs-target=\"#carouselExampleControls\" data-bs-slide=\"next\"><br \/>\n                <span class=\"carousel-control-next-icon\" aria-hidden=\"true\"><\/span><br \/>\n              <\/button>\n            <\/div>\n<\/p><\/div>\n<div class=\"col-6 slo-name\">\n            F\u00dcLLER VERSCHLIESSER \u00ab COMET 3200 NG \u00bb<\/p>\n<div class=\"brand\">* LEISTUNG : bis 3.200 Fl\/St (0,75 liter)<\/div>\n<p>\t\t\t<!-- \n\n<div class=\"price-container\">\n                \n\n<p class=\"price\">###PRICE###<\/p>\n\n --><br \/>\n                <!-- <button type=\"button\" class=\"btn btn-config btn-lg\">Pojdi na konfigurator<\/button> -->\n            <\/div>\n<\/p><\/div>\n<div class=\"menu\">\n<div class=\"btn-group d-flex justify-content-center\" id=\"menu-buttons\">\n              <button type=\"button\" onClick = \"showSpecs()\" class=\"btn menu-button menu-title active\">SPEZIFIKATIONEN<\/button><br \/>\n              <button type=\"button\" onClick = \"showDescription()\" class=\"btn menu-button menu-title\">BESCHREIBUNG<\/button><br \/>\n              <button type=\"button\" onClick = \"showMaterial()\" class=\"btn menu-button menu-title\">MATERIAL<\/button>\n            <\/div>\n<div id=\"specs\">\n<ul class=\"list-group\">\n                * LEISTUNG : bis 3.200 Fl\/St (0,75 liter)\n              <\/ul>\n<\/p><\/div>\n<div id=\"description\">\n              * Flaschenselektion \u00fcber Einlaufschnecke.<br \/>\n* Falldruckf\u00fcller mit oder ohne leichtem Vakuum mit 16 F\u00fcllrohre<br \/>\n&#8211; gesamte Ausf\u00fchrung aus Edelstahl V4A.<br \/>\n* F\u00fcllniveau automatisch einstellbar auf dem F\u00fcller.<br \/>\n* Weineingang von oben mit Elektroventil (pneumatisch gesteuert).<br \/>\n* Waschrampe im F\u00fcllkessel und Aufangswanne f\u00fcr Waschfl\u00fcssigkeit.<br \/>\n* F\u00fcllkesselniveau steuerung mit Anzeiger und Lehrlaufschutz.<br \/>\n* Thermometer im F\u00fcllgut.<br \/>\n* Drehbare Korksa\u00fcle f\u00fcr Montage bis drei Verschliess M\u00f6glichkeiten.<br \/>\n* Naturkorken : vier Edelstahl Backen Schloss leicht abmontierbar ohne Werkzeug<br \/>\n(Schublade).<br \/>\n* Elektronische programmierbare Steuerung der Verkorkzyklusse f\u00fcr ein<br \/>\nlangsammes Komprimieren und ein schnelles Einstossen des Korkens.<br \/>\n* Vakuum Einrichtung in der Flaschenm\u00fcndung w\u00e4hrend des Verkorkens.<br \/>\n* Grossen Korktrichter (1500 St\u00fcck) mit Entstaubungsblech auf der Sa\u00fcle.<br \/>\n* Geschwindichkeit durch Elecktrovariator einstellbar.<br \/>\n* Elektriche Einstellung der :<br \/>\n&#8211; Flaschenh\u00f6he am F\u00fcller (180 &#8211; 380 mm)<br \/>\n&#8211; Flaschenh\u00f6he am Korker (180 &#8211; 380 mm)<br \/>\n&#8211; des F\u00fcllniveaus (10 &#8211; 80 mm)<br \/>\n* Schalttafel mit Digitalanzeiger<br \/>\n&#8211; der F\u00fcllgutemperatur,<br \/>\n&#8211; des F\u00fcllkesselniveaus,<br \/>\n&#8211; der Stundenleistung<br \/>\n&#8211; des Flaschenzahl,<br \/>\n&#8211; der St\u00f6rungen.<br \/>\n* Ausr\u00fcstung f\u00fcr eine zylindrische Flaschengr\u00f6sse.<br \/>\n* Mit Plexiglas Schutzvorrichtung \u2013 CE \u2013 Norm.<br \/>\n* Mit 0,65 Meter Ein- &#038; Auslaufb\u00e4nder, synchronisierte Zugeinrichtung und<br \/>\nSammeltisch 500x650mm am Ausgang.<br \/>\nLEISTUNG : bis 3.200 Fl\/St (0,75 liter)\n            <\/div>\n<div id=\"material\"><\/div>\n<\/p><\/div>\n<\/p><\/div>\n<\/p><\/div>\n","protected":false},"excerpt":{"rendered":"<p>Zuhause | Hersteller | COSTRAL F\u00dcLLER VERSCHLIESSER \u00ab COMET 3200 NG \u00bb * LEISTUNG : bis 3.200 Fl\/St (0,75 liter) SPEZIFIKATIONEN BESCHREIBUNG MATERIAL * LEISTUNG : bis 3.200 Fl\/St (0,75 liter) * Flaschenselektion \u00fcber Einlaufschnecke. * Falldruckf\u00fcller mit oder ohne leichtem Vakuum mit 16 F\u00fcllrohre &#8211; gesamte Ausf\u00fchrung aus Edelstahl V4A. * F\u00fcllniveau automatisch einstellbar [&hellip;]<\/p>\n","protected":false},"author":1,"featured_media":0,"parent":4584233,"menu_order":0,"comment_status":"closed","ping_status":"closed","template":"elementor_theme","meta":{"footnotes":""},"class_list":["post-4584254","page","type-page","status-publish","hentry"],"_links":{"self":[{"href":"https:\/\/fabijan.si\/de\/wp-json\/wp\/v2\/pages\/4584254","targetHints":{"allow":["GET"]}}],"collection":[{"href":"https:\/\/fabijan.si\/de\/wp-json\/wp\/v2\/pages"}],"about":[{"href":"https:\/\/fabijan.si\/de\/wp-json\/wp\/v2\/types\/page"}],"author":[{"embeddable":true,"href":"https:\/\/fabijan.si\/de\/wp-json\/wp\/v2\/users\/1"}],"replies":[{"embeddable":true,"href":"https:\/\/fabijan.si\/de\/wp-json\/wp\/v2\/comments?post=4584254"}],"version-history":[{"count":0,"href":"https:\/\/fabijan.si\/de\/wp-json\/wp\/v2\/pages\/4584254\/revisions"}],"up":[{"embeddable":true,"href":"https:\/\/fabijan.si\/de\/wp-json\/wp\/v2\/pages\/4584233"}],"wp:attachment":[{"href":"https:\/\/fabijan.si\/de\/wp-json\/wp\/v2\/media?parent=4584254"}],"curies":[{"name":"wp","href":"https:\/\/api.w.org\/{rel}","templated":true}]}}