{"id":4584371,"date":"2026-02-03T16:44:19","date_gmt":"2026-02-03T15:44:19","guid":{"rendered":"https:\/\/fabijan.si\/hersteller\/laffort\/viniclar-p-1kg-pvpp\/"},"modified":"2026-02-03T16:44:19","modified_gmt":"2026-02-03T15:44:19","slug":"viniclar-p-1kg-pvpp","status":"publish","type":"page","link":"https:\/\/fabijan.si\/de\/hersteller\/laffort\/viniclar-p-1kg-pvpp\/","title":{"rendered":"viniclar-p-1kg-pvpp"},"content":{"rendered":"\n<div class=\"container\">\n<div class=\"breadcrumb-container\"><span><br \/>\n<a href=\"https:\/\/fabijan.si\/de\/\">Zuhause<\/a> | <a href=\"https:\/\/fabijan.si\/de\/hersteller\/\">Hersteller<\/a> | <a href=\"https:\/\/fabijan.si\/de\/hersteller\/laffort\/\">LAFFORT<\/a><\/span>\n<\/div>\n<div class=\"row\">\n<div class=\"col-6\">\n<div id=\"carouselExampleControls\" class=\"carousel slide carousel-container\" data-interval=\"false\">\n<div class=\"carousel-inner\">\n<div class=\"carousel-item active\">   <img decoding=\"async\" src=\"https:\/\/fabijan.si\/wp-content\/uploads\/site-content\/00013372.jpeg\" class=\"d-block w-100\" alt=\"...\"><\/div>\n<\/p><\/div>\n<p>              <button class=\"carousel-control-prev\" type=\"button\" data-bs-target=\"#carouselExampleControls\" data-bs-slide=\"prev\"><br \/>\n                <span class=\"carousel-control-prev-icon\" aria-hidden=\"true\"><\/span><br \/>\n              <\/button><br \/>\n              <button class=\"carousel-control-next\" type=\"button\" data-bs-target=\"#carouselExampleControls\" data-bs-slide=\"next\"><br \/>\n                <span class=\"carousel-control-next-icon\" aria-hidden=\"true\"><\/span><br \/>\n              <\/button>\n            <\/div>\n<\/p><\/div>\n<div class=\"col-6 slo-name\">\n            VINICLAR P 1kg (PVPP)<\/p>\n<div class=\"brand\"><\/div>\n<p>\t\t\t<!-- \n\n<div class=\"price-container\">\n                \n\n<p class=\"price\">###PRICE###<\/p>\n\n --><br \/>\n                <!-- <button type=\"button\" class=\"btn btn-config btn-lg\">Pojdi na konfigurator<\/button> -->\n            <\/div>\n<\/p><\/div>\n<div class=\"menu\">\n<div class=\"btn-group d-flex justify-content-center\" id=\"menu-buttons\">\n              <button type=\"button\" onClick = \"showSpecs()\" class=\"btn menu-button menu-title active\">SPEZIFIKATIONEN<\/button><br \/>\n              <button type=\"button\" onClick = \"showDescription()\" class=\"btn menu-button menu-title\">BESCHREIBUNG<\/button><br \/>\n              <button type=\"button\" onClick = \"showMaterial()\" class=\"btn menu-button menu-title\">MATERIAL<\/button>\n            <\/div>\n<div id=\"specs\">\n<ul class=\"list-group\">\n<\/ul><\/div>\n<div id=\"description\">\n              * Beli sok in vino<br \/>\n* Pripravek PVPP za preventivno in kurativno obdelavo oksidacije sokov in vin<br \/>\n      o Zni\u017euje in prepre\u010duje tveganje za maderizacijo ter ro\u017enato obarvanost belih vin.<br \/>\n      o Preferencialno odstranjuje polifenole, ki so odgovorni za grenkost.<br \/>\n      o Viniclar P je \u010disti PVPP, medtem ko Viniclar vsebuje nekoliko betonita za bolj\u0161e bistrenje in la\u017eje filtriranje <\/p>\n<p>*  Odmerjanje: 15 do 30 g\/hL(150 do 300 ppm) za preventivno obdelavo<br \/>\n*  30 do 80 g\/hL (300 do 800 ppm) za kurativno obdelavo oksidiranega soka in vin.\n            <\/p><\/div>\n<div id=\"material\"><\/div>\n<\/p><\/div>\n<\/p><\/div>\n<\/p><\/div>\n","protected":false},"excerpt":{"rendered":"<p>Zuhause | Hersteller | LAFFORT VINICLAR P 1kg (PVPP) SPEZIFIKATIONEN BESCHREIBUNG MATERIAL * Beli sok in vino * Pripravek PVPP za preventivno in kurativno obdelavo oksidacije sokov in vin o Zni\u017euje in prepre\u010duje tveganje za maderizacijo ter ro\u017enato obarvanost belih vin. o Preferencialno odstranjuje polifenole, ki so odgovorni za grenkost. o Viniclar P je \u010disti [&hellip;]<\/p>\n","protected":false},"author":1,"featured_media":0,"parent":4584281,"menu_order":0,"comment_status":"closed","ping_status":"closed","template":"elementor_theme","meta":{"footnotes":""},"class_list":["post-4584371","page","type-page","status-publish","hentry"],"_links":{"self":[{"href":"https:\/\/fabijan.si\/de\/wp-json\/wp\/v2\/pages\/4584371","targetHints":{"allow":["GET"]}}],"collection":[{"href":"https:\/\/fabijan.si\/de\/wp-json\/wp\/v2\/pages"}],"about":[{"href":"https:\/\/fabijan.si\/de\/wp-json\/wp\/v2\/types\/page"}],"author":[{"embeddable":true,"href":"https:\/\/fabijan.si\/de\/wp-json\/wp\/v2\/users\/1"}],"replies":[{"embeddable":true,"href":"https:\/\/fabijan.si\/de\/wp-json\/wp\/v2\/comments?post=4584371"}],"version-history":[{"count":0,"href":"https:\/\/fabijan.si\/de\/wp-json\/wp\/v2\/pages\/4584371\/revisions"}],"up":[{"embeddable":true,"href":"https:\/\/fabijan.si\/de\/wp-json\/wp\/v2\/pages\/4584281"}],"wp:attachment":[{"href":"https:\/\/fabijan.si\/de\/wp-json\/wp\/v2\/media?parent=4584371"}],"curies":[{"name":"wp","href":"https:\/\/api.w.org\/{rel}","templated":true}]}}